{"id":9960,"date":"2021-05-05T19:56:27","date_gmt":"2021-05-05T19:56:27","guid":{"rendered":"https:\/\/france-gastronomie.shop\/?post_type=product&#038;p=9960"},"modified":"2024-10-31T10:18:37","modified_gmt":"2024-10-31T10:18:37","slug":"chateau-baret-2","status":"publish","type":"product","link":"https:\/\/france-gastronomie.shop\/fr\/produit\/chateau-baret-2\/","title":{"rendered":"Ch\u00e2teau Baret <br\/> AOC Pessac-L\u00e9ognan"},"content":{"rendered":"<h5>Ch\u00e2teau Baret<\/h5>\n<h5>AOC Pessac-L\u00e9ognan<\/h5>\n<p>Origine &#8211; terroir<br \/>\nSitu\u00e9 \u00e0 Villenave d&rsquo;Ornon pr\u00e8s de Bordeaux, Ch\u00e2teau Baret est compl\u00e8tement entour\u00e9 par son vignoble. Couvrant une vingtaine d&rsquo;hectares, dont 4 sont d\u00e9di\u00e9s \u00e0 la production de vin blanc, les vignes sont \u00e2g\u00e9es en moyenne de 25 ans.<\/p>\n<p>Vinification<br \/>\nAfin de pr\u00e9server le fruit et I&rsquo;acidit\u00e9 des raisins, les grappes sont r\u00e9colt\u00e9es a la main le matin, lorsque les temp\u00e9ratures sont au plus frais. Le vin est ensuite vinifi\u00e9 traditionnellement puis vieilli en f\u00fbts de ch\u00eane sur lies pendant 8 \u00e0 10 mois.<\/p>\n<p>C\u00e9pages<br \/>\n90% Sauvignon, 10% S\u00e9millon<\/p>\n<p>D\u00e9gustation<br \/>\nD&rsquo;un beau jaune p\u00e2le, Ch\u00e2teau Baret \u00e9voque au nez d&rsquo;intenses notes de fruits exotiques et d&rsquo;agrumes. L&rsquo;attaque est ample et ronde, le corps \u00e9quilibr\u00e9 et harmonieux qui s&rsquo;\u00e9tend sur une belle fra\u00eecheur.<\/p>\n<p>Accords mets &amp; vins<br \/>\nCh\u00e2teau Baret sera id\u00e9al sur des poissons grill\u00e9es ou des fromages frais.<br \/>\n9-11\u00b0C.<\/p>\n<p>R\u00e9compenses<br \/>\n2016: 91-92\/100 James Suckling<br \/>\n17\/20 Jancis Robinson<br \/>\nM\u00e9daille d&rsquo;Or Paris 2018<br \/>\n2015: 90\/100 James Suckling<br \/>\n17\/20 Jancis Robinson<br \/>\n14,50\/50 Le Point J. Dupont<\/p>\n","protected":false},"excerpt":{"rendered":"<h5>AOC Pessac-L\u00e9ognan<\/h5>\n<p>Maison Le Star est la concr\u00e9tisation d\u2019un r\u00eave et l\u2019expression d\u2019une passion.<br \/>\nEntour\u00e9 d\u2019une \u00e9quipe de professionnels, \u0153nologues et sommeliers, garants de la qualit\u00e9 des vins que nous produisons et s\u00e9lectionnons, nous offrons aux futurs amateurs et aux connaisseurs du monde entier des vins fran\u00e7ais de qualit\u00e9 au prix juste.<\/p>\n<p>C\u00e9pages<br \/>\n90% Sauvignon, 10% S\u00e9millon<\/p>\n","protected":false},"featured_media":9961,"comment_status":"open","ping_status":"closed","template":"","meta":[],"product_brand":[],"product_cat":[85,251,242,243,274,250,19],"product_tag":[],"class_list":{"0":"post-9960","1":"product","2":"type-product","3":"status-publish","4":"has-post-thumbnail","6":"product_cat-vins","7":"product_cat-grands-vins","8":"product_cat-regions","9":"product_cat-bordeaux","10":"product_cat-pessac-leognan","11":"product_cat-couleur","12":"product_cat-vin-blanc","14":"first","15":"outofstock","16":"taxable","17":"shipping-taxable","18":"purchasable","19":"product-type-simple"},"jetpack_sharing_enabled":true,"_links":{"self":[{"href":"https:\/\/france-gastronomie.shop\/fr\/wp-json\/wp\/v2\/product\/9960","targetHints":{"allow":["GET"]}}],"collection":[{"href":"https:\/\/france-gastronomie.shop\/fr\/wp-json\/wp\/v2\/product"}],"about":[{"href":"https:\/\/france-gastronomie.shop\/fr\/wp-json\/wp\/v2\/types\/product"}],"replies":[{"embeddable":true,"href":"https:\/\/france-gastronomie.shop\/fr\/wp-json\/wp\/v2\/comments?post=9960"}],"wp:featuredmedia":[{"embeddable":true,"href":"https:\/\/france-gastronomie.shop\/fr\/wp-json\/wp\/v2\/media\/9961"}],"wp:attachment":[{"href":"https:\/\/france-gastronomie.shop\/fr\/wp-json\/wp\/v2\/media?parent=9960"}],"wp:term":[{"taxonomy":"product_brand","embeddable":true,"href":"https:\/\/france-gastronomie.shop\/fr\/wp-json\/wp\/v2\/product_brand?post=9960"},{"taxonomy":"product_cat","embeddable":true,"href":"https:\/\/france-gastronomie.shop\/fr\/wp-json\/wp\/v2\/product_cat?post=9960"},{"taxonomy":"product_tag","embeddable":true,"href":"https:\/\/france-gastronomie.shop\/fr\/wp-json\/wp\/v2\/product_tag?post=9960"}],"curies":[{"name":"wp","href":"https:\/\/api.w.org\/{rel}","templated":true}]}}