{"id":9954,"date":"2021-05-05T19:40:11","date_gmt":"2021-05-05T19:40:11","guid":{"rendered":"https:\/\/france-gastronomie.shop\/?post_type=product&#038;p=9954"},"modified":"2025-09-23T13:29:44","modified_gmt":"2025-09-23T13:29:44","slug":"chateau-baret","status":"publish","type":"product","link":"https:\/\/france-gastronomie.shop\/fr\/produit\/chateau-baret\/","title":{"rendered":"Ch\u00e2teau Baret <br\/> Pessac-L\u00e9ognan"},"content":{"rendered":"<h5>Ch\u00e2teau Baret<\/h5>\n<h5>AOC Pessac-L\u00e9ognan<\/h5>\n<p>Origine &#8211; terroir<br \/>\nSitu\u00e9 \u00e0 Villenave d\u2019Ornon pr\u00e8s de Bordeaux, Ch\u00e2teau Baret est compl\u00e8tement entour\u00e9 par son vignoble. Couvrant une vingtaine d\u2019hectares, les vignes sont \u00e2g\u00e9es en moyenne de 25 ans.<br \/>\nNature du sol: Graves.<\/p>\n<p>Vinification<br \/>\nLes raisins sont r\u00e9colt\u00e9s \u00e0 la main ou \u00e0 la machine selon les parcelles.<br \/>\nIls sont ensuite vinifi\u00e9s de fa\u00e7on traditionnelle en cuves inox et \u00e9lev\u00e9s en f\u00fbts de ch\u00eane pendant 14 mois.<\/p>\n<p>C\u00e9pages<br \/>\n53% Merlot, 41% Cabernet Sauvignon, 6% Cabernet Sauvignon<\/p>\n<p>D\u00e9gustation<br \/>\nDot\u00e9 d\u2019une robe brillante, Ch\u00e2teau Baret se r\u00e9v\u00e8le tr\u00e8s aromatique \u00e0 l\u2019agitation avec des notes de fruits noirs m\u00fbrs et de grains de caf\u00e9 torr\u00e9fi\u00e9. L\u2019attaque est voluptueuse, le corps structur\u00e9, riche, aux tanins fins. La finale est longue, sur des notes de cerise noire<\/p>\n<p>Accords mets &amp; vins<br \/>\nServi \u00e0 une temp\u00e9rature de 17\u00b0, Ch\u00e2teau Baret sera parfait sur un gigot d\u2019agneau, une pi\u00e8ce de b\u0153uf grill\u00e9e, ou des fromages. Ouvrir la bouteille une heure avant le service.<br \/>\nA boire d\u00e8s maintenant ou dans les 10 prochaines ann\u00e9es.<\/p>\n","protected":false},"excerpt":{"rendered":"<h5>AOC Pessac-L\u00e9ognan<\/h5>\n<p>Maison Le Star est la concr\u00e9tisation d\u2019un r\u00eave et l\u2019expression d\u2019une passion.<br \/>\nEntour\u00e9 d\u2019une \u00e9quipe de professionnels, \u0153nologues et sommeliers, garants de la qualit\u00e9 des vins que nous produisons et s\u00e9lectionnons, nous offrons aux futurs amateurs et aux connaisseurs du monde entier des vins fran\u00e7ais de qualit\u00e9 au prix juste.<\/p>\n<p>C\u00e9pages<br \/>\n53% Merlot, 41% Cabernet Sauvignon, 6% Cabernet Sauvignon<\/p>\n","protected":false},"featured_media":9955,"comment_status":"open","ping_status":"closed","template":"","meta":[],"product_brand":[],"product_cat":[85,251,243,274,250,29],"product_tag":[],"class_list":{"0":"post-9954","1":"product","2":"type-product","3":"status-publish","4":"has-post-thumbnail","6":"product_cat-vins","7":"product_cat-grands-vins","8":"product_cat-bordeaux","9":"product_cat-pessac-leognan","10":"product_cat-couleur","11":"product_cat-vin-rouge","13":"first","14":"instock","15":"taxable","16":"shipping-taxable","17":"purchasable","18":"product-type-simple"},"jetpack_sharing_enabled":true,"_links":{"self":[{"href":"https:\/\/france-gastronomie.shop\/fr\/wp-json\/wp\/v2\/product\/9954","targetHints":{"allow":["GET"]}}],"collection":[{"href":"https:\/\/france-gastronomie.shop\/fr\/wp-json\/wp\/v2\/product"}],"about":[{"href":"https:\/\/france-gastronomie.shop\/fr\/wp-json\/wp\/v2\/types\/product"}],"replies":[{"embeddable":true,"href":"https:\/\/france-gastronomie.shop\/fr\/wp-json\/wp\/v2\/comments?post=9954"}],"wp:featuredmedia":[{"embeddable":true,"href":"https:\/\/france-gastronomie.shop\/fr\/wp-json\/wp\/v2\/media\/9955"}],"wp:attachment":[{"href":"https:\/\/france-gastronomie.shop\/fr\/wp-json\/wp\/v2\/media?parent=9954"}],"wp:term":[{"taxonomy":"product_brand","embeddable":true,"href":"https:\/\/france-gastronomie.shop\/fr\/wp-json\/wp\/v2\/product_brand?post=9954"},{"taxonomy":"product_cat","embeddable":true,"href":"https:\/\/france-gastronomie.shop\/fr\/wp-json\/wp\/v2\/product_cat?post=9954"},{"taxonomy":"product_tag","embeddable":true,"href":"https:\/\/france-gastronomie.shop\/fr\/wp-json\/wp\/v2\/product_tag?post=9954"}],"curies":[{"name":"wp","href":"https:\/\/api.w.org\/{rel}","templated":true}]}}