{"id":9945,"date":"2025-11-11T18:45:10","date_gmt":"2025-11-11T18:45:10","guid":{"rendered":"https:\/\/france-gastronomie.shop\/?post_type=product&#038;p=9945"},"modified":"2025-11-11T18:48:36","modified_gmt":"2025-11-11T18:48:36","slug":"promesse-de-rabaud-promis","status":"publish","type":"product","link":"https:\/\/france-gastronomie.shop\/fr\/produit\/promesse-de-rabaud-promis\/","title":{"rendered":"Promesse de Rabaud <br\/> Promis Sauternes"},"content":{"rendered":"<h5>Promesse de Rabaud Promis<\/h5>\n<h5>AOC Sauternes<\/h5>\n<p>Origine &#8211; terroir<br \/>\nDatant du XVII\u00e8me si\u00e8cle, le Ch\u00e2teau Rabaud Promis surplombe la vall\u00e9e du Ciron, ce c\u00e9l\u00e8bre petit ruisseau favorisant le micro-climat sauternais \u00e0 l\u2019origine de la \u00abpouriture noble\u00bb.<br \/>\nLa propri\u00e9t\u00e9 couvre une quarantaine d\u2019hectares conduit de fa\u00e7on raisonn\u00e9e par la famille D\u00e9jean. Promesse de Rabaud Promis est le second vin du domaine, produit \u00e0 partir des plus jeunes vignes mais vinifi\u00e9 avec la plus grande attention et le m\u00eame savoir- faire que le premier vin.<\/p>\n<p>Vinification<br \/>\nR\u00e9colte \u00e0 maturit\u00e9 optimale par tries successives, selon la progression du Botrytis<br \/>\nFermentation en cuves inox thermo-r\u00e9gul\u00e9es et f\u00fbts de ch\u00eane<br \/>\nElevage d\u2019un an en f\u00fbts de ch\u00eane fran\u00e7ais dans un chai o\u00f9 les temp\u00e9ratures sont maitris\u00e9es<\/p>\n<p>C\u00e9pages<br \/>\n80% S\u00e9millon, 20% Sauvignon<\/p>\n<p>D\u00e9gustation<br \/>\nPromesse de Rabaud Promis d\u00e9voile une belle robe brillante \u00e0 l&rsquo;or intense.<br \/>\nLe nez est harmonieux, m\u00ealant la fraicheur des agrumes \u00e0 la rondeur des fruits confits.<br \/>\nLe palais quant \u00e0 lui est d\u2019une belle intensit\u00e9 aromatique, offrant de puissantes notes de petits fruits confitur\u00e9s et fruits exotiques, sans lourdeur.<\/p>\n<p>Accords mets &amp; vins<br \/>\nPromesse de Rabaud Promis sera parfait sur un foie gras, des mets asiatiques sucr\u00e9-sal\u00e9s, des volailles en sauce ou encore sur des fromages \u00e0 p\u00e2te persill\u00e9e comme le Roquefort on le Bleu d\u2019Auvergne.<br \/>\nServir autour de 12\u00b0C.<\/p>\n","protected":false},"excerpt":{"rendered":"<h5>AOC Sauternes<\/h5>\n<p>Maison Le Star est la concr\u00e9tisation d\u2019un r\u00eave et l\u2019expression d\u2019une passion.<br \/>\nEntour\u00e9 d\u2019une \u00e9quipe de professionnels, \u0153nologues et sommeliers, garants de la qualit\u00e9 des vins que nous produisons et s\u00e9lectionnons, nous offrons aux futurs amateurs et aux connaisseurs du monde entier des vins fran\u00e7ais de qualit\u00e9 au prix juste.<\/p>\n<p>C\u00e9pages<br \/>\n80% S\u00e9millon, 20% Sauvignon<\/p>\n","protected":false},"featured_media":9946,"comment_status":"open","ping_status":"closed","template":"","meta":[],"product_brand":[],"product_cat":[780,85,243,280,250,19],"product_tag":[],"class_list":{"0":"post-9945","1":"product","2":"type-product","3":"status-publish","4":"has-post-thumbnail","6":"product_cat-vin-blanc-liquoreux","7":"product_cat-vins","8":"product_cat-bordeaux","9":"product_cat-sauternes","10":"product_cat-couleur","11":"product_cat-vin-blanc","13":"first","14":"instock","15":"taxable","16":"shipping-taxable","17":"purchasable","18":"product-type-simple"},"jetpack_sharing_enabled":true,"_links":{"self":[{"href":"https:\/\/france-gastronomie.shop\/fr\/wp-json\/wp\/v2\/product\/9945","targetHints":{"allow":["GET"]}}],"collection":[{"href":"https:\/\/france-gastronomie.shop\/fr\/wp-json\/wp\/v2\/product"}],"about":[{"href":"https:\/\/france-gastronomie.shop\/fr\/wp-json\/wp\/v2\/types\/product"}],"replies":[{"embeddable":true,"href":"https:\/\/france-gastronomie.shop\/fr\/wp-json\/wp\/v2\/comments?post=9945"}],"wp:featuredmedia":[{"embeddable":true,"href":"https:\/\/france-gastronomie.shop\/fr\/wp-json\/wp\/v2\/media\/9946"}],"wp:attachment":[{"href":"https:\/\/france-gastronomie.shop\/fr\/wp-json\/wp\/v2\/media?parent=9945"}],"wp:term":[{"taxonomy":"product_brand","embeddable":true,"href":"https:\/\/france-gastronomie.shop\/fr\/wp-json\/wp\/v2\/product_brand?post=9945"},{"taxonomy":"product_cat","embeddable":true,"href":"https:\/\/france-gastronomie.shop\/fr\/wp-json\/wp\/v2\/product_cat?post=9945"},{"taxonomy":"product_tag","embeddable":true,"href":"https:\/\/france-gastronomie.shop\/fr\/wp-json\/wp\/v2\/product_tag?post=9945"}],"curies":[{"name":"wp","href":"https:\/\/api.w.org\/{rel}","templated":true}]}}