{"id":9932,"date":"2021-05-05T11:25:07","date_gmt":"2021-05-05T11:25:07","guid":{"rendered":"https:\/\/france-gastronomie.shop\/?post_type=product&#038;p=9932"},"modified":"2024-10-31T09:47:22","modified_gmt":"2024-10-31T09:47:22","slug":"chateau-changrolle","status":"publish","type":"product","link":"https:\/\/france-gastronomie.shop\/fr\/produit\/chateau-changrolle\/","title":{"rendered":"Ch\u00e2teau Changrolle <br\/> Lalande de Pomerol"},"content":{"rendered":"<h5>Ch\u00e2teau Changrolle<\/h5>\n<h5>AOC Lalande De Pomerol<\/h5>\n<p>Origine &#8211; terroir<br \/>\nCh\u00e2teau Changrolle appartient \u00e0 la famille Courty depuis de nombreuses g\u00e9n\u00e9rations. Son vignoble d&rsquo;aujourd&rsquo;hui 15 hectares a \u00e9t\u00e9 \u00e9tendu au fil des ann\u00e9es et totalement replant\u00e9 en 1956 apr\u00e8s le terrible \u00e9pisode de gel qui a frappe la r\u00e9gion.<br \/>\nLe sol est sablo-graveleux..<\/p>\n<p>Vinification<br \/>\nLes grappes r\u00e9colt\u00e9es de fa\u00e7on m\u00e9canique sont tri\u00e9es sur table vibrante puis mis \u00e0 fermenter en cuves pendant 3 semaines.<\/p>\n<p>C\u00e9pages<br \/>\n80% Merlot, 20% Cabernet Sauvignon<\/p>\n<p>D\u00e9gustation<br \/>\nDot\u00e9 d&rsquo;un rouge intense, Ch\u00e2teau Changrolle \u00e9voque au nez les fruits rouges sur-m\u00fbris sur une note florale. Tr\u00e8s fruit\u00e9 au palais, il s&rsquo;\u00e9tire sur belle finale \u00e9pic\u00e9e..<\/p>\n<p>Accords mets &amp; vins<br \/>\nServi \u00e0 17\u00b0, Ch\u00e2teau Changrolle accompagnera parfaitement un carr\u00e9 d&rsquo;agneau, un tourne dos Rossini, des gibiers en sauce ou des fromages tels que le Rocamadour.<\/p>\n","protected":false},"excerpt":{"rendered":"<h5>AOC Lalande De Pomerol<\/h5>\n<p>Maison Le Star est la concr\u00e9tisation d\u2019un r\u00eave et l\u2019expression d\u2019une passion.<br \/>\nEntour\u00e9 d\u2019une \u00e9quipe de professionnels, \u0153nologues et sommeliers, garants de la qualit\u00e9 des vins que nous produisons et s\u00e9lectionnons, nous offrons aux futurs amateurs et aux connaisseurs du monde entier des vins fran\u00e7ais de qualit\u00e9 au prix juste.<\/p>\n<p>C\u00e9pages<br \/>\n80% Merlot, 20% Cabernet Sauvignon<\/p>\n","protected":false},"featured_media":9933,"comment_status":"open","ping_status":"closed","template":"","meta":[],"product_brand":[],"product_cat":[85,242,243,270,250,29],"product_tag":[],"class_list":{"0":"post-9932","1":"product","2":"type-product","3":"status-publish","4":"has-post-thumbnail","6":"product_cat-vins","7":"product_cat-regions","8":"product_cat-bordeaux","9":"product_cat-lalande-de-pomerol","10":"product_cat-couleur","11":"product_cat-vin-rouge","13":"first","14":"instock","15":"taxable","16":"shipping-taxable","17":"purchasable","18":"product-type-simple"},"jetpack_sharing_enabled":true,"_links":{"self":[{"href":"https:\/\/france-gastronomie.shop\/fr\/wp-json\/wp\/v2\/product\/9932","targetHints":{"allow":["GET"]}}],"collection":[{"href":"https:\/\/france-gastronomie.shop\/fr\/wp-json\/wp\/v2\/product"}],"about":[{"href":"https:\/\/france-gastronomie.shop\/fr\/wp-json\/wp\/v2\/types\/product"}],"replies":[{"embeddable":true,"href":"https:\/\/france-gastronomie.shop\/fr\/wp-json\/wp\/v2\/comments?post=9932"}],"wp:featuredmedia":[{"embeddable":true,"href":"https:\/\/france-gastronomie.shop\/fr\/wp-json\/wp\/v2\/media\/9933"}],"wp:attachment":[{"href":"https:\/\/france-gastronomie.shop\/fr\/wp-json\/wp\/v2\/media?parent=9932"}],"wp:term":[{"taxonomy":"product_brand","embeddable":true,"href":"https:\/\/france-gastronomie.shop\/fr\/wp-json\/wp\/v2\/product_brand?post=9932"},{"taxonomy":"product_cat","embeddable":true,"href":"https:\/\/france-gastronomie.shop\/fr\/wp-json\/wp\/v2\/product_cat?post=9932"},{"taxonomy":"product_tag","embeddable":true,"href":"https:\/\/france-gastronomie.shop\/fr\/wp-json\/wp\/v2\/product_tag?post=9932"}],"curies":[{"name":"wp","href":"https:\/\/api.w.org\/{rel}","templated":true}]}}