{"id":9901,"date":"2021-05-05T10:09:27","date_gmt":"2021-05-05T10:09:27","guid":{"rendered":"https:\/\/france-gastronomie.shop\/?post_type=product&#038;p=9901"},"modified":"2024-10-31T09:47:21","modified_gmt":"2024-10-31T09:47:21","slug":"chateau-la-goviniere","status":"publish","type":"product","link":"https:\/\/france-gastronomie.shop\/fr\/produit\/chateau-la-goviniere\/","title":{"rendered":"Ch\u00e2teau La Govini\u00e8re <br\/> Lussac Saint-Emilion"},"content":{"rendered":"<h5>Ch\u00e2teau La Govini\u00e8re<\/h5>\n<h5>AOC Lussac Saint-\u00c9milion<\/h5>\n<p>Origine &#8211; terroir<br \/>\nCh\u00e2teau La Govini\u00e8re se situe en plein coeur de l&rsquo;appellation Lussac, \u00e0 quelques encablures de la prestigieuse ville de Saint-\u00c9milion. D\u2019une superficie de 12 hectares r\u00e9partis entre vallons et plateaux et terroirs argilo-calcaire, argilo-limoneux et terres rouges, ce petit vignoble familial est cultiv\u00e9 par Olivier et Carine Charpentier, aujourd\u2019hui la quatri\u00e8me g\u00e9n\u00e9ration \u00e0 la t\u00eate de l\u2019exploitation.<\/p>\n<p>Vinification<br \/>\nLutte raisonn\u00e9e.<br \/>\nVinification traditionnelle sans ajout de sulfites.<br \/>\nLongues mac\u00e9rations.<br \/>\nElevage en cuves.<\/p>\n<p>C\u00e9pages<br \/>\nMerlot, Cabernet Franc, Cabernet Sauvignon<\/p>\n<p>D\u00e9gustation<br \/>\nPar\u00e9 d\u2019une belle robe rubis limpide, Ch\u00e2teau La Govini\u00e8re r\u00e9v\u00e8le au nez de d\u00e9licieux ar\u00f4mes de petits fruits rouges frais. En bouche c\u2019est un vin d\u2019un bel \u00e9quilibre, tout en finesse et d\u2019une agr\u00e9able fraicheur persistant en finale.<\/p>\n<p>Accords mets &amp; vins<br \/>\nCh\u00e2teau La Govini\u00e8re sera id\u00e9al en accompagnement d\u2019une souris d\u2019agneau, d\u2019un magret de canard et sa po\u00eal\u00e9e de champignons on alors d\u2019une salade de g\u00e9siers confits.<br \/>\nServir entre 16\u00b0 et 18\u00b0C.<\/p>\n","protected":false},"excerpt":{"rendered":"<h5>AOC Lussac Saint-\u00c9milion<\/h5>\n<p>Maison Le Star est la concr\u00e9tisation d\u2019un r\u00eave et l\u2019expression d\u2019une passion.<br \/>\nEntour\u00e9 d\u2019une \u00e9quipe de professionnels, \u0153nologues et sommeliers, garants de la qualit\u00e9 des vins que nous produisons et s\u00e9lectionnons, nous offrons aux futurs amateurs et aux connaisseurs du monde entier des vins fran\u00e7ais de qualit\u00e9 au prix juste.<\/p>\n<p>C\u00e9pages<br \/>\nMerlot, Cabernet Franc, Cabernet Sauvignon<\/p>\n","protected":false},"featured_media":9902,"comment_status":"open","ping_status":"closed","template":"","meta":[],"product_brand":[],"product_cat":[85,242,243,269,250,29],"product_tag":[],"class_list":{"0":"post-9901","1":"product","2":"type-product","3":"status-publish","4":"has-post-thumbnail","6":"product_cat-vins","7":"product_cat-regions","8":"product_cat-bordeaux","9":"product_cat-lussac-saint-emilion","10":"product_cat-couleur","11":"product_cat-vin-rouge","13":"first","14":"outofstock","15":"taxable","16":"shipping-taxable","17":"purchasable","18":"product-type-simple"},"jetpack_sharing_enabled":true,"_links":{"self":[{"href":"https:\/\/france-gastronomie.shop\/fr\/wp-json\/wp\/v2\/product\/9901","targetHints":{"allow":["GET"]}}],"collection":[{"href":"https:\/\/france-gastronomie.shop\/fr\/wp-json\/wp\/v2\/product"}],"about":[{"href":"https:\/\/france-gastronomie.shop\/fr\/wp-json\/wp\/v2\/types\/product"}],"replies":[{"embeddable":true,"href":"https:\/\/france-gastronomie.shop\/fr\/wp-json\/wp\/v2\/comments?post=9901"}],"wp:featuredmedia":[{"embeddable":true,"href":"https:\/\/france-gastronomie.shop\/fr\/wp-json\/wp\/v2\/media\/9902"}],"wp:attachment":[{"href":"https:\/\/france-gastronomie.shop\/fr\/wp-json\/wp\/v2\/media?parent=9901"}],"wp:term":[{"taxonomy":"product_brand","embeddable":true,"href":"https:\/\/france-gastronomie.shop\/fr\/wp-json\/wp\/v2\/product_brand?post=9901"},{"taxonomy":"product_cat","embeddable":true,"href":"https:\/\/france-gastronomie.shop\/fr\/wp-json\/wp\/v2\/product_cat?post=9901"},{"taxonomy":"product_tag","embeddable":true,"href":"https:\/\/france-gastronomie.shop\/fr\/wp-json\/wp\/v2\/product_tag?post=9901"}],"curies":[{"name":"wp","href":"https:\/\/api.w.org\/{rel}","templated":true}]}}