{"id":9888,"date":"2021-05-05T09:17:41","date_gmt":"2021-05-05T09:17:41","guid":{"rendered":"https:\/\/france-gastronomie.shop\/?post_type=product&#038;p=9888"},"modified":"2024-10-31T09:47:20","modified_gmt":"2024-10-31T09:47:20","slug":"p-de-puisseguin-puisseguin-saint-emilion","status":"publish","type":"product","link":"https:\/\/france-gastronomie.shop\/fr\/produit\/p-de-puisseguin-puisseguin-saint-emilion\/","title":{"rendered":"P de Puisseguin <br\/> Puisseguin St-Emilion"},"content":{"rendered":"<h5>P de Puisseguin<\/h5>\n<h5>AOC Puisseguin Saint-\u00c9milion<\/h5>\n<p>Origine &#8211; terroir<br \/>\nL&rsquo;appellation Puisseguin Saint-\u00c9milion est situ\u00e9e au nord-est du c\u00e9l\u00e8bre village de Saint- \u00c9milion. Ce vignoble historique se d\u00e9ploie dans une r\u00e9gion vallonn\u00e9e, o\u00f9 les vignes profitent d&rsquo;un bel ensoleillement et de nuits fra\u00eeches favorisant une maturit\u00e9 parfaite des raisins. S\u00e9lectionn\u00e9 par notre oenologue, P de Puisseguin puise dans un terroir argilo-calcaire pour vous offrir un vin cors\u00e9 et charnu, repr\u00e9sentatif du prestige de nos vins de Bordeaux.<\/p>\n<p>Vinification<br \/>\nTraditionnelle en cuve inox.<\/p>\n<p>C\u00e9pages<br \/>\nMerlot, Cabernet Franc, Cabernet Sauvignon<\/p>\n<p>D\u00e9gustation<br \/>\nRobe grenat fonc\u00e9 brillant.<br \/>\nNez fruit\u00e9 avec des ar\u00f4mes de cassis, m\u00fbre et griotte.<br \/>\nBouche ronde, \u00e9quilibr\u00e9e et persistante aux tanins m\u00fbrs et chaleureux<\/p>\n<p>Accords mets &amp; vins<br \/>\nA d\u00e9guster sur un faux-filet de boeuf, un r\u00f4ti de porc aux pruneaux ou un fromage affin\u00e9.<br \/>\n18\u00b0C.<\/p>\n<p>R\u00e9compenses<br \/>\n2012: M\u00e9daille de Bronze IWC 2013<\/p>\n","protected":false},"excerpt":{"rendered":"<h5>AOC Puisseguin Saint-\u00c9milion<\/h5>\n<p>Maison Le Star est la concr\u00e9tisation d\u2019un r\u00eave et l\u2019expression d\u2019une passion.<br \/>\nEntour\u00e9 d\u2019une \u00e9quipe de professionnels, \u0153nologues et sommeliers, garants de la qualit\u00e9 des vins que nous produisons et s\u00e9lectionnons, nous offrons aux futurs amateurs et aux connaisseurs du monde entier des vins fran\u00e7ais de qualit\u00e9 au prix juste.<\/p>\n<p>C\u00e9pages: Merlot, Cabernet Franc, Cabernet Sauvignon<\/p>\n","protected":false},"featured_media":9889,"comment_status":"open","ping_status":"closed","template":"","meta":[],"product_brand":[],"product_cat":[85,242,243,250,29],"product_tag":[],"class_list":{"0":"post-9888","1":"product","2":"type-product","3":"status-publish","4":"has-post-thumbnail","6":"product_cat-vins","7":"product_cat-regions","8":"product_cat-bordeaux","9":"product_cat-couleur","10":"product_cat-vin-rouge","12":"first","13":"instock","14":"taxable","15":"shipping-taxable","16":"purchasable","17":"product-type-simple"},"jetpack_sharing_enabled":true,"_links":{"self":[{"href":"https:\/\/france-gastronomie.shop\/fr\/wp-json\/wp\/v2\/product\/9888","targetHints":{"allow":["GET"]}}],"collection":[{"href":"https:\/\/france-gastronomie.shop\/fr\/wp-json\/wp\/v2\/product"}],"about":[{"href":"https:\/\/france-gastronomie.shop\/fr\/wp-json\/wp\/v2\/types\/product"}],"replies":[{"embeddable":true,"href":"https:\/\/france-gastronomie.shop\/fr\/wp-json\/wp\/v2\/comments?post=9888"}],"wp:featuredmedia":[{"embeddable":true,"href":"https:\/\/france-gastronomie.shop\/fr\/wp-json\/wp\/v2\/media\/9889"}],"wp:attachment":[{"href":"https:\/\/france-gastronomie.shop\/fr\/wp-json\/wp\/v2\/media?parent=9888"}],"wp:term":[{"taxonomy":"product_brand","embeddable":true,"href":"https:\/\/france-gastronomie.shop\/fr\/wp-json\/wp\/v2\/product_brand?post=9888"},{"taxonomy":"product_cat","embeddable":true,"href":"https:\/\/france-gastronomie.shop\/fr\/wp-json\/wp\/v2\/product_cat?post=9888"},{"taxonomy":"product_tag","embeddable":true,"href":"https:\/\/france-gastronomie.shop\/fr\/wp-json\/wp\/v2\/product_tag?post=9888"}],"curies":[{"name":"wp","href":"https:\/\/api.w.org\/{rel}","templated":true}]}}