{"id":9881,"date":"2021-05-05T08:44:21","date_gmt":"2021-05-05T08:44:21","guid":{"rendered":"https:\/\/france-gastronomie.shop\/?post_type=product&#038;p=9881"},"modified":"2024-10-31T09:47:19","modified_gmt":"2024-10-31T09:47:19","slug":"l-de-lussac-lussac-saint-emilion","status":"publish","type":"product","link":"https:\/\/france-gastronomie.shop\/fr\/produit\/l-de-lussac-lussac-saint-emilion\/","title":{"rendered":"L de Lussac <br\/> Lussac Saint-Emilion"},"content":{"rendered":"<h5>L de Lussac<\/h5>\n<h5>AOC Lussac Saint-\u00c9milion<\/h5>\n<p>Origine &#8211; terroir<br \/>\nL&rsquo;appellation Lussac Saint-\u00c9milion est situ\u00e9e au nord du c\u00e9l\u00e8bre village de Saint-\u00c9milion. Ce vignoble historique se d\u00e9ploie dans une r\u00e9gion vallonn\u00e9e, o\u00f9 les vignes profitent d&rsquo;un bel ensoleillement et de nuits fra\u00eeches favorisant une maturit\u00e9 parfaite des raisins. S\u00e9lectionn\u00e9 par notre oenologue, L de Lussac puise dans un terroir argilo-calcaire et sableux pour vous offrir un vin \u00e9l\u00e9gant et puissant, repr\u00e9sentatif du prestige de nos vins de Bordeaux.<\/p>\n<p>Vinification<br \/>\nTraditionnelle en cuve inox.<\/p>\n<p>C\u00e9pages<br \/>\nMerlot, Cabernet Franc, Cabernet Sauvignon<\/p>\n<p>D\u00e9gustation<br \/>\nRobe rouge cerise profond.<br \/>\nNez \u00e9l\u00e9gant et structur\u00e9 aux parfums intenses de petits fruits rouges.<br \/>\nBouche \u00e9quilibr\u00e9e et gourmande aux ar\u00f4mes de fruits m\u00fbrs, d&rsquo;\u00e9pices douces et de truffes r\u00e2p\u00e9es, soutenue par des tanins longs et soyeux.<\/p>\n<p>Accords mets &amp; vins<br \/>\nA d\u00e9guster avec un veau brais\u00e9, un magret de canard ou un fromage affin\u00e9.<br \/>\n18\u00b0C.<\/p>\n<p>R\u00e9compenses<br \/>\n2013: M\u00e9daille d&rsquo;Or Gilbert et Gaillard 2014<br \/>\n2012: Comment\u00e9 \u00e0 IWC 2013<br \/>\n2010: M\u00e9daille d&rsquo;Or au concours de Blaye 2011<br \/>\nComment\u00e9 \u00e0 DECANTER 2013<br \/>\n2009: M\u00e9daille de bronze au concours de Blaye 2010<\/p>\n","protected":false},"excerpt":{"rendered":"<h5>AOC Lussac Saint-\u00c9milion<\/h5>\n<p>Maison Le Star est la concr\u00e9tisation d\u2019un r\u00eave et l\u2019expression d\u2019une passion.<br \/>\nEntour\u00e9 d\u2019une \u00e9quipe de professionnels, \u0153nologues et sommeliers, garants de la qualit\u00e9 des vins que nous produisons et s\u00e9lectionnons, nous offrons aux futurs amateurs et aux connaisseurs du monde entier des vins fran\u00e7ais de qualit\u00e9 au prix juste.<\/p>\n<p>C\u00e9pages<br \/>\nMerlot, Cabernet Franc, Cabernet Sauvignon<\/p>\n","protected":false},"featured_media":9882,"comment_status":"open","ping_status":"closed","template":"","meta":[],"product_brand":[],"product_cat":[85,242,243,269,250,29],"product_tag":[],"class_list":{"0":"post-9881","1":"product","2":"type-product","3":"status-publish","4":"has-post-thumbnail","6":"product_cat-vins","7":"product_cat-regions","8":"product_cat-bordeaux","9":"product_cat-lussac-saint-emilion","10":"product_cat-couleur","11":"product_cat-vin-rouge","13":"first","14":"instock","15":"taxable","16":"shipping-taxable","17":"purchasable","18":"product-type-simple"},"jetpack_sharing_enabled":true,"_links":{"self":[{"href":"https:\/\/france-gastronomie.shop\/fr\/wp-json\/wp\/v2\/product\/9881","targetHints":{"allow":["GET"]}}],"collection":[{"href":"https:\/\/france-gastronomie.shop\/fr\/wp-json\/wp\/v2\/product"}],"about":[{"href":"https:\/\/france-gastronomie.shop\/fr\/wp-json\/wp\/v2\/types\/product"}],"replies":[{"embeddable":true,"href":"https:\/\/france-gastronomie.shop\/fr\/wp-json\/wp\/v2\/comments?post=9881"}],"wp:featuredmedia":[{"embeddable":true,"href":"https:\/\/france-gastronomie.shop\/fr\/wp-json\/wp\/v2\/media\/9882"}],"wp:attachment":[{"href":"https:\/\/france-gastronomie.shop\/fr\/wp-json\/wp\/v2\/media?parent=9881"}],"wp:term":[{"taxonomy":"product_brand","embeddable":true,"href":"https:\/\/france-gastronomie.shop\/fr\/wp-json\/wp\/v2\/product_brand?post=9881"},{"taxonomy":"product_cat","embeddable":true,"href":"https:\/\/france-gastronomie.shop\/fr\/wp-json\/wp\/v2\/product_cat?post=9881"},{"taxonomy":"product_tag","embeddable":true,"href":"https:\/\/france-gastronomie.shop\/fr\/wp-json\/wp\/v2\/product_tag?post=9881"}],"curies":[{"name":"wp","href":"https:\/\/api.w.org\/{rel}","templated":true}]}}