{"id":9868,"date":"2021-05-05T07:45:18","date_gmt":"2021-05-05T07:45:18","guid":{"rendered":"https:\/\/france-gastronomie.shop\/?post_type=product&#038;p=9868"},"modified":"2024-10-31T09:47:20","modified_gmt":"2024-10-31T09:47:20","slug":"chateau-haut-methee-cuvee-prestige","status":"publish","type":"product","link":"https:\/\/france-gastronomie.shop\/fr\/produit\/chateau-haut-methee-cuvee-prestige\/","title":{"rendered":"Ch. Haut M\u00e9th\u00e9e <br\/> Cuv\u00e9e Prestige"},"content":{"rendered":"<h5>Ch\u00e2teau Haut M\u00e9th\u00e9e<br \/>\nCuv\u00e9e Prestige<\/h5>\n<h5>AOC Vin de Bordeaux<\/h5>\n<p>Origine &#8211; terroir<br \/>\nLe Ch\u00e2teau Haut M\u00e9th\u00e9e est un domaine familial appartenant \u00e0 la m\u00eame famille depuis 4 g\u00e9n\u00e9rations. Eric Masse, l&rsquo;actuel propri\u00e9taire a repris le vignoble en 1996 mais travaille sur le domaine avec ses parents depuis 1983. Au fil des ann\u00e9es, il agrandit le domaine et couvre aujourd&rsquo;hui 55 hectares situ\u00e9s \u00e0 C\u00e9zac, un petit village situ\u00e9 entre Blaye et Libourne. Le vignoble \u00e2g\u00e9 de 20 ans produit environ 2600 hectolitres de vin par an et est plant\u00e9 sur des collines argilo-calcaires, id\u00e9alement expos\u00e9es au soleil.<\/p>\n<p>Vinification<br \/>\nVenclanges \u00e0 maturit\u00e9 optimale<br \/>\nVinification en cuves thermor\u00e9gul\u00e9es<br \/>\nFermentation en cuves ciment et inox<br \/>\nVieillissement en cuves ciment<\/p>\n<p>C\u00e9pages<br \/>\n60% Cabernet Sauvignon, 35% Merlot, 5% Cabernet Franc<\/p>\n<p>D\u00e9gustation<br \/>\nLe Ch\u00e2teau Haut-Meth\u00e9e r\u00e9v\u00e8le une couleur rouge vif aux reflets violets. Le nez pr\u00e9sente des notes intenses et charmeuses de fruits noirs concentr\u00e9s tels que la m\u00fbre et le cassis. La bouche est souple, ronde et charnue avec des tanins bien fondus et une finale persistante sur des ar\u00f4mes fruit\u00e9s.<\/p>\n<p>Accords mets &amp; vins<br \/>\nLe Ch\u00e2teau Haut Meth\u00e9e sera id\u00e9al avec une entrec\u00f4te grill\u00e9e, un r\u00f4ti de porc en sauce, un plateau de fromage ou avec des desserts \u00e0 base de chocolat.<br \/>\nAservirentre 16\u00b0 et 18\u00b0C.<\/p>\n<p>R\u00e9compenses<br \/>\n2018: M\u00e9daille d&rsquo;Or &#8211; Concours de Lyon 2019<br \/>\nM\u00e9daille d&rsquo;Argent &#8211; Concours de Bruxelles 2019<\/p>\n","protected":false},"excerpt":{"rendered":"<h5>AOC Vin de Bordeaux<\/h5>\n<p>Maison Le Star est la concr\u00e9tisation d\u2019un r\u00eave et l\u2019expression d\u2019une passion.<br \/>\nEntour\u00e9 d\u2019une \u00e9quipe de professionnels, \u0153nologues et sommeliers, garants de la qualit\u00e9 des vins que nous produisons et s\u00e9lectionnons, nous offrons aux futurs amateurs et aux connaisseurs du monde entier des vins fran\u00e7ais de qualit\u00e9 au prix juste.<\/p>\n<p>C\u00e9pages: 60% Cabernet Sauvignon, 35% Merlot, 5% Cabernet Franc<\/p>\n","protected":false},"featured_media":9869,"comment_status":"open","ping_status":"closed","template":"","meta":[],"product_brand":[],"product_cat":[85,242,243,263,250,29],"product_tag":[],"class_list":{"0":"post-9868","1":"product","2":"type-product","3":"status-publish","4":"has-post-thumbnail","6":"product_cat-vins","7":"product_cat-regions","8":"product_cat-bordeaux","9":"product_cat-vins-de-bordeaux","10":"product_cat-couleur","11":"product_cat-vin-rouge","13":"first","14":"outofstock","15":"taxable","16":"shipping-taxable","17":"purchasable","18":"product-type-simple"},"jetpack_sharing_enabled":true,"_links":{"self":[{"href":"https:\/\/france-gastronomie.shop\/fr\/wp-json\/wp\/v2\/product\/9868","targetHints":{"allow":["GET"]}}],"collection":[{"href":"https:\/\/france-gastronomie.shop\/fr\/wp-json\/wp\/v2\/product"}],"about":[{"href":"https:\/\/france-gastronomie.shop\/fr\/wp-json\/wp\/v2\/types\/product"}],"replies":[{"embeddable":true,"href":"https:\/\/france-gastronomie.shop\/fr\/wp-json\/wp\/v2\/comments?post=9868"}],"wp:featuredmedia":[{"embeddable":true,"href":"https:\/\/france-gastronomie.shop\/fr\/wp-json\/wp\/v2\/media\/9869"}],"wp:attachment":[{"href":"https:\/\/france-gastronomie.shop\/fr\/wp-json\/wp\/v2\/media?parent=9868"}],"wp:term":[{"taxonomy":"product_brand","embeddable":true,"href":"https:\/\/france-gastronomie.shop\/fr\/wp-json\/wp\/v2\/product_brand?post=9868"},{"taxonomy":"product_cat","embeddable":true,"href":"https:\/\/france-gastronomie.shop\/fr\/wp-json\/wp\/v2\/product_cat?post=9868"},{"taxonomy":"product_tag","embeddable":true,"href":"https:\/\/france-gastronomie.shop\/fr\/wp-json\/wp\/v2\/product_tag?post=9868"}],"curies":[{"name":"wp","href":"https:\/\/api.w.org\/{rel}","templated":true}]}}