{"id":9847,"date":"2021-05-04T10:48:17","date_gmt":"2021-05-04T10:48:17","guid":{"rendered":"https:\/\/france-gastronomie.shop\/?post_type=product&#038;p=9847"},"modified":"2024-11-11T10:42:08","modified_gmt":"2024-11-11T10:42:08","slug":"myrtilles-bio-au-sirop","status":"publish","type":"product","link":"https:\/\/france-gastronomie.shop\/fr\/produit\/myrtilles-bio-au-sirop\/","title":{"rendered":"Myrtilles <br\/> Fruits au sirop"},"content":{"rendered":"<h5>Myrtilles Fruits au sirop<br \/>\nBIOLOKLOCK<\/h5>\n<p>Nos myrtilles au sirop sont coup\u00e9es \u00e0 la main et mises dans un sirop l\u00e9ger qui permet de conserver leur bon go\u00fbt et leur texture. Elles sont id\u00e9ales en p\u00e2tisserie ou en salade de fruits.<\/p>\n<p>Nos myrtilles enti\u00e8res au sirop, 100% fran\u00e7aises, sont conditionn\u00e9es dans un bocal en verre recyclable de 360g.<br \/>\nCe produit est id\u00e9al pour les salades de fruits, les p\u00e2tisseries diverses, les smoothies et pourquoi pas en accompagnement de vos recettes sal\u00e9es en dehors des saisons fruiti\u00e8res.<br \/>\nTous nos fruits au sirop sont pr\u00e9par\u00e9s artisanalement, \u00e0 l\u2019ancienne (la mise en pot s\u2019effectue \u00e0 la main), en petites quantit\u00e9s, par des passionn\u00e9s du BIO, du respect de l\u2019environnement et de la sant\u00e9; un h\u00e9ritage familial transmis de g\u00e9n\u00e9ration en g\u00e9n\u00e9ration avec une profonde conviction.<\/p>\n<p>Bienfaits<br \/>\nVous serez, sans nul doute, s\u00e9duits par la saveur authentique et sucr\u00e9e de nos myrtilles au sirop BIO 100% fran\u00e7aises.<br \/>\nDe nombreux bienfaits sont reconnus \u00e0 la myrtille, notamment pour les yeux . En plus, elle renforcerait la r\u00e9sistance des vaisseaux capillaires et diminuerait leur perm\u00e9abilit\u00e9, ce qui lui conf\u00e9rerait certaines propri\u00e9t\u00e9s anti-h\u00e9morragiques . Elle pr\u00e9senterait \u00e9galement des propri\u00e9t\u00e9s astringente, antiseptique et antiputride intestinales.<br \/>\nElle poss\u00e9derait un pouvoir anti-oxydant. (Ces vertus que l&rsquo;on attribue \u00e0 chacun de ces fruits sont reconnues depuis des g\u00e9n\u00e9rations mais ne sauraient se substituer \u00e0 un traitement prescrit par un professionnel de la sant\u00e9.)<br \/>\nOn raconte que pendant la seconde guerre mondiale, les aviateurs de la Royal Air Force auraient grandement am\u00e9lior\u00e9 leur vision nocturne gr\u00e2ce \u00e0 la gel\u00e9e de myrtille&#8230; qui serait vite devenue leur ration quotidienne!<\/p>\n<p>Composition<br \/>\nMyrtilles*, sucre de canne blond \u00e9quitable*, eau. *Ingr\u00e9dients issus de l\u2019agriculture biologique.<br \/>\nAucun autre rajout d\u2019aucune sorte.<\/p>\n<p>Conservation<br \/>\nA conserver au frais apr\u00e8s ouverture.<\/p>\n<p>Valeurs nutritionnelles pour 100g<\/p>\n<table width=\"269\">\n<tbody>\n<tr>\n<td width=\"157\">Energie (kcal)<\/td>\n<td width=\"112\">69,9<\/td>\n<\/tr>\n<tr>\n<td>Energie (kJ)<\/td>\n<td>297,6<\/td>\n<\/tr>\n<tr>\n<td>Mati\u00e8res grasses<\/td>\n<td>0,1 g<\/td>\n<\/tr>\n<tr>\n<td>dont acides gras satur\u00e9s<\/td>\n<td>0,0 g<\/td>\n<\/tr>\n<tr>\n<td>Glucides<\/td>\n<td>17,0 g<\/td>\n<\/tr>\n<tr>\n<td>dont sucres<\/td>\n<td>16,9 g<\/td>\n<\/tr>\n<tr>\n<td>Fibres alimentaires<\/td>\n<td>0,4 g<\/td>\n<\/tr>\n<tr>\n<td>Prot\u00e9ines<\/td>\n<td>0,1 g<\/td>\n<\/tr>\n<tr>\n<td>Sel<\/td>\n<td>0,0 g<\/td>\n<\/tr>\n<\/tbody>\n<\/table>\n","protected":false},"excerpt":{"rendered":"<h5>BIOLOKLOCK<\/h5>\n<p>Bioloklock est une entreprise artisanale qui est le fruit d&rsquo;un tr\u00e8s long engagement familial dans l&rsquo;agriculture biologique depuis le d\u00e9but des ann\u00e9es 1960.<\/p>\n","protected":false},"featured_media":9848,"comment_status":"open","ping_status":"closed","template":"","meta":[],"product_brand":[],"product_cat":[574,31,252],"product_tag":[],"class_list":{"0":"post-9847","1":"product","2":"type-product","3":"status-publish","4":"has-post-thumbnail","6":"product_cat-confitures","7":"product_cat-epicerie","8":"product_cat-bio","10":"first","11":"outofstock","12":"taxable","13":"shipping-taxable","14":"purchasable","15":"product-type-simple"},"jetpack_sharing_enabled":true,"_links":{"self":[{"href":"https:\/\/france-gastronomie.shop\/fr\/wp-json\/wp\/v2\/product\/9847","targetHints":{"allow":["GET"]}}],"collection":[{"href":"https:\/\/france-gastronomie.shop\/fr\/wp-json\/wp\/v2\/product"}],"about":[{"href":"https:\/\/france-gastronomie.shop\/fr\/wp-json\/wp\/v2\/types\/product"}],"replies":[{"embeddable":true,"href":"https:\/\/france-gastronomie.shop\/fr\/wp-json\/wp\/v2\/comments?post=9847"}],"wp:featuredmedia":[{"embeddable":true,"href":"https:\/\/france-gastronomie.shop\/fr\/wp-json\/wp\/v2\/media\/9848"}],"wp:attachment":[{"href":"https:\/\/france-gastronomie.shop\/fr\/wp-json\/wp\/v2\/media?parent=9847"}],"wp:term":[{"taxonomy":"product_brand","embeddable":true,"href":"https:\/\/france-gastronomie.shop\/fr\/wp-json\/wp\/v2\/product_brand?post=9847"},{"taxonomy":"product_cat","embeddable":true,"href":"https:\/\/france-gastronomie.shop\/fr\/wp-json\/wp\/v2\/product_cat?post=9847"},{"taxonomy":"product_tag","embeddable":true,"href":"https:\/\/france-gastronomie.shop\/fr\/wp-json\/wp\/v2\/product_tag?post=9847"}],"curies":[{"name":"wp","href":"https:\/\/api.w.org\/{rel}","templated":true}]}}