{"id":8222,"date":"2021-02-16T19:12:18","date_gmt":"2021-02-16T19:12:18","guid":{"rendered":"https:\/\/france-gastronomie.shop\/?post_type=product&#038;p=8222"},"modified":"2023-12-20T00:25:10","modified_gmt":"2023-12-20T00:25:10","slug":"confiture-de-noix-bio","status":"publish","type":"product","link":"https:\/\/france-gastronomie.shop\/fr\/produit\/confiture-de-noix-bio\/","title":{"rendered":"Noix <br\/> Confiture"},"content":{"rendered":"<h5>Confiture de noix<br \/>\nBIOLOKLOCK<\/h5>\n<p>Pr\u00e9par\u00e9e avec des noix fran\u00e7aises riches en fibres, notre confiture vous surprendra par son originalit\u00e9 et ses nombreuses vertus.<\/p>\n<p>Cette surprenante confiture est conditionn\u00e9e dans un joli bocal en verre recyclable de 230g.<br \/>\nVous l\u2019adopterez au petit d\u00e9jeuner sur vos toasts beurr\u00e9s ou aux repas en accompagnement de vos plats sal\u00e9s. Elle parfumera aussi volontiers vos desserts.<br \/>\nToutes nos confitures \u00e9labor\u00e9es selon des m\u00e9thodes anciennes, en petites quantit\u00e9s, sont pr\u00e9par\u00e9es par des passionn\u00e9s du BIO, du respect de l\u2019environnement et de la sant\u00e9; un h\u00e9ritage familial transmis de g\u00e9n\u00e9ration en g\u00e9n\u00e9ration avec une profonde conviction.<\/p>\n<p>Bienfaits<br \/>\nCette originale douceur est un concentr\u00e9 d\u2019\u00e9nergie.<br \/>\nReconstituante, elle pourrait \u00eatre recommand\u00e9e aux an\u00e9miques, aux convalescents, aux enfants et aux vieillards.<br \/>\n(Ces vertus que l&rsquo;on attribue \u00e0 chacun de ces fruits sont reconnues depuis des g\u00e9n\u00e9rations mais ne sauraient se substituer \u00e0 un traitement prescrit par un professionnel de la sant\u00e9.)<br \/>\nCharlemagne raffolait des noix ainsi que sa femme Hildegarde.<\/p>\n<p>Composition<br \/>\nPur\u00e9e de noix (noix non grill\u00e9es* 58.8%, eau), sucre de canne blond \u00e9quitable*. *Ingr\u00e9dients issus de l\u2019agriculture biologique.<br \/>\nNous rajoutons uniquement le sucre BIO n\u00e9cessaire exig\u00e9 par la l\u00e9gislation fran\u00e7aise, c\u2019est-\u00e0-dire au minimum 55% de sucre total (sucre du fruit compris).<br \/>\nSinon, il ne s&rsquo;agit pas de confiture. Nous pr\u00e9parons la plupart de nos confitures avec un maximum de fruits: entre 55 et 65%.<br \/>\nPas de pectine. Pas de g\u00e9lifiant. Aucun rajout d\u2019aucune sorte. Notre confiture de noix est pr\u00e9par\u00e9e, quant \u00e0 elle, avec 58.8g de fruits pour 100g de produit fini.<br \/>\nTeneur totale en sucre env. 56g pour 100g. Malgr\u00e9 tous nos soins, ce produit peut contenir des morceaux de coquilles de noix.<\/p>\n<p>Conservation<br \/>\nA conserver au frais apr\u00e8s ouverture.<\/p>\n<p>Valeurs nutritionnelles pour 100g<\/p>\n<table width=\"269\">\n<tbody>\n<tr>\n<td width=\"157\">Energie (kcal)<\/td>\n<td width=\"112\">712,8<\/td>\n<\/tr>\n<tr>\n<td>Energie (kJ)<\/td>\n<td>2967,8<\/td>\n<\/tr>\n<tr>\n<td>Mati\u00e8res grasses<\/td>\n<td>49 g<\/td>\n<\/tr>\n<tr>\n<td>dont acides gras satur\u00e9s<\/td>\n<td>4,7 g<\/td>\n<\/tr>\n<tr>\n<td>Glucides<\/td>\n<td>56 g<\/td>\n<\/tr>\n<tr>\n<td>dont sucres<\/td>\n<td>53,2 g<\/td>\n<\/tr>\n<tr>\n<td>Fibres alimentaires<\/td>\n<td>4,1 g<\/td>\n<\/tr>\n<tr>\n<td>Prot\u00e9ines<\/td>\n<td>11,4 g<\/td>\n<\/tr>\n<tr>\n<td>Sel<\/td>\n<td>0 g<\/td>\n<\/tr>\n<\/tbody>\n<\/table>\n","protected":false},"excerpt":{"rendered":"<h5>BIOLOKLOCK<\/h5>\n<p>Bioloklock est une entreprise artisanale qui est le fruit d&rsquo;un tr\u00e8s long engagement familial dans l&rsquo;agriculture biologique depuis le d\u00e9but des ann\u00e9es 1960.<\/p>\n","protected":false},"featured_media":8223,"comment_status":"open","ping_status":"closed","template":"","meta":[],"product_brand":[],"product_cat":[574,31,252],"product_tag":[],"class_list":{"0":"post-8222","1":"product","2":"type-product","3":"status-publish","4":"has-post-thumbnail","6":"product_cat-confitures","7":"product_cat-epicerie","8":"product_cat-bio","10":"first","11":"outofstock","12":"taxable","13":"shipping-taxable","14":"purchasable","15":"product-type-simple"},"jetpack_sharing_enabled":true,"_links":{"self":[{"href":"https:\/\/france-gastronomie.shop\/fr\/wp-json\/wp\/v2\/product\/8222","targetHints":{"allow":["GET"]}}],"collection":[{"href":"https:\/\/france-gastronomie.shop\/fr\/wp-json\/wp\/v2\/product"}],"about":[{"href":"https:\/\/france-gastronomie.shop\/fr\/wp-json\/wp\/v2\/types\/product"}],"replies":[{"embeddable":true,"href":"https:\/\/france-gastronomie.shop\/fr\/wp-json\/wp\/v2\/comments?post=8222"}],"wp:featuredmedia":[{"embeddable":true,"href":"https:\/\/france-gastronomie.shop\/fr\/wp-json\/wp\/v2\/media\/8223"}],"wp:attachment":[{"href":"https:\/\/france-gastronomie.shop\/fr\/wp-json\/wp\/v2\/media?parent=8222"}],"wp:term":[{"taxonomy":"product_brand","embeddable":true,"href":"https:\/\/france-gastronomie.shop\/fr\/wp-json\/wp\/v2\/product_brand?post=8222"},{"taxonomy":"product_cat","embeddable":true,"href":"https:\/\/france-gastronomie.shop\/fr\/wp-json\/wp\/v2\/product_cat?post=8222"},{"taxonomy":"product_tag","embeddable":true,"href":"https:\/\/france-gastronomie.shop\/fr\/wp-json\/wp\/v2\/product_tag?post=8222"}],"curies":[{"name":"wp","href":"https:\/\/api.w.org\/{rel}","templated":true}]}}