{"id":742,"date":"2020-08-07T12:53:26","date_gmt":"2020-08-07T12:53:26","guid":{"rendered":"https:\/\/france-gastronomie.shop\/?post_type=product&#038;p=742"},"modified":"2025-11-27T11:39:11","modified_gmt":"2025-11-27T11:39:11","slug":"742","status":"publish","type":"product","link":"https:\/\/france-gastronomie.shop\/fr\/produit\/742\/","title":{"rendered":"Domaine Vaucroze <br\/> C\u00f4tes du Rh\u00f4ne"},"content":{"rendered":"<h5>Domaine Vaucroze<\/h5>\n<h5>AOC C\u00f4tes du Rh\u00f4ne<\/h5>\n<p>TERROIR D\u2019ORIGINE<br \/>\nCoteaux et mourres argilo siliceux<\/p>\n<p>VINIFICATION<br \/>\nEgrappage, cuvaison 15 \u00e0 20 jours, d\u00e9lestages et remontages journaliers.<br \/>\nTemp\u00e9rature de fermentation 28 \u00e0 30\u00b0 C.<\/p>\n<p>VIEILLISSEMENT<br \/>\n10 mois en cuve<\/p>\n<p>CEPAGES<br \/>\nGrenache 90%, Carignan 10%<\/p>\n<p>NOTES DE DEGUSTATION DE NOTRE \u0152NOLOGUE<br \/>\nCe vin est issu de vieux Grenache et Carignan, deux c\u00e9pages typiques des C\u00f4tes du Rh\u00f4ne. Le Grenache apporte la puissance, le gras et la souplesse, le Carignan la fraicheur, la structure et la charpente.<\/p>\n<p>MISE EN BOUTEILLE<br \/>\nA la propri\u00e9t\u00e9<\/p>\n<p>CONSEILS DE DEGUSTATION<br \/>\nGarde: 5 ans. 14\u00b0 &#8211; 16\u00b0C<\/p>\n<p>CONSEILS D\u2019ACCOMPAGNEMENT<br \/>\nIl peut \u00eatre consomm\u00e9 avec tous les plats de la cuisine m\u00e9diterran\u00e9enne m\u00eame \u00e9pic\u00e9s et s\u2019accorde parfaitement avec des plats en sauce ou gibier.<\/p>\n","protected":false},"excerpt":{"rendered":"<h5>AOC C\u00f4tes du Rh\u00f4ne<\/h5>\n<p>En 1925, un groupe de vignerons convaincu par les valeurs de solidarit\u00e9 et d\u2019entraide s\u2019unit. Onze ans apr\u00e8s, ces vignerons visionnaires participeront \u00e0 la construction de la 1\u00e8re appellation de France: CH\u00c2TEAUNEUF-DU-PAPE.<br \/>\nSoud\u00e9s comme \u00e0 l\u2019origine, les 189 Vignerons du CELLIER DES PRINCES sont aujourd\u2019hui fiers de faire appr\u00e9cier leurs vins sur les cinq continents et de pouvoir transmettre leurs valeurs de convivialit\u00e9 et d\u2019excellence.<\/p>\n<p>CEPAGES<br \/>\nGrenache 90%, Carignan 10%<\/p>\n","protected":false},"featured_media":1417,"comment_status":"closed","ping_status":"closed","template":"","meta":[],"product_brand":[],"product_cat":[85,242,244,282,250,29,252],"product_tag":[],"class_list":{"0":"post-742","1":"product","2":"type-product","3":"status-publish","4":"has-post-thumbnail","6":"product_cat-vins","7":"product_cat-regions","8":"product_cat-vallee-du-rhone","9":"product_cat-cotes-du-rhone","10":"product_cat-couleur","11":"product_cat-vin-rouge","12":"product_cat-bio","14":"first","15":"instock","16":"sale","17":"downloadable","18":"taxable","19":"shipping-taxable","20":"purchasable","21":"product-type-simple"},"jetpack_sharing_enabled":true,"_links":{"self":[{"href":"https:\/\/france-gastronomie.shop\/fr\/wp-json\/wp\/v2\/product\/742","targetHints":{"allow":["GET"]}}],"collection":[{"href":"https:\/\/france-gastronomie.shop\/fr\/wp-json\/wp\/v2\/product"}],"about":[{"href":"https:\/\/france-gastronomie.shop\/fr\/wp-json\/wp\/v2\/types\/product"}],"replies":[{"embeddable":true,"href":"https:\/\/france-gastronomie.shop\/fr\/wp-json\/wp\/v2\/comments?post=742"}],"wp:featuredmedia":[{"embeddable":true,"href":"https:\/\/france-gastronomie.shop\/fr\/wp-json\/wp\/v2\/media\/1417"}],"wp:attachment":[{"href":"https:\/\/france-gastronomie.shop\/fr\/wp-json\/wp\/v2\/media?parent=742"}],"wp:term":[{"taxonomy":"product_brand","embeddable":true,"href":"https:\/\/france-gastronomie.shop\/fr\/wp-json\/wp\/v2\/product_brand?post=742"},{"taxonomy":"product_cat","embeddable":true,"href":"https:\/\/france-gastronomie.shop\/fr\/wp-json\/wp\/v2\/product_cat?post=742"},{"taxonomy":"product_tag","embeddable":true,"href":"https:\/\/france-gastronomie.shop\/fr\/wp-json\/wp\/v2\/product_tag?post=742"}],"curies":[{"name":"wp","href":"https:\/\/api.w.org\/{rel}","templated":true}]}}