{"id":712,"date":"2020-08-06T18:48:45","date_gmt":"2020-08-06T18:48:45","guid":{"rendered":"https:\/\/france-gastronomie.shop\/?post_type=product&#038;p=712"},"modified":"2024-11-04T11:33:42","modified_gmt":"2024-11-04T11:33:42","slug":"le-cellier-des-princes-vpo","status":"publish","type":"product","link":"https:\/\/france-gastronomie.shop\/fr\/produit\/le-cellier-des-princes-vpo\/","title":{"rendered":"Triporteur <br\/> IGP Vaucluse"},"content":{"rendered":"<h5>Triporteur<\/h5>\n<h5>IGP Vaucluse<\/h5>\n<p>Terroir d\u2019origine<br \/>\nArgilo siliceux.<\/p>\n<p>Vinification<br \/>\nEgrappage, cuvaison 6 \u00e0 8 jours avec remontages. Temp\u00e9rature de fermentation 26 \u00e0 28\u00b0 C.<\/p>\n<p>Vieillissement<br \/>\n6 mois en cuve<\/p>\n<p>C\u00e9pages<br \/>\nGrenache 70% &#8211; Syrah, Caladoc, Carignan 30%<\/p>\n<p>Notes de d\u00e9gustation de notre \u0153nologue<br \/>\nLa robe est rouge cerise aux reflets violets. Le nez est intense, aux parfums de cerise et de cassis. Au palais, on retrouve des notes de petits fruits rouges acidul\u00e9s. Agr\u00e9able \u00e0 boire jeune, il a une attaque franche en bouche, c\u2019est un vin souple et fruit\u00e9.<\/p>\n<p>Mise en bouteille<br \/>\nA la propri\u00e9t\u00e9<\/p>\n<p>Conseils de d\u00e9gustation<br \/>\nGarde: 2 &#8211; 3 ans. 14\u00b0-16\u00b0C<\/p>\n<p>Conseils d\u2019accompagnement<br \/>\nIl peut \u00eatre consomm\u00e9 sur des charcuteries, des grillades et g\u00e9n\u00e9ralement avec tous les plats de la cuisine m\u00e9diterran\u00e9enne.<\/p>\n","protected":false},"excerpt":{"rendered":"<h5>IGP Vaucluse<\/h5>\n<div>En 1925, un groupe de vignerons convaincu par les valeurs de solidarit\u00e9 et d\u2019entraide s\u2019unit. Onze ans apr\u00e8s, ces vignerons visionnaires participeront \u00e0 la construction de la 1\u00e8re appellation de France: CH\u00c2TEAUNEUF-DU-PAPE.<br \/>\nSoud\u00e9s comme \u00e0 l\u2019origine, les 189 Vignerons du CELLIER DES PRINCES sont aujourd\u2019hui fiers de faire appr\u00e9cier leurs vins sur les cinq continents et de pouvoir transmettre leurs valeurs de convivialit\u00e9 et d\u2019excellence.<\/div>\n<p>C\u00e9pages<br \/>\nGrenache 70% &#8211; Syrah, Caladoc, Carignan 30%<\/p>\n","protected":false},"featured_media":14541,"comment_status":"closed","ping_status":"closed","template":"","meta":[],"product_brand":[],"product_cat":[85,242,244,281,250,29],"product_tag":[],"class_list":{"0":"post-712","1":"product","2":"type-product","3":"status-publish","4":"has-post-thumbnail","6":"product_cat-vins","7":"product_cat-regions","8":"product_cat-vallee-du-rhone","9":"product_cat-principaute-dorange-et-vaucluse","10":"product_cat-couleur","11":"product_cat-vin-rouge","13":"first","14":"instock","15":"taxable","16":"shipping-taxable","17":"purchasable","18":"product-type-simple"},"jetpack_sharing_enabled":true,"_links":{"self":[{"href":"https:\/\/france-gastronomie.shop\/fr\/wp-json\/wp\/v2\/product\/712","targetHints":{"allow":["GET"]}}],"collection":[{"href":"https:\/\/france-gastronomie.shop\/fr\/wp-json\/wp\/v2\/product"}],"about":[{"href":"https:\/\/france-gastronomie.shop\/fr\/wp-json\/wp\/v2\/types\/product"}],"replies":[{"embeddable":true,"href":"https:\/\/france-gastronomie.shop\/fr\/wp-json\/wp\/v2\/comments?post=712"}],"wp:featuredmedia":[{"embeddable":true,"href":"https:\/\/france-gastronomie.shop\/fr\/wp-json\/wp\/v2\/media\/14541"}],"wp:attachment":[{"href":"https:\/\/france-gastronomie.shop\/fr\/wp-json\/wp\/v2\/media?parent=712"}],"wp:term":[{"taxonomy":"product_brand","embeddable":true,"href":"https:\/\/france-gastronomie.shop\/fr\/wp-json\/wp\/v2\/product_brand?post=712"},{"taxonomy":"product_cat","embeddable":true,"href":"https:\/\/france-gastronomie.shop\/fr\/wp-json\/wp\/v2\/product_cat?post=712"},{"taxonomy":"product_tag","embeddable":true,"href":"https:\/\/france-gastronomie.shop\/fr\/wp-json\/wp\/v2\/product_tag?post=712"}],"curies":[{"name":"wp","href":"https:\/\/api.w.org\/{rel}","templated":true}]}}