{"id":706,"date":"2020-08-06T18:30:49","date_gmt":"2020-08-06T18:30:49","guid":{"rendered":"https:\/\/france-gastronomie.shop\/?post_type=product&#038;p=706"},"modified":"2025-10-20T09:24:32","modified_gmt":"2025-10-20T09:24:32","slug":"le-triporteur-v-p-o","status":"publish","type":"product","link":"https:\/\/france-gastronomie.shop\/fr\/produit\/le-triporteur-v-p-o\/","title":{"rendered":"Bag In Box 3L <br\/> Le Triporteur"},"content":{"rendered":"<h5>Le Triporteur<\/h5>\n<h5>2017<br \/>\nIGP Vaucluse Rouge<\/h5>\n<p>Terroir d\u2019origine<br \/>\nArgilo siliceux<\/p>\n<p>Vinification<br \/>\nEgrappage, cuvaison 6 \u00e0 8 jours avec remontages. Temp\u00e9rature de fermentation 26 \u00e0 28\u00b0 C.<\/p>\n<p>Vieillissement<br \/>\n6 mois en cuve<\/p>\n<p>C\u00e9pages<br \/>\nGrenache 70% &#8211; Syrah, Caladoc, Carignan 30%<\/p>\n<p>D\u00e9gustation<br \/>\nLa robe est rouge cerise aux reflets violets. Le nez est intense, aux parfums de cerise et de cassis.<br \/>\nAu palais, on retrouve des notes de petits fruits rouges acidul\u00e9s.<br \/>\nAgr\u00e9able \u00e0 boire jeune, il a une attaque franche en bouche, c\u2019est un vin souple et fruit\u00e9.<\/p>\n<p>Mise en bouteille<br \/>\nA la propri\u00e9t\u00e9<\/p>\n<p>Conseils de d\u00e9gustation<br \/>\nGarde 2 &#8211; 3 ans. 14\u00b0-16\u00b0C<\/p>\n<p>Conseils d\u2019accompagnement<br \/>\nIl peut \u00eatre consomm\u00e9 sur des charcuteries, des grillades et g\u00e9n\u00e9ralement avec tous les plats de la cuisine m\u00e9diterran\u00e9enne.<\/p>\n","protected":false},"excerpt":{"rendered":"<h5>2017<br \/>\nIGP Vaucluse<\/h5>\n<p>CEPAGES<br \/>\nGrenache 70% &#8211; Syrah, Caladoc, Carignan 30%<\/p>\n","protected":false},"featured_media":9793,"comment_status":"closed","ping_status":"closed","template":"","meta":[],"product_brand":[],"product_cat":[563,85,242,244,281,250,29],"product_tag":[],"class_list":{"0":"post-706","1":"product","2":"type-product","3":"status-publish","4":"has-post-thumbnail","6":"product_cat-bag-in-box-3l","7":"product_cat-vins","8":"product_cat-regions","9":"product_cat-vallee-du-rhone","10":"product_cat-principaute-dorange-et-vaucluse","11":"product_cat-couleur","12":"product_cat-vin-rouge","14":"first","15":"instock","16":"taxable","17":"shipping-taxable","18":"purchasable","19":"product-type-simple"},"jetpack_sharing_enabled":true,"_links":{"self":[{"href":"https:\/\/france-gastronomie.shop\/fr\/wp-json\/wp\/v2\/product\/706","targetHints":{"allow":["GET"]}}],"collection":[{"href":"https:\/\/france-gastronomie.shop\/fr\/wp-json\/wp\/v2\/product"}],"about":[{"href":"https:\/\/france-gastronomie.shop\/fr\/wp-json\/wp\/v2\/types\/product"}],"replies":[{"embeddable":true,"href":"https:\/\/france-gastronomie.shop\/fr\/wp-json\/wp\/v2\/comments?post=706"}],"wp:featuredmedia":[{"embeddable":true,"href":"https:\/\/france-gastronomie.shop\/fr\/wp-json\/wp\/v2\/media\/9793"}],"wp:attachment":[{"href":"https:\/\/france-gastronomie.shop\/fr\/wp-json\/wp\/v2\/media?parent=706"}],"wp:term":[{"taxonomy":"product_brand","embeddable":true,"href":"https:\/\/france-gastronomie.shop\/fr\/wp-json\/wp\/v2\/product_brand?post=706"},{"taxonomy":"product_cat","embeddable":true,"href":"https:\/\/france-gastronomie.shop\/fr\/wp-json\/wp\/v2\/product_cat?post=706"},{"taxonomy":"product_tag","embeddable":true,"href":"https:\/\/france-gastronomie.shop\/fr\/wp-json\/wp\/v2\/product_tag?post=706"}],"curies":[{"name":"wp","href":"https:\/\/api.w.org\/{rel}","templated":true}]}}