{"id":700,"date":"2020-08-06T18:06:36","date_gmt":"2020-08-06T18:06:36","guid":{"rendered":"https:\/\/france-gastronomie.shop\/?post_type=product&#038;p=700"},"modified":"2025-12-10T07:44:07","modified_gmt":"2025-12-10T07:44:07","slug":"700","status":"publish","type":"product","link":"https:\/\/france-gastronomie.shop\/fr\/produit\/700\/","title":{"rendered":"Cellier des Princes <br\/> Vaucluse Syrah"},"content":{"rendered":"<h5>IGP Vaucluse Syrah<\/h5>\n<p>TERROIR D\u2019ORIGINE<br \/>\nArgilo siliceux.<\/p>\n<p>VINIFICATION<br \/>\nEgrappage, cuvaison 8 \u00e0 10 jours avec remontages. Temp\u00e9rature de fermentation 26 \u00e0 28\u00b0 C.<\/p>\n<p>VIEILLISSEMENT<br \/>\n6 mois en cuves<\/p>\n<p>CEPAGES<br \/>\nSyrah 100%<\/p>\n<p>NOTES DE D\u00c9GUSTATION DE NOTRE \u0152NOLOGUE<br \/>\nCe vin tr\u00e8s color\u00e9, \u00e0 la robe rouge intense et aux reflets violets, poss\u00e8de la typicit\u00e9 et les ar\u00f4mes caract\u00e9ristiques de son c\u00e9page, cassis, poivre et r\u00e9glisse. Le palais est souple et fruit\u00e9.<\/p>\n<p>MISE EN BOUTEILLE<br \/>\nA la propri\u00e9t\u00e9<\/p>\n<p>CONSEILS DE DEGUSTATION<br \/>\nGarde: 2 &#8211; 3 ans. 14\u00b0-16\u00b0C<\/p>\n<p>CONSEILS D\u2019ACCOMPAGNEMENT<br \/>\nIl peut \u00eatre bu jeune sur des grillades, des viandes r\u00f4ties et des fromages.<\/p>\n","protected":false},"excerpt":{"rendered":"<h5>IGP Vaucluse Syrah<\/h5>\n<div>En 1925, un groupe de vignerons convaincu par les valeurs de solidarit\u00e9 et d\u2019entraide s\u2019unit. Onze ans apr\u00e8s, ces vignerons visionnaires participeront \u00e0 la construction de la 1\u00e8re appellation de France: CH\u00c2TEAUNEUF-DU-PAPE.<br \/>\nSoud\u00e9s comme \u00e0 l\u2019origine, les 189 Vignerons du CELLIER DES PRINCES sont aujourd\u2019hui fiers de faire appr\u00e9cier leurs vins sur les cinq continents et de pouvoir transmettre leurs valeurs de convivialit\u00e9 et d\u2019excellence.<\/div>\n<p>CEPAGES<br \/>\nSyrah 100%<\/p>\n","protected":false},"featured_media":25227,"comment_status":"closed","ping_status":"closed","template":"","meta":[],"product_brand":[],"product_cat":[85,242,244,281,250,29],"product_tag":[],"class_list":{"0":"post-700","1":"product","2":"type-product","3":"status-publish","4":"has-post-thumbnail","6":"product_cat-vins","7":"product_cat-regions","8":"product_cat-vallee-du-rhone","9":"product_cat-principaute-dorange-et-vaucluse","10":"product_cat-couleur","11":"product_cat-vin-rouge","13":"first","14":"instock","15":"sale","16":"taxable","17":"shipping-taxable","18":"purchasable","19":"product-type-simple"},"jetpack_sharing_enabled":true,"_links":{"self":[{"href":"https:\/\/france-gastronomie.shop\/fr\/wp-json\/wp\/v2\/product\/700","targetHints":{"allow":["GET"]}}],"collection":[{"href":"https:\/\/france-gastronomie.shop\/fr\/wp-json\/wp\/v2\/product"}],"about":[{"href":"https:\/\/france-gastronomie.shop\/fr\/wp-json\/wp\/v2\/types\/product"}],"replies":[{"embeddable":true,"href":"https:\/\/france-gastronomie.shop\/fr\/wp-json\/wp\/v2\/comments?post=700"}],"wp:featuredmedia":[{"embeddable":true,"href":"https:\/\/france-gastronomie.shop\/fr\/wp-json\/wp\/v2\/media\/25227"}],"wp:attachment":[{"href":"https:\/\/france-gastronomie.shop\/fr\/wp-json\/wp\/v2\/media?parent=700"}],"wp:term":[{"taxonomy":"product_brand","embeddable":true,"href":"https:\/\/france-gastronomie.shop\/fr\/wp-json\/wp\/v2\/product_brand?post=700"},{"taxonomy":"product_cat","embeddable":true,"href":"https:\/\/france-gastronomie.shop\/fr\/wp-json\/wp\/v2\/product_cat?post=700"},{"taxonomy":"product_tag","embeddable":true,"href":"https:\/\/france-gastronomie.shop\/fr\/wp-json\/wp\/v2\/product_tag?post=700"}],"curies":[{"name":"wp","href":"https:\/\/api.w.org\/{rel}","templated":true}]}}