{"id":653,"date":"2020-08-06T04:43:46","date_gmt":"2020-08-06T04:43:46","guid":{"rendered":"https:\/\/france-gastronomie.shop\/?post_type=product&#038;p=653"},"modified":"2025-11-28T16:25:53","modified_gmt":"2025-11-28T16:25:53","slug":"entre-parentheses-vin-de-bordeaux","status":"publish","type":"product","link":"https:\/\/france-gastronomie.shop\/fr\/produit\/entre-parentheses-vin-de-bordeaux\/","title":{"rendered":"Entre-Parenth\u00e8ses <br\/> Vin de Bordeaux"},"content":{"rendered":"<h5>Entre Parenth\u00e8ses<\/h5>\n<h5>AOC Vin de Bordeaux<\/h5>\n<p>TERROIR<br \/>\nIssu d\u2019une rigoureuse s\u00e9lection par nos oenologues, Entre Parenth\u00e8ses repr\u00e9sente la quintessence des meilleurs terroirs argilo-calcaires du vignoble bordelais.<br \/>\nCeux-ci ont \u00e9t\u00e9 sp\u00e9cialement choisis pour leur capacit\u00e9 \u00e0 produire des vins rac\u00e9s et d\u2019une belle intensit\u00e9 aromatique.<\/p>\n<p>CEPAGES<br \/>\nMerlot, Cabernet Franc, Cabernet Sauvignon<\/p>\n<p>VINIFICATION<br \/>\nLes raisins subissent un pressurage direct d\u00e8s leur arriv\u00e9e au chai. Les fermentations se font \u00e0 basse temp\u00e9rature afin d\u2019obtenir un vin d\u00e9licatement fruit\u00e9.<br \/>\nLe vin est ensuite \u00e9lev\u00e9 en cuves inox et en partie sur lies fines avec b\u00e2tonages r\u00e9guliers.<\/p>\n<p>DEGUSTATION<br \/>\nEntre Parenth\u00e8ses se pare d\u2019une s\u00e9duisante robe p\u00e2le et limpide aux reflets l\u00e9g\u00e8rement saumon\u00e9s, r\u00e9v\u00e9lant un bouquet intense sur des notes subtilement fruit\u00e9es.<br \/>\nLa bouche se fait savoureuse, bien \u00e9quilibr\u00e9e entre rondeur, intensit\u00e9 aromatique et agr\u00e9able fraicheur. Un vin raffin\u00e9 et \u00e9l\u00e9gant.<\/p>\n<p>ACCORDS METS &amp; VINS<br \/>\nEntre Parenth\u00e8ses saura accompagner vos moments de d\u00e9tente, qu\u2019ils soient \u00e0 l\u2019ap\u00e9ritif avec des tapas ou autour d\u2019un bon repas compos\u00e9 de salades estivales, de viandes ou poissons grill\u00e9s. Il pourra \u00e9galement \u00eatre servi sur des desserts \u00e0 base de fruits.<\/p>\n<p>SERVICE<br \/>\nServir frais, \u00e0 une temp\u00e9rature comprise entre 10 et 12\u00b0C.<\/p>\n","protected":false},"excerpt":{"rendered":"<h5>AOC Vin de Bordeaux<\/h5>\n<p>Maison Le Star est la concr\u00e9tisation d\u2019un r\u00eave et l\u2019expression d\u2019une passion.<br \/>\nEntour\u00e9 d\u2019une \u00e9quipe de professionnels, \u0153nologues et sommeliers, garants de la qualit\u00e9 des vins que nous produisons et s\u00e9lectionnons, nous offrons aux futurs amateurs et aux connaisseurs du monde entier des vins fran\u00e7ais de qualit\u00e9 au prix juste.<\/p>\n<p>CEPAGES<br \/>\nMerlot, Cabernet Franc, Cabernet Sauvignon<\/p>\n","protected":false},"featured_media":9019,"comment_status":"closed","ping_status":"closed","template":"","meta":[],"product_brand":[],"product_cat":[85,242,243,263,250,30],"product_tag":[],"class_list":{"0":"post-653","1":"product","2":"type-product","3":"status-publish","4":"has-post-thumbnail","6":"product_cat-vins","7":"product_cat-regions","8":"product_cat-bordeaux","9":"product_cat-vins-de-bordeaux","10":"product_cat-couleur","11":"product_cat-vin-rose","13":"first","14":"instock","15":"sale","16":"taxable","17":"shipping-taxable","18":"purchasable","19":"product-type-simple"},"jetpack_sharing_enabled":true,"_links":{"self":[{"href":"https:\/\/france-gastronomie.shop\/fr\/wp-json\/wp\/v2\/product\/653","targetHints":{"allow":["GET"]}}],"collection":[{"href":"https:\/\/france-gastronomie.shop\/fr\/wp-json\/wp\/v2\/product"}],"about":[{"href":"https:\/\/france-gastronomie.shop\/fr\/wp-json\/wp\/v2\/types\/product"}],"replies":[{"embeddable":true,"href":"https:\/\/france-gastronomie.shop\/fr\/wp-json\/wp\/v2\/comments?post=653"}],"wp:featuredmedia":[{"embeddable":true,"href":"https:\/\/france-gastronomie.shop\/fr\/wp-json\/wp\/v2\/media\/9019"}],"wp:attachment":[{"href":"https:\/\/france-gastronomie.shop\/fr\/wp-json\/wp\/v2\/media?parent=653"}],"wp:term":[{"taxonomy":"product_brand","embeddable":true,"href":"https:\/\/france-gastronomie.shop\/fr\/wp-json\/wp\/v2\/product_brand?post=653"},{"taxonomy":"product_cat","embeddable":true,"href":"https:\/\/france-gastronomie.shop\/fr\/wp-json\/wp\/v2\/product_cat?post=653"},{"taxonomy":"product_tag","embeddable":true,"href":"https:\/\/france-gastronomie.shop\/fr\/wp-json\/wp\/v2\/product_tag?post=653"}],"curies":[{"name":"wp","href":"https:\/\/api.w.org\/{rel}","templated":true}]}}