{"id":6168,"date":"2021-02-05T09:31:24","date_gmt":"2021-02-05T09:31:24","guid":{"rendered":"https:\/\/france-gastronomie.shop\/?post_type=product&#038;p=6168"},"modified":"2024-11-11T10:37:13","modified_gmt":"2024-11-11T10:37:13","slug":"confiture-de-figues-noix-bio","status":"publish","type":"product","link":"https:\/\/france-gastronomie.shop\/fr\/produit\/confiture-de-figues-noix-bio\/","title":{"rendered":"Figues-noix <br\/> Confiture"},"content":{"rendered":"<h5>Confiture de figues-noix<br \/>\nBIOLOKLOCK<\/h5>\n<p>Pr\u00e9par\u00e9e avec des noix et des figues fran\u00e7aises, notre confiture vous \u00e9tonnera par son go\u00fbt et ses saveurs gourmandes.<\/p>\n<p>Cette confiture onctueuse et sucr\u00e9e est propos\u00e9e dans des bocaux en verre recyclable de 230g.<br \/>\nCette confiture de figues-noix BIO peut \u00eatre d\u00e9gust\u00e9e \u00e0 la petite cuill\u00e8re, sur des toasts, en accompagnement de vos charcuteries, viandes, volailles ou fromages et dans vos desserts.<br \/>\nToutes nos confitures \u00e9labor\u00e9es selon des m\u00e9thodes anciennes, en petites quantit\u00e9s, sont pr\u00e9par\u00e9es par des passionn\u00e9s du BIO, du respect de l\u2019environnement et de la sant\u00e9; un h\u00e9ritage familial transmis de g\u00e9n\u00e9ration en g\u00e9n\u00e9ration avec une profonde conviction.<\/p>\n<p>Bienfaits<br \/>\nDans cette confiture gorg\u00e9e de soleil, vous reconna\u00eetrez le go\u00fbt fin de la noix conjugu\u00e9 \u00e0 la saveur gourmande de la figue qu\u2019elle soit verte (ou blanche), violette (ou noire), rouge (ou grise). Les qualit\u00e9s de la figue associ\u00e9es \u00e0 celles de la noix offrent une mine de bienfaits ( \u00e9nerg\u00e9tique, tonique, stimulante de la croissance chez les enfants, source d\u2019oligo\u00e9l\u00e9ments, min\u00e9raux, vitamines, fibres\u2026).<br \/>\n(Ces vertus que l&rsquo;on attribue \u00e0 chacun de ces fruits sont reconnues depuis des g\u00e9n\u00e9rations mais ne sauraient se substituer \u00e0 un traitement prescrit par un professionnel de la sant\u00e9.)<br \/>\nNotre confiture de figues-noix a \u00e9t\u00e9 r\u00e9compens\u00e9e MEILLEUR PRODUIT BIO 2014 par un jury de 100 consommateurs.<\/p>\n<p>Composition<br \/>\nFigues* 58.8% et noix* 4.7%, sucre de canne blond \u00e9quitable* 36.5%. *Ingr\u00e9dients issus de l\u2019agriculture biologique.<br \/>\nNous rajoutons uniquement le sucre BIO n\u00e9cessaire exig\u00e9 par la l\u00e9gislation fran\u00e7aise, c\u2019est-\u00e0-dire au minimum 55% de sucre total (sucre du fruit compris).<br \/>\nSinon, il ne s&rsquo;agit pas de confiture. Nous pr\u00e9parons la plupart de nos confitures avec un maximum de fruits: entre 55 et 65%.<br \/>\nPas de pectine. Pas de g\u00e9lifiant. Aucun rajout d\u2019aucune sorte. Notre confiture de figues-noix est pr\u00e9par\u00e9e, quant \u00e0 elle, avec 63.5g de fruits pour 100g de produit fini. Teneur totale en sucre env. 56g pour 100g. Malgr\u00e9 tous nos soins, ce produit peut contenir des morceaux de coquilles de noix.<\/p>\n<p>Conservation<br \/>\nA conserver au frais apr\u00e8s ouverture.<\/p>\n<p>Valeurs nutritionnelles<\/p>\n<table width=\"269\">\n<tbody>\n<tr>\n<td width=\"157\">Energie (kcal) pour 100g<\/td>\n<td width=\"112\">321,2<\/td>\n<\/tr>\n<tr>\n<td>Energie (kJ)<\/td>\n<td>1353,4<\/td>\n<\/tr>\n<tr>\n<td>Mati\u00e8res grasses<\/td>\n<td>9,1<\/td>\n<\/tr>\n<tr>\n<td>dont acides gras satur\u00e9s<\/td>\n<td>0,9<\/td>\n<\/tr>\n<tr>\n<td>Glucides<\/td>\n<td>56,0<\/td>\n<\/tr>\n<tr>\n<td>dont sucres<\/td>\n<td>54,7<\/td>\n<\/tr>\n<tr>\n<td>Fibres alimentaires<\/td>\n<td>3,0<\/td>\n<\/tr>\n<tr>\n<td>Prot\u00e9ines<\/td>\n<td>2,4<\/td>\n<\/tr>\n<tr>\n<td>Sel<\/td>\n<td>0,0<\/td>\n<\/tr>\n<\/tbody>\n<\/table>\n","protected":false},"excerpt":{"rendered":"<h5>BIOLOKLOCK<\/h5>\n<p>Bioloklock est une entreprise artisanale qui est le fruit d&rsquo;un tr\u00e8s long engagement familial dans l&rsquo;agriculture biologique depuis le d\u00e9but des ann\u00e9es 1960.<\/p>\n","protected":false},"featured_media":6268,"comment_status":"open","ping_status":"closed","template":"","meta":[],"product_brand":[],"product_cat":[574,31,252],"product_tag":[],"class_list":{"0":"post-6168","1":"product","2":"type-product","3":"status-publish","4":"has-post-thumbnail","6":"product_cat-confitures","7":"product_cat-epicerie","8":"product_cat-bio","10":"first","11":"outofstock","12":"taxable","13":"shipping-taxable","14":"purchasable","15":"product-type-simple"},"jetpack_sharing_enabled":true,"_links":{"self":[{"href":"https:\/\/france-gastronomie.shop\/fr\/wp-json\/wp\/v2\/product\/6168","targetHints":{"allow":["GET"]}}],"collection":[{"href":"https:\/\/france-gastronomie.shop\/fr\/wp-json\/wp\/v2\/product"}],"about":[{"href":"https:\/\/france-gastronomie.shop\/fr\/wp-json\/wp\/v2\/types\/product"}],"replies":[{"embeddable":true,"href":"https:\/\/france-gastronomie.shop\/fr\/wp-json\/wp\/v2\/comments?post=6168"}],"wp:featuredmedia":[{"embeddable":true,"href":"https:\/\/france-gastronomie.shop\/fr\/wp-json\/wp\/v2\/media\/6268"}],"wp:attachment":[{"href":"https:\/\/france-gastronomie.shop\/fr\/wp-json\/wp\/v2\/media?parent=6168"}],"wp:term":[{"taxonomy":"product_brand","embeddable":true,"href":"https:\/\/france-gastronomie.shop\/fr\/wp-json\/wp\/v2\/product_brand?post=6168"},{"taxonomy":"product_cat","embeddable":true,"href":"https:\/\/france-gastronomie.shop\/fr\/wp-json\/wp\/v2\/product_cat?post=6168"},{"taxonomy":"product_tag","embeddable":true,"href":"https:\/\/france-gastronomie.shop\/fr\/wp-json\/wp\/v2\/product_tag?post=6168"}],"curies":[{"name":"wp","href":"https:\/\/api.w.org\/{rel}","templated":true}]}}