{"id":609,"date":"2020-08-05T09:25:05","date_gmt":"2020-08-05T09:25:05","guid":{"rendered":"https:\/\/france-gastronomie.shop\/?post_type=product&#038;p=609"},"modified":"2025-11-27T11:42:50","modified_gmt":"2025-11-27T11:42:50","slug":"domaine-de-ju-ventoux-5","status":"publish","type":"product","link":"https:\/\/france-gastronomie.shop\/fr\/produit\/domaine-de-ju-ventoux-5\/","title":{"rendered":"Domaine de JU <br\/> AOC Ventoux"},"content":{"rendered":"<h5>Domaine de JU<\/h5>\n<h5>AOC Ventoux<\/h5>\n<p>TERROIR D&rsquo;ORIGINE<br \/>\nLe vigneron Julien Cornud, \u00e9galement p\u00e9pini\u00e9riste, est un amoureux de son terroir. Ses vignes sont situ\u00e9es sur Caromb, petit village sur les contreforts du Mont Ventoux. Son vignoble ayant la particularit\u00e9 d&rsquo;\u00eatre parsem\u00e9 de morceaux de silex, cela lui conf\u00e8re des ar\u00f4me sp\u00e9cifiques, des notes fum\u00e9es et de la min\u00e9ralit\u00e9. Argilo-Calcaires parsem\u00e9s de morceaux de silex.<\/p>\n<p>VINIFICATION<br \/>\nEgrappage, cuvaison 6 \u00e0 8 jours avec remontages et d\u00e9lestages. Temp\u00e9rature de fermentation 28 \u00e0 30\u00b0 C<\/p>\n<p>VIEILLISSEMENT<br \/>\n6 mois en cuve b\u00e9ton<\/p>\n<p>CEPAGES<br \/>\nGrenache 60%, Syrah 35%, Carignan 5%<\/p>\n<p>NOTE DE DEGUSTATION<br \/>\nCe vin pr\u00e9sente une belle robe grenat soutenue aux reflets violets. Le nez, tr\u00e8s expressif, offre des notes de fruits rouges avec une pr\u00e9dominance de cassis ainsi qu&rsquo;une note \u00e9pic\u00e9e.<br \/>\nLa bouche est bien \u00e9quilibr\u00e9e avec une belle structure offrant des tanins tr\u00e8s fins et soyeux.<\/p>\n<p>On retrouve les notes de fruits rouges et d&rsquo;\u00e9pices.<\/p>\n<p>CONSEILS DE DEGUSTATION<br \/>\nPeut \u00eatre gard\u00e9e de 4 \u00e0 5 ans.<\/p>\n<p>CONSEIL D&rsquo;ACCOMPAGNEMENT<br \/>\nUn vin \u00e0 appr\u00e9cier d\u00e8s aujourd&rsquo;hui sur tous les plats de la cuisine m\u00e9diterran\u00e9enne ou sur des plats en sauce et du fromage.<\/p>\n<p>RECOMPENSES<br \/>\n2018: Or Pertuis \/\/ Argent Concours AOC Ventoux<br \/>\n2017: Or Paris \/\/ Or Concours AOC Ventoux<br \/>\n2016: Or Gilbert &amp; Gaillard<br \/>\n2015: Or Gilbert &amp; Gaillard<\/p>\n","protected":false},"excerpt":{"rendered":"<h5>AOC Ventoux<\/h5>\n<p>En 1925, un groupe de vignerons convaincu par les valeurs de solidarit\u00e9 et d\u2019entraide s\u2019unit. Onze ans apr\u00e8s, ces vignerons visionnaires participeront \u00e0 la construction de la 1\u00e8re appellation de France: CH\u00c2TEAUNEUF-DU-PAPE.<br \/>\nSoud\u00e9s comme \u00e0 l\u2019origine, les 189 Vignerons du CELLIER DES PRINCES sont aujourd\u2019hui fiers de faire appr\u00e9cier leurs vins sur les cinq continents et de pouvoir transmettre leurs valeurs de convivialit\u00e9 et d\u2019excellence.<\/p>\n<p>CEPAGES<br \/>\nGrenache 60%, Syrah 35%, Carignan 5%<\/p>\n","protected":false},"featured_media":9029,"comment_status":"closed","ping_status":"closed","template":"","meta":[],"product_brand":[],"product_cat":[597,85,242,244,250,29],"product_tag":[],"class_list":{"0":"post-609","1":"product","2":"type-product","3":"status-publish","4":"has-post-thumbnail","6":"product_cat-ventoux","7":"product_cat-vins","8":"product_cat-regions","9":"product_cat-vallee-du-rhone","10":"product_cat-couleur","11":"product_cat-vin-rouge","13":"first","14":"instock","15":"taxable","16":"shipping-taxable","17":"purchasable","18":"product-type-simple"},"jetpack_sharing_enabled":true,"_links":{"self":[{"href":"https:\/\/france-gastronomie.shop\/fr\/wp-json\/wp\/v2\/product\/609","targetHints":{"allow":["GET"]}}],"collection":[{"href":"https:\/\/france-gastronomie.shop\/fr\/wp-json\/wp\/v2\/product"}],"about":[{"href":"https:\/\/france-gastronomie.shop\/fr\/wp-json\/wp\/v2\/types\/product"}],"replies":[{"embeddable":true,"href":"https:\/\/france-gastronomie.shop\/fr\/wp-json\/wp\/v2\/comments?post=609"}],"wp:featuredmedia":[{"embeddable":true,"href":"https:\/\/france-gastronomie.shop\/fr\/wp-json\/wp\/v2\/media\/9029"}],"wp:attachment":[{"href":"https:\/\/france-gastronomie.shop\/fr\/wp-json\/wp\/v2\/media?parent=609"}],"wp:term":[{"taxonomy":"product_brand","embeddable":true,"href":"https:\/\/france-gastronomie.shop\/fr\/wp-json\/wp\/v2\/product_brand?post=609"},{"taxonomy":"product_cat","embeddable":true,"href":"https:\/\/france-gastronomie.shop\/fr\/wp-json\/wp\/v2\/product_cat?post=609"},{"taxonomy":"product_tag","embeddable":true,"href":"https:\/\/france-gastronomie.shop\/fr\/wp-json\/wp\/v2\/product_tag?post=609"}],"curies":[{"name":"wp","href":"https:\/\/api.w.org\/{rel}","templated":true}]}}