{"id":6034,"date":"2021-02-02T07:36:18","date_gmt":"2021-02-02T07:36:18","guid":{"rendered":"https:\/\/france-gastronomie.shop\/?post_type=product&#038;p=6034"},"modified":"2026-02-04T10:14:45","modified_gmt":"2026-02-04T09:14:45","slug":"garniture-gourmande-pour-salade","status":"publish","type":"product","link":"https:\/\/france-gastronomie.shop\/fr\/produit\/garniture-gourmande-pour-salade\/","title":{"rendered":"Garniture gourmande pour salade"},"content":{"rendered":"<h5>Garniture gourmande pour salade<br \/>\nCastaing Foie Gras<\/h5>\n<p>R\u00e9alis\u00e9s dans le respect des recettes de nos a\u00een\u00e9s, \u00e0 partir des meilleurs ingr\u00e9dients locaux et selon des m\u00e9thodes artisanales.<br \/>\nCes sp\u00e9cialit\u00e9s sont parfaites pour la r\u00e9alisation d\u2019entr\u00e9es soign\u00e9es, de salades gourmandes, ou plus rustiques, d\u2019assiettes de charcuterie.<\/p>\n<p>Composition<br \/>\nHuile de tournesol, g\u00e9siers de canard confits, saucisses de canard (viande de canard, gras de porc, sel, fond blanc de volaille (sel, ar\u00f4mes,<br \/>\nf\u00e9cule de pomme de terre, graisse de poulet, plantes aromatiques, maltodextrine de pomme de terre, sirop de glucose, \u00e9pices, poulet d\u00e9shydrat\u00e9,<br \/>\nantioxydants: extrait de romarin), vin blanc, \u00e9pices, sucre, conservateur: nitrite de sodium), viande de canard, c\u0153urs de canard, oignons, sel,<br \/>\npignons de pin, ail, poivre.<\/p>\n<p>Allergenes<br \/>\nAucun<\/p>\n<p>OGM<br \/>\nAucun<\/p>\n<p>D\u00e9signation<br \/>\nBocal<\/p>\n<p>Poids<br \/>\n180 g<\/p>\n<p>Conditions de conservation<br \/>\nStockage dans un endroit frais et sec.<\/p>\n<p>Valeurs nutritionnelles<\/p>\n<table width=\"246\">\n<tbody>\n<tr>\n<td width=\"166\">Energie\/100g kJ<\/td>\n<td width=\"80\">2600<\/td>\n<\/tr>\n<tr>\n<td>Energie\/100g kcal<\/td>\n<td>479<\/td>\n<\/tr>\n<tr>\n<td>Matieres grasses<\/td>\n<td>47g<\/td>\n<\/tr>\n<tr>\n<td>dont acides gras satur\u00e9s<\/td>\n<td>6,1g<\/td>\n<\/tr>\n<tr>\n<td>Glucides<\/td>\n<td>1,1g<\/td>\n<\/tr>\n<tr>\n<td>dont sucres<\/td>\n<td>&lt;0,5g<\/td>\n<\/tr>\n<tr>\n<td>Proteines<\/td>\n<td>11g<\/td>\n<\/tr>\n<tr>\n<td>Sel<\/td>\n<td>1,7g<\/td>\n<\/tr>\n<\/tbody>\n<\/table>\n","protected":false},"excerpt":{"rendered":"<h5>Castaing Foie Gras<\/h5>\n<p>CASTAING FOIE-GRAS utilise le meilleur canard \u00e0 foie gras, le canard<br \/>\nMULARD \u00e0 souche dite lourde et \u00e0 croissance lente, \u00e9lev\u00e9 de fa\u00e7on<br \/>\ntraditionnelle en plein air avec une alimentation 100% naturelle<br \/>\ndans des petites exploitations agricoles \u00e0 taille humaine.<br \/>\nNos \u00e9leveurs respectent scrupuleusement le cahier des charges<br \/>\ndu canard fermier \u00ab\u00a0Label Rouge \u2013 LANDES\u00a0\u00bb.<br \/>\nDans chaque pr\u00e9paration, nous transmettons le savoir-faire<br \/>\nde nos a\u00een\u00e9s, enrichi par l\u2019\u00e9volution de la technologie et des go\u00fbts.<\/p>\n","protected":false},"featured_media":21179,"comment_status":"open","ping_status":"closed","template":"","meta":[],"product_brand":[],"product_cat":[31],"product_tag":[],"class_list":{"0":"post-6034","1":"product","2":"type-product","3":"status-publish","4":"has-post-thumbnail","6":"product_cat-epicerie","8":"first","9":"instock","10":"taxable","11":"shipping-taxable","12":"purchasable","13":"product-type-simple"},"jetpack_sharing_enabled":true,"_links":{"self":[{"href":"https:\/\/france-gastronomie.shop\/fr\/wp-json\/wp\/v2\/product\/6034","targetHints":{"allow":["GET"]}}],"collection":[{"href":"https:\/\/france-gastronomie.shop\/fr\/wp-json\/wp\/v2\/product"}],"about":[{"href":"https:\/\/france-gastronomie.shop\/fr\/wp-json\/wp\/v2\/types\/product"}],"replies":[{"embeddable":true,"href":"https:\/\/france-gastronomie.shop\/fr\/wp-json\/wp\/v2\/comments?post=6034"}],"wp:featuredmedia":[{"embeddable":true,"href":"https:\/\/france-gastronomie.shop\/fr\/wp-json\/wp\/v2\/media\/21179"}],"wp:attachment":[{"href":"https:\/\/france-gastronomie.shop\/fr\/wp-json\/wp\/v2\/media?parent=6034"}],"wp:term":[{"taxonomy":"product_brand","embeddable":true,"href":"https:\/\/france-gastronomie.shop\/fr\/wp-json\/wp\/v2\/product_brand?post=6034"},{"taxonomy":"product_cat","embeddable":true,"href":"https:\/\/france-gastronomie.shop\/fr\/wp-json\/wp\/v2\/product_cat?post=6034"},{"taxonomy":"product_tag","embeddable":true,"href":"https:\/\/france-gastronomie.shop\/fr\/wp-json\/wp\/v2\/product_tag?post=6034"}],"curies":[{"name":"wp","href":"https:\/\/api.w.org\/{rel}","templated":true}]}}