{"id":599,"date":"2020-08-05T08:13:10","date_gmt":"2020-08-05T08:13:10","guid":{"rendered":"https:\/\/france-gastronomie.shop\/?post_type=product&#038;p=599"},"modified":"2024-11-20T10:05:14","modified_gmt":"2024-11-20T10:05:14","slug":"le-sceau-du-prince-cotes-du-rhone-8","status":"publish","type":"product","link":"https:\/\/france-gastronomie.shop\/fr\/produit\/le-sceau-du-prince-cotes-du-rhone-8\/","title":{"rendered":"Le Sceau du Prince <br\/> AOC C\u00f4tes du Rh\u00f4ne"},"content":{"rendered":"<h5>Le Sceau du Prince<\/h5>\n<h5>AOC C\u00f4tes du Rh\u00f4ne<\/h5>\n<p>TERROIR D&rsquo;ORIGINE<br \/>\nArgilo-calcaire avec cailloux et galets roul\u00e9s en surface<\/p>\n<p>VINIFICATION<br \/>\nEgrappage, cuvaison 3 \u00e0 4 semaines avec remontages et d\u00e9lestages. Temp\u00e9rature de fermentation 28 \u00e0 30\u00b0C.<\/p>\n<p>VIEILLISSEMENT<br \/>\n6 mois en cuves b\u00e9ton<\/p>\n<p>CEPAGES<br \/>\nGrenache 80%, Syrah 15%, Mourv\u00e8dre 5%<\/p>\n<p>NOTE DE DEGUSTATION<br \/>\nCe vin typique des C\u00f4tes du Rh\u00f4ne pr\u00e9sente une belle robe grenat aux reflets rouges.<br \/>\nLe nez intense \u00e9voque les fruits rouges, les \u00e9pices et la garrigue.<br \/>\nLa bouche est bien \u00e9quilibr\u00e9e avec une attaque franche, beaucoup de rondeur et de volume.<br \/>\nOn y retrouve les ar\u00f4mes de fruits rouges avec une finale \u00e9pic\u00e9e.<\/p>\n<p>CONSEILS DE DEGUSTATION<br \/>\nA boire d\u00e8s maintenant mais peut \u00eatre gard\u00e9e 2-3 ans. Servir \u00e0 14\u00b0-16\u00b0C<\/p>\n<p>CONSEIL D&rsquo;ACCOMPAGNEMENT<br \/>\nUn vin qui se marie tr\u00e8s bien avec des plats type steak frites, des plats de la cuisine m\u00e9diterran\u00e9enne ou sur de plats en sauce et du fromage.<\/p>\n","protected":false},"excerpt":{"rendered":"<h5>AOC C\u00f4tes du Rh\u00f4ne<\/h5>\n<p>En 1925, un groupe de vignerons convaincu par les valeurs de solidarit\u00e9 et d\u2019entraide s\u2019unit. Onze ans apr\u00e8s, ces vignerons visionnaires participeront \u00e0 la construction de la 1\u00e8re appellation de France: CH\u00c2TEAUNEUF-DU-PAPE.<br \/>\nSoud\u00e9s comme \u00e0 l\u2019origine, les 189 Vignerons du CELLIER DES PRINCES sont aujourd\u2019hui fiers de faire appr\u00e9cier leurs vins sur les cinq continents et de pouvoir transmettre leurs valeurs de convivialit\u00e9 et d\u2019excellence.<\/p>\n<p>CEPAGES<br \/>\nGrenache 80%, Syrah 15%, Mourv\u00e8dre 5%<\/p>\n","protected":false},"featured_media":21208,"comment_status":"closed","ping_status":"closed","template":"","meta":[],"product_brand":[],"product_cat":[85,242,244,282,250,29],"product_tag":[],"class_list":{"0":"post-599","1":"product","2":"type-product","3":"status-publish","4":"has-post-thumbnail","6":"product_cat-vins","7":"product_cat-regions","8":"product_cat-vallee-du-rhone","9":"product_cat-cotes-du-rhone","10":"product_cat-couleur","11":"product_cat-vin-rouge","13":"first","14":"instock","15":"taxable","16":"shipping-taxable","17":"purchasable","18":"product-type-simple"},"jetpack_sharing_enabled":true,"_links":{"self":[{"href":"https:\/\/france-gastronomie.shop\/fr\/wp-json\/wp\/v2\/product\/599","targetHints":{"allow":["GET"]}}],"collection":[{"href":"https:\/\/france-gastronomie.shop\/fr\/wp-json\/wp\/v2\/product"}],"about":[{"href":"https:\/\/france-gastronomie.shop\/fr\/wp-json\/wp\/v2\/types\/product"}],"replies":[{"embeddable":true,"href":"https:\/\/france-gastronomie.shop\/fr\/wp-json\/wp\/v2\/comments?post=599"}],"wp:featuredmedia":[{"embeddable":true,"href":"https:\/\/france-gastronomie.shop\/fr\/wp-json\/wp\/v2\/media\/21208"}],"wp:attachment":[{"href":"https:\/\/france-gastronomie.shop\/fr\/wp-json\/wp\/v2\/media?parent=599"}],"wp:term":[{"taxonomy":"product_brand","embeddable":true,"href":"https:\/\/france-gastronomie.shop\/fr\/wp-json\/wp\/v2\/product_brand?post=599"},{"taxonomy":"product_cat","embeddable":true,"href":"https:\/\/france-gastronomie.shop\/fr\/wp-json\/wp\/v2\/product_cat?post=599"},{"taxonomy":"product_tag","embeddable":true,"href":"https:\/\/france-gastronomie.shop\/fr\/wp-json\/wp\/v2\/product_tag?post=599"}],"curies":[{"name":"wp","href":"https:\/\/api.w.org\/{rel}","templated":true}]}}