{"id":5966,"date":"2021-01-25T12:16:53","date_gmt":"2021-01-25T12:16:53","guid":{"rendered":"https:\/\/france-gastronomie.shop\/?post_type=product&#038;p=5966"},"modified":"2024-10-31T09:47:18","modified_gmt":"2024-10-31T09:47:18","slug":"pinot-noir-weid","status":"publish","type":"product","link":"https:\/\/france-gastronomie.shop\/fr\/produit\/pinot-noir-weid\/","title":{"rendered":"Pinot Noir Weid <br\/> Grand Vin d&rsquo;Alsace"},"content":{"rendered":"<h5>Pinot Noir Weid<br \/>\nAppellation Alsace Contr\u00f4l\u00e9e<\/h5>\n<h5>Lucien Albrecht depuis 1968<\/h5>\n<p>Issu de vignes \u00e0 faibles rendements, ce Pinot Noir Weid est caract\u00e9ris\u00e9 par une fermentation plus longue et un vieillissement en f\u00fbts de ch\u00eane.<\/p>\n<p>D\u00e9gustation<br \/>\nUne belle robe soutenue de cerise noire avec une pointe de grenat.<br \/>\nNez intense aux notes de cuir fum\u00e9 et de kirsch.<br \/>\nEn bouche, l\u2019attaque est claire, avec des tanins structur\u00e9s et soyeux.<br \/>\nOn retrouve une persistance des notes empyreumatiques.<\/p>\n<p>Accords Mets-Vin<br \/>\nLes viandes rouges grill\u00e9es, r\u00f4ties ou en sauce, le magret de canard, les gibiers et les fromages.<\/p>\n","protected":false},"excerpt":{"rendered":"<h5>Lucien Albrecht &#8211; Grands vins d&rsquo;Alsace depuis 1968<\/h5>\n<p>L\u2019histoire de la Maison Lucien Albrecht trouve ses origines en 1698 lorsque Balthazar Albrecht s\u2019installe \u00e0 Orschwihr, au Sud de Colmar (68), petit village d\u2019Alsace id\u00e9alement situ\u00e9 pour la culture de la vigne. Huit g\u00e9n\u00e9rations vont se succ\u00e9der sur ce terroir si particulier et travailler ce sol avec acharnement et passion pour forger un nom et une typicit\u00e9 de vins d\u2019Alsace pr\u00e9sents et reconnus par-del\u00e0 les oc\u00e9ans.<\/p>\n","protected":false},"featured_media":5967,"comment_status":"open","ping_status":"closed","template":"","meta":[],"product_brand":[],"product_cat":[85,242,246,300,250,29],"product_tag":[],"class_list":{"0":"post-5966","1":"product","2":"type-product","3":"status-publish","4":"has-post-thumbnail","6":"product_cat-vins","7":"product_cat-regions","8":"product_cat-alsace","9":"product_cat-pinot-noir","10":"product_cat-couleur","11":"product_cat-vin-rouge","13":"first","14":"outofstock","15":"taxable","16":"shipping-taxable","17":"purchasable","18":"product-type-simple"},"jetpack_sharing_enabled":true,"_links":{"self":[{"href":"https:\/\/france-gastronomie.shop\/fr\/wp-json\/wp\/v2\/product\/5966","targetHints":{"allow":["GET"]}}],"collection":[{"href":"https:\/\/france-gastronomie.shop\/fr\/wp-json\/wp\/v2\/product"}],"about":[{"href":"https:\/\/france-gastronomie.shop\/fr\/wp-json\/wp\/v2\/types\/product"}],"replies":[{"embeddable":true,"href":"https:\/\/france-gastronomie.shop\/fr\/wp-json\/wp\/v2\/comments?post=5966"}],"wp:featuredmedia":[{"embeddable":true,"href":"https:\/\/france-gastronomie.shop\/fr\/wp-json\/wp\/v2\/media\/5967"}],"wp:attachment":[{"href":"https:\/\/france-gastronomie.shop\/fr\/wp-json\/wp\/v2\/media?parent=5966"}],"wp:term":[{"taxonomy":"product_brand","embeddable":true,"href":"https:\/\/france-gastronomie.shop\/fr\/wp-json\/wp\/v2\/product_brand?post=5966"},{"taxonomy":"product_cat","embeddable":true,"href":"https:\/\/france-gastronomie.shop\/fr\/wp-json\/wp\/v2\/product_cat?post=5966"},{"taxonomy":"product_tag","embeddable":true,"href":"https:\/\/france-gastronomie.shop\/fr\/wp-json\/wp\/v2\/product_tag?post=5966"}],"curies":[{"name":"wp","href":"https:\/\/api.w.org\/{rel}","templated":true}]}}