{"id":595,"date":"2020-08-05T07:27:48","date_gmt":"2020-08-05T07:27:48","guid":{"rendered":"https:\/\/france-gastronomie.shop\/?post_type=product&#038;p=595"},"modified":"2025-11-28T16:27:08","modified_gmt":"2025-11-28T16:27:08","slug":"le-sceau-du-prince-cotes-du-rhone-5","status":"publish","type":"product","link":"https:\/\/france-gastronomie.shop\/fr\/produit\/le-sceau-du-prince-cotes-du-rhone-5\/","title":{"rendered":"Le Sceau du Prince <br\/> C\u00f4tes du Rh\u00f4ne"},"content":{"rendered":"<h5>Le Sceau du Prince<\/h5>\n<h5>AOC C\u00f4tes du Rh\u00f4ne<\/h5>\n<p>TERROIR D&rsquo;ORIGINE<br \/>\nArgilo-calcaire<\/p>\n<p>VINIFICATION<br \/>\nEgrappage, Pressurage direct. Fermentation \u00e0 basse temp\u00e9rature 14 \u00e0 16\u00b0 C<\/p>\n<p>VIEILLISSEMENT<br \/>\n2 \u00e0 3 mois en cuve inox<\/p>\n<p>CEPAGES<br \/>\nGrenache, Syrah, Cinsault<\/p>\n<p>NOTE DE DEGUSTATION<br \/>\nCe vin, \u00e0 la robe rose p\u00e2le et tr\u00e8s brillante, est tr\u00e8s aromatique avec des \u00e9l\u00e9gants parfums de fruits rouges, cerise, fraise et framboise. En bouche, il plait par sa rondeur, sa fra\u00eecheur et son \u00e9quilibre.<\/p>\n<p>CONSEILS DE DEGUSTATION<br \/>\nA boire d\u00e8s maintenant mais peut \u00eatre gard\u00e9 1 \u00e0 2 ans Servir \u00e0 10\u00b0-12\u00b0C<\/p>\n<p>CONSEIL D&rsquo;ACCOMPAGNEMENT<br \/>\nIl sera agr\u00e9able sur des entr\u00e9es chaudes, des grillades, des charcuteries et des poissons<\/p>\n<p>RECOMPENSES<br \/>\n2018: Or Gilbert &amp; Gaillard<br \/>\n2016: Or Gilbert &amp; Gaillard 2016 \/\/ Or Avignon \/\/ Or Brignoles<br \/>\n2015: Or Gilbert &amp; Gaillard 2016<\/p>\n","protected":false},"excerpt":{"rendered":"<h5>AOC C\u00f4tes du Rh\u00f4ne<\/h5>\n<p>En 1925, un groupe de vignerons convaincu par les valeurs de solidarit\u00e9 et d\u2019entraide s\u2019unit. Onze ans apr\u00e8s, ces vignerons visionnaires participeront \u00e0 la construction de la 1\u00e8re appellation de France: CH\u00c2TEAUNEUF-DU-PAPE.<br \/>\nSoud\u00e9s comme \u00e0 l\u2019origine, les 189 Vignerons du CELLIER DES PRINCES sont aujourd\u2019hui fiers de faire appr\u00e9cier leurs vins sur les cinq continents et de pouvoir transmettre leurs valeurs de convivialit\u00e9 et d\u2019excellence.<\/p>\n<p>CEPAGES<br \/>\nGrenache, Syrah, Cinsault<\/p>\n","protected":false},"featured_media":21211,"comment_status":"closed","ping_status":"closed","template":"","meta":[],"product_brand":[],"product_cat":[85,242,244,282,250,30],"product_tag":[],"class_list":{"0":"post-595","1":"product","2":"type-product","3":"status-publish","4":"has-post-thumbnail","6":"product_cat-vins","7":"product_cat-regions","8":"product_cat-vallee-du-rhone","9":"product_cat-cotes-du-rhone","10":"product_cat-couleur","11":"product_cat-vin-rose","13":"first","14":"instock","15":"taxable","16":"shipping-taxable","17":"purchasable","18":"product-type-simple"},"jetpack_sharing_enabled":true,"_links":{"self":[{"href":"https:\/\/france-gastronomie.shop\/fr\/wp-json\/wp\/v2\/product\/595","targetHints":{"allow":["GET"]}}],"collection":[{"href":"https:\/\/france-gastronomie.shop\/fr\/wp-json\/wp\/v2\/product"}],"about":[{"href":"https:\/\/france-gastronomie.shop\/fr\/wp-json\/wp\/v2\/types\/product"}],"replies":[{"embeddable":true,"href":"https:\/\/france-gastronomie.shop\/fr\/wp-json\/wp\/v2\/comments?post=595"}],"wp:featuredmedia":[{"embeddable":true,"href":"https:\/\/france-gastronomie.shop\/fr\/wp-json\/wp\/v2\/media\/21211"}],"wp:attachment":[{"href":"https:\/\/france-gastronomie.shop\/fr\/wp-json\/wp\/v2\/media?parent=595"}],"wp:term":[{"taxonomy":"product_brand","embeddable":true,"href":"https:\/\/france-gastronomie.shop\/fr\/wp-json\/wp\/v2\/product_brand?post=595"},{"taxonomy":"product_cat","embeddable":true,"href":"https:\/\/france-gastronomie.shop\/fr\/wp-json\/wp\/v2\/product_cat?post=595"},{"taxonomy":"product_tag","embeddable":true,"href":"https:\/\/france-gastronomie.shop\/fr\/wp-json\/wp\/v2\/product_tag?post=595"}],"curies":[{"name":"wp","href":"https:\/\/api.w.org\/{rel}","templated":true}]}}