{"id":5891,"date":"2021-01-22T08:27:09","date_gmt":"2021-01-22T08:27:09","guid":{"rendered":"https:\/\/france-gastronomie.shop\/?post_type=product&#038;p=5891"},"modified":"2025-01-14T12:04:56","modified_gmt":"2025-01-14T12:04:56","slug":"le-gewurztramineer-spiegel","status":"publish","type":"product","link":"https:\/\/france-gastronomie.shop\/fr\/produit\/le-gewurztramineer-spiegel\/","title":{"rendered":"Le Gewurztramineer <br\/> Grand Cru Spiegel"},"content":{"rendered":"<h5>Le Gewurztramineer &#8211; Spiegel<br \/>\nAlsace Grand Cru<\/h5>\n<h5>Lucien Albrecht depuis 1968<\/h5>\n<p>Situ\u00e9 entre Guebwiller et Bergholtz, au sud de la Route des Vins d\u2019Alsace, le Grand Cru Spiegel est situ\u00e9 sur une pente moyenne &amp; pourvu de sols argilo-sableux recouverts de galets de gr\u00e8s.<br \/>\nLa r\u00e9putation du vin Grand Cru Spiegel date des ann\u00e9es 1950 p\u00e9riode o\u00f9 les vignerons ont instaur\u00e9 des chartes de qualit\u00e9 et de caract\u00e9ristiques pr\u00e9cises, ce qui fait aujourd\u2019hui des vins originaux aux ar\u00f4mes fins et parfois robustes selon les c\u00e9pages, mais toujours persistants.<\/p>\n<p>Vinification<br \/>\nRendements faibles, parcelles s\u00e9lectionn\u00e9es, suivies et principalement plant\u00e9es de vieilles vignes.<br \/>\nPour ces vins nous privil\u00e9gions l\u2019expression du terroir avec tous les param\u00e8tres qui influencent ses ar\u00f4mes, sa composition et ses go\u00fbts typiques.<br \/>\nLes Grands Crus se bonifient ensuite en bouteille avant d\u2019\u00eatre commercialis\u00e9s. L\u2019expression du terroir s\u2019affine au fur et \u00e0 mesure des ann\u00e9es.<\/p>\n<p>Mill\u00e9sime 2017<br \/>\nM\u00eame si les rendements \u00e9taient les plus bas depuis 30 ans, les bonnes conditions climatiques ont contribu\u00e9s \u00e0 une tr\u00e8s belle qualit\u00e9 en 2017: de bons niveaux d\u2019acidit\u00e9s, une belle balance aromatique et une belle maturit\u00e9. 2017 sera comparable au plus grands mill\u00e9simes.<\/p>\n<p>D\u00e9gustation<br \/>\nTr\u00e8s beau vin de garde aux ar\u00f4mes floraux, de miel et d\u2019agrumes qui saura satisfaire les plus exigeants.<br \/>\nTemp\u00e9rature de service: 8-10\u00b0C<br \/>\n\u00c0 d\u00e9guster d\u00e8s aujourd\u2019hui, il atteindra sa maturit\u00e9 d\u2019ici 3 \u00e0 5 ans.<\/p>\n<p>Accords Mets-Vin<br \/>\nIl est parfait au moment de l\u2019ap\u00e9ritif, mais sera aussi le compagnon id\u00e9al d\u2019un carr\u00e9 d\u2019agneau au miel et aux agrumes, et des desserts aux fruits.<\/p>\n<p>Analyse<br \/>\nAlcool: 13,92% alc.\/vol.<br \/>\nSucres r\u00e9siduels: 29,4 g\/l<br \/>\nAcidit\u00e9 totale: 2,92 g\/l<\/p>\n<p>R\u00e9compenses<br \/>\nOr Mundus Vini Printemps 2019<\/p>\n","protected":false},"excerpt":{"rendered":"<h5>Lucien Albrecht &#8211; Grands vins d&rsquo;Alsace depuis 1968<\/h5>\n<p>L\u2019histoire de la Maison Lucien Albrecht trouve ses origines en 1698 lorsque Balthazar Albrecht s\u2019installe \u00e0 Orschwihr, au Sud de Colmar (68), petit village d\u2019Alsace id\u00e9alement situ\u00e9 pour la culture de la vigne. Huit g\u00e9n\u00e9rations vont se succ\u00e9der sur ce terroir si particulier et travailler ce sol avec acharnement et passion pour forger un nom et une typicit\u00e9 de vins d\u2019Alsace pr\u00e9sents et reconnus par-del\u00e0 les oc\u00e9ans.<\/p>\n<p>&nbsp;<\/p>\n","protected":false},"featured_media":5892,"comment_status":"open","ping_status":"closed","template":"","meta":[],"product_brand":[],"product_cat":[780,85,251,242,246,302,250,19],"product_tag":[],"class_list":{"0":"post-5891","1":"product","2":"type-product","3":"status-publish","4":"has-post-thumbnail","6":"product_cat-vin-blanc-liquoreux","7":"product_cat-vins","8":"product_cat-grands-vins","9":"product_cat-regions","10":"product_cat-alsace","11":"product_cat-gewurztraminer","12":"product_cat-couleur","13":"product_cat-vin-blanc","15":"first","16":"instock","17":"taxable","18":"shipping-taxable","19":"purchasable","20":"product-type-simple"},"jetpack_sharing_enabled":true,"_links":{"self":[{"href":"https:\/\/france-gastronomie.shop\/fr\/wp-json\/wp\/v2\/product\/5891","targetHints":{"allow":["GET"]}}],"collection":[{"href":"https:\/\/france-gastronomie.shop\/fr\/wp-json\/wp\/v2\/product"}],"about":[{"href":"https:\/\/france-gastronomie.shop\/fr\/wp-json\/wp\/v2\/types\/product"}],"replies":[{"embeddable":true,"href":"https:\/\/france-gastronomie.shop\/fr\/wp-json\/wp\/v2\/comments?post=5891"}],"wp:featuredmedia":[{"embeddable":true,"href":"https:\/\/france-gastronomie.shop\/fr\/wp-json\/wp\/v2\/media\/5892"}],"wp:attachment":[{"href":"https:\/\/france-gastronomie.shop\/fr\/wp-json\/wp\/v2\/media?parent=5891"}],"wp:term":[{"taxonomy":"product_brand","embeddable":true,"href":"https:\/\/france-gastronomie.shop\/fr\/wp-json\/wp\/v2\/product_brand?post=5891"},{"taxonomy":"product_cat","embeddable":true,"href":"https:\/\/france-gastronomie.shop\/fr\/wp-json\/wp\/v2\/product_cat?post=5891"},{"taxonomy":"product_tag","embeddable":true,"href":"https:\/\/france-gastronomie.shop\/fr\/wp-json\/wp\/v2\/product_tag?post=5891"}],"curies":[{"name":"wp","href":"https:\/\/api.w.org\/{rel}","templated":true}]}}