{"id":587,"date":"2020-08-05T05:36:57","date_gmt":"2020-08-05T05:36:57","guid":{"rendered":"https:\/\/france-gastronomie.shop\/?post_type=product&#038;p=587"},"modified":"2025-11-24T17:19:15","modified_gmt":"2025-11-24T17:19:15","slug":"la-chasse-des-princes-gigondas-2","status":"publish","type":"product","link":"https:\/\/france-gastronomie.shop\/fr\/produit\/la-chasse-des-princes-gigondas-2\/","title":{"rendered":"La Chasse des Princes <br\/> AOC Gigondas"},"content":{"rendered":"<h5>La Chasse des Princes<\/h5>\n<h5>AOC Gigondas<\/h5>\n<p>TERROIR D&rsquo;ORIGINE<br \/>\nTerrasses alluviales d&rsquo;argile rouges avec cailloutis calcaires<\/p>\n<p>VINIFICATION<br \/>\nEgrappage, foulage, cuvaison de 20 \u00e0 25 jours ; d\u00e9lestage et pigeage. Temp\u00e9rature de vinification 27 \u00e0 30\u00b0<\/p>\n<p>VIEILLISSEMENT<br \/>\n9 mois en cuve. Pas de barrique afin de montrer l&rsquo;expression la plus pure du terroir et des c\u00e9pages.<\/p>\n<p>CEPAGES<br \/>\nGrenache 80%, Syrah 10%, Mourv\u00e8dre 5%, Cinsault 5%<\/p>\n<p>NOTE DE DEGUSTATION<br \/>\nRobe brillante, rubis profond. Nez complexe et gourmand domin\u00e9 par les fruits rouges et noirs, floral avec la pivoine, \u00e9pices douces, cacao, r\u00e9glisse et notes cigare. Bouche tonique, ample et dense, tanins fins et soyeux, longue finale \u00e9pic\u00e9e et fruit\u00e9e.<\/p>\n<p>CONSEILS DE DEGUSTATION<br \/>\nA boire d\u00e8s maintenant ou peut \u00eatre gard\u00e9e 6 &#8211; 10 ans. Servir \u00e0 16\u00b0-18\u00b0C<\/p>\n<p>CONSEIL D&rsquo;ACCOMPAGNEMENT<br \/>\nTerrine de sanglier, r\u00f4ti de marcassin, r\u00f4ti de porc aux pruneaux, pintade farcie, tomme, ch\u00e8vre sec.<\/p>\n<p>RECOMPENSES<br \/>\nMill\u00e9sime 2016: Or Gilbert &amp; Gaillard<\/p>\n","protected":false},"excerpt":{"rendered":"<h5>AOC Gigondas<\/h5>\n<p>En 1925, un groupe de vignerons convaincu par les valeurs de solidarit\u00e9 et d\u2019entraide s\u2019unit. Onze ans apr\u00e8s, ces vignerons visionnaires participeront \u00e0 la construction de la 1\u00e8re appellation de France: CH\u00c2TEAUNEUF-DU-PAPE.<br \/>\nSoud\u00e9s comme \u00e0 l\u2019origine, les 189 Vignerons du CELLIER DES PRINCES sont aujourd\u2019hui fiers de faire appr\u00e9cier leurs vins sur les cinq continents et de pouvoir transmettre leurs valeurs de convivialit\u00e9 et d\u2019excellence.<\/p>\n<p>CEPAGES<br \/>\nGrenache 80%, Syrah 10%, Mourv\u00e8dre 5%, Cinsault 5%<\/p>\n","protected":false},"featured_media":25142,"comment_status":"closed","ping_status":"closed","template":"","meta":[],"product_brand":[],"product_cat":[656,85,251,242,244,250,29],"product_tag":[],"class_list":{"0":"post-587","1":"product","2":"type-product","3":"status-publish","4":"has-post-thumbnail","6":"product_cat-gigondas","7":"product_cat-vins","8":"product_cat-grands-vins","9":"product_cat-regions","10":"product_cat-vallee-du-rhone","11":"product_cat-couleur","12":"product_cat-vin-rouge","14":"first","15":"instock","16":"taxable","17":"shipping-taxable","18":"purchasable","19":"product-type-simple"},"jetpack_sharing_enabled":true,"_links":{"self":[{"href":"https:\/\/france-gastronomie.shop\/fr\/wp-json\/wp\/v2\/product\/587","targetHints":{"allow":["GET"]}}],"collection":[{"href":"https:\/\/france-gastronomie.shop\/fr\/wp-json\/wp\/v2\/product"}],"about":[{"href":"https:\/\/france-gastronomie.shop\/fr\/wp-json\/wp\/v2\/types\/product"}],"replies":[{"embeddable":true,"href":"https:\/\/france-gastronomie.shop\/fr\/wp-json\/wp\/v2\/comments?post=587"}],"wp:featuredmedia":[{"embeddable":true,"href":"https:\/\/france-gastronomie.shop\/fr\/wp-json\/wp\/v2\/media\/25142"}],"wp:attachment":[{"href":"https:\/\/france-gastronomie.shop\/fr\/wp-json\/wp\/v2\/media?parent=587"}],"wp:term":[{"taxonomy":"product_brand","embeddable":true,"href":"https:\/\/france-gastronomie.shop\/fr\/wp-json\/wp\/v2\/product_brand?post=587"},{"taxonomy":"product_cat","embeddable":true,"href":"https:\/\/france-gastronomie.shop\/fr\/wp-json\/wp\/v2\/product_cat?post=587"},{"taxonomy":"product_tag","embeddable":true,"href":"https:\/\/france-gastronomie.shop\/fr\/wp-json\/wp\/v2\/product_tag?post=587"}],"curies":[{"name":"wp","href":"https:\/\/api.w.org\/{rel}","templated":true}]}}