{"id":5845,"date":"2021-01-22T05:37:38","date_gmt":"2021-01-22T05:37:38","guid":{"rendered":"https:\/\/france-gastronomie.shop\/?post_type=product&#038;p=5845"},"modified":"2026-02-04T12:58:19","modified_gmt":"2026-02-04T11:58:19","slug":"terrine-dagneau-au-thym-genievre","status":"publish","type":"product","link":"https:\/\/france-gastronomie.shop\/fr\/produit\/terrine-dagneau-au-thym-genievre\/","title":{"rendered":"Terrine d&rsquo;Agneau <br\/> au Thym &#038; Geni\u00e8vre"},"content":{"rendered":"<h5>Terrine d&rsquo;Agneau au Thym &amp; Geni\u00e8vre<\/h5>\n<h5>ROGER VIDAL<\/h5>\n<p>Poids net<br \/>\n180 g<\/p>\n<p>Ingr\u00e9dients<br \/>\nViande d\u2019agneau 59%, foie de volaille, oeufs, oignons, sel, farine de caroube E410, thym 0.3%, geni\u00e8vre 0.2%, poivre.<\/p>\n<p>Conservation<br \/>\nA temp\u00e9rature ambiante, apr\u00e8s ouverture se conserve 2 jours au r\u00e9frig\u00e9rateur.<\/p>\n<p>OGM<br \/>\nAucun<\/p>\n<p>All\u00e8rg\u00e8nes<br \/>\n\u0152ufs<\/p>\n<p>Valeurs nutritionnelles<\/p>\n<table width=\"286\">\n<tbody>\n<tr>\n<td width=\"130\">Valeurs nutritionnelles moyennes pour 100g<\/td>\n<td width=\"156\">152 Kcal (636 kj)<\/td>\n<\/tr>\n<tr>\n<td>Energie<\/td>\n<td>10g<\/td>\n<\/tr>\n<tr>\n<td>Mati\u00e8res grasses<\/td>\n<td>3,8g<\/td>\n<\/tr>\n<tr>\n<td>Acides gras satur\u00e9s<\/td>\n<td>1,1g<\/td>\n<\/tr>\n<tr>\n<td>sucres<\/td>\n<td>&lt;0,5g<\/td>\n<\/tr>\n<tr>\n<td>Prot\u00e9ines<\/td>\n<td>16g<\/td>\n<\/tr>\n<tr>\n<td>Sel<\/td>\n<td>1,5g<\/td>\n<\/tr>\n<\/tbody>\n<\/table>\n","protected":false},"excerpt":{"rendered":"<h5>ROGER VIDAL<\/h5>\n<p>Roger Vidal est une entreprise familiale install\u00e9e dans le sud Aveyron.<br \/>\nRespectueuse d\u2019une fabrication \u00e0 l\u2019ancienne et mettant tout son savoir-faire dans l\u2019\u00e9laboration de ses p\u00e2t\u00e9s et terrines.<br \/>\nRoger Vidal fabrique des produits gourmets depuis plus de quarante ans!<\/p>\n","protected":false},"featured_media":14038,"comment_status":"open","ping_status":"closed","template":"","meta":[],"product_brand":[],"product_cat":[573,31],"product_tag":[],"class_list":{"0":"post-5845","1":"product","2":"type-product","3":"status-publish","4":"has-post-thumbnail","6":"product_cat-terrines","7":"product_cat-epicerie","9":"first","10":"instock","11":"taxable","12":"shipping-taxable","13":"purchasable","14":"product-type-simple"},"jetpack_sharing_enabled":true,"_links":{"self":[{"href":"https:\/\/france-gastronomie.shop\/fr\/wp-json\/wp\/v2\/product\/5845","targetHints":{"allow":["GET"]}}],"collection":[{"href":"https:\/\/france-gastronomie.shop\/fr\/wp-json\/wp\/v2\/product"}],"about":[{"href":"https:\/\/france-gastronomie.shop\/fr\/wp-json\/wp\/v2\/types\/product"}],"replies":[{"embeddable":true,"href":"https:\/\/france-gastronomie.shop\/fr\/wp-json\/wp\/v2\/comments?post=5845"}],"wp:featuredmedia":[{"embeddable":true,"href":"https:\/\/france-gastronomie.shop\/fr\/wp-json\/wp\/v2\/media\/14038"}],"wp:attachment":[{"href":"https:\/\/france-gastronomie.shop\/fr\/wp-json\/wp\/v2\/media?parent=5845"}],"wp:term":[{"taxonomy":"product_brand","embeddable":true,"href":"https:\/\/france-gastronomie.shop\/fr\/wp-json\/wp\/v2\/product_brand?post=5845"},{"taxonomy":"product_cat","embeddable":true,"href":"https:\/\/france-gastronomie.shop\/fr\/wp-json\/wp\/v2\/product_cat?post=5845"},{"taxonomy":"product_tag","embeddable":true,"href":"https:\/\/france-gastronomie.shop\/fr\/wp-json\/wp\/v2\/product_tag?post=5845"}],"curies":[{"name":"wp","href":"https:\/\/api.w.org\/{rel}","templated":true}]}}