{"id":583,"date":"2020-08-05T05:16:19","date_gmt":"2020-08-05T05:16:19","guid":{"rendered":"https:\/\/france-gastronomie.shop\/?post_type=product&#038;p=583"},"modified":"2025-11-27T11:44:57","modified_gmt":"2025-11-27T11:44:57","slug":"la-chasse-des-princes-vacqueyras-2","status":"publish","type":"product","link":"https:\/\/france-gastronomie.shop\/fr\/produit\/la-chasse-des-princes-vacqueyras-2\/","title":{"rendered":"La Chasse des Princes  <br\/> AOC Vacqueyras"},"content":{"rendered":"<h5>La Chasse des Princes<\/h5>\n<h5>AOC Vacqueyras<\/h5>\n<p>TERROIR D&rsquo;ORIGINE<br \/>\nArgilo-calcaire avec en surface des alluviaux des \u00ab\u00a0garrigues\u00a0\u00bb<\/p>\n<p>VINIFICATION<br \/>\nR\u00e9colt\u00e9 \u00e0 la main avec s\u00e9lection de parcelles en fonction de leur maturit\u00e9. 3 \u00e0 4 semaines de mac\u00e9ration et pressurage pneumatique.<br \/>\nVinification et levage en cuve b\u00e9ton afin d&rsquo;extraire les ar\u00f4me et les tanins de fa\u00e7on douce, avant d&rsquo;assouplir et d&rsquo;arrondir les tanins durant l&rsquo;\u00e9levage.<\/p>\n<p>VIEILLISSEMENT<br \/>\n9 mois en cuve b\u00e9ton<\/p>\n<p>CEPAGES<br \/>\n65 % Grenache, 25 % Syrah, 10 % Mourv\u00e8dre<\/p>\n<p>NOTE DE DEGUSTATION<br \/>\nCouleur rouge ruby, limpide avec reflets violac\u00e9s.<br \/>\nLe vin propose un bouquet de fruits m\u00fbrs, coulis de cassis, confiture de fraise, beaucoup d&rsquo;\u00e9pices, de la violette et une touche de garrique.<br \/>\nLe palet et suave et riche avec des tannins souples qui accompagnent parfaitement les ar\u00f4mes de r\u00e9glisse. Longue finale \u00e9pic\u00e9e.<\/p>\n<p>CONSEILS DE DEGUSTATION<br \/>\nA boire d\u00e8s maintenant et peut \u00eatre gard\u00e9 de 5- 8 ans. Servir \u00e0 16-18\u00b0C.<\/p>\n<p>CONSEIL D&rsquo;ACCOMPAGNEMENT<br \/>\nIl accompagnera \u00e0 merveille des supr\u00eames de faisan aux morilles, un pav\u00e9 de boeuf en cro\u00fbte, des c\u00f4tes de veau \u00e0 la normande ou encore une daube proven\u00e7ale.<\/p>\n<p>RECOMPENSES<br \/>\nMill\u00e9sime 2016: Or Gilbert &amp; Gaillard<\/p>\n","protected":false},"excerpt":{"rendered":"<h5>AOC Vacqueyras<\/h5>\n<p>En 1925, un groupe de vignerons convaincu par les valeurs de solidarit\u00e9 et d\u2019entraide s\u2019unit. Onze ans apr\u00e8s, ces vignerons visionnaires participeront \u00e0 la construction de la 1\u00e8re appellation de France: CH\u00c2TEAUNEUF-DU-PAPE.<br \/>\nSoud\u00e9s comme \u00e0 l\u2019origine, les 189 Vignerons du CELLIER DES PRINCES sont aujourd\u2019hui fiers de faire appr\u00e9cier leurs vins sur les cinq continents et de pouvoir transmettre leurs valeurs de convivialit\u00e9 et d\u2019excellence.<\/p>\n<p>CEPAGES<br \/>\n65 % Grenache, 25 % Syrah, 10 % Mourv\u00e8dre<\/p>\n","protected":false},"featured_media":9052,"comment_status":"closed","ping_status":"closed","template":"","meta":[],"product_brand":[],"product_cat":[85,251,242,244,284,250,29],"product_tag":[],"class_list":{"0":"post-583","1":"product","2":"type-product","3":"status-publish","4":"has-post-thumbnail","6":"product_cat-vins","7":"product_cat-grands-vins","8":"product_cat-regions","9":"product_cat-vallee-du-rhone","10":"product_cat-vacqueyras","11":"product_cat-couleur","12":"product_cat-vin-rouge","14":"first","15":"instock","16":"taxable","17":"shipping-taxable","18":"purchasable","19":"product-type-simple"},"jetpack_sharing_enabled":true,"_links":{"self":[{"href":"https:\/\/france-gastronomie.shop\/fr\/wp-json\/wp\/v2\/product\/583","targetHints":{"allow":["GET"]}}],"collection":[{"href":"https:\/\/france-gastronomie.shop\/fr\/wp-json\/wp\/v2\/product"}],"about":[{"href":"https:\/\/france-gastronomie.shop\/fr\/wp-json\/wp\/v2\/types\/product"}],"replies":[{"embeddable":true,"href":"https:\/\/france-gastronomie.shop\/fr\/wp-json\/wp\/v2\/comments?post=583"}],"wp:featuredmedia":[{"embeddable":true,"href":"https:\/\/france-gastronomie.shop\/fr\/wp-json\/wp\/v2\/media\/9052"}],"wp:attachment":[{"href":"https:\/\/france-gastronomie.shop\/fr\/wp-json\/wp\/v2\/media?parent=583"}],"wp:term":[{"taxonomy":"product_brand","embeddable":true,"href":"https:\/\/france-gastronomie.shop\/fr\/wp-json\/wp\/v2\/product_brand?post=583"},{"taxonomy":"product_cat","embeddable":true,"href":"https:\/\/france-gastronomie.shop\/fr\/wp-json\/wp\/v2\/product_cat?post=583"},{"taxonomy":"product_tag","embeddable":true,"href":"https:\/\/france-gastronomie.shop\/fr\/wp-json\/wp\/v2\/product_tag?post=583"}],"curies":[{"name":"wp","href":"https:\/\/api.w.org\/{rel}","templated":true}]}}