{"id":579,"date":"2020-08-05T04:45:26","date_gmt":"2020-08-05T04:45:26","guid":{"rendered":"https:\/\/france-gastronomie.shop\/?post_type=product&#038;p=579"},"modified":"2025-11-27T11:43:52","modified_gmt":"2025-11-27T11:43:52","slug":"la-chasse-des-princes-cote-du-rhone-villages-2","status":"publish","type":"product","link":"https:\/\/france-gastronomie.shop\/fr\/produit\/la-chasse-des-princes-cote-du-rhone-villages-2\/","title":{"rendered":"La Chasse des Princes <br\/> AOC C\u00f4tes du Rh\u00f4ne Villages"},"content":{"rendered":"<h5>La Chasse des Princes<\/h5>\n<h5>AOC C\u00f4te du Rh\u00f4ne Villages<\/h5>\n<p>TERROIR D&rsquo;ORIGINE<br \/>\nCoteaux ou mourres argilo-siliceux.<\/p>\n<p>VINIFICATION<br \/>\n\u00c9grappage, cuvaison 15 \u00e0 20 jours, d\u00e9lestages et remontages journaliers. Temp\u00e9rature de fermentation 28 \u00e0 30\u00b0 C.<\/p>\n<p>VIEILLISSEMENT<br \/>\n10 mois en cuve.<\/p>\n<p>CEPAGES<br \/>\nGrenache 70%, Mourv\u00e8dre 15% &amp; Syrah 15%<\/p>\n<p>NOTE DE DEGUSTATION<br \/>\nLa robe est d&rsquo;un beau rouge intense, le nez est puissant avec une dominante de fruits rouges tel le cassis accompagn\u00e9 par le r\u00e9glisse et les \u00e9pices. Tr\u00e8s bel \u00e9quilibre en bouche avec beaucoup de volume et une structure tannique affirm\u00e9e\u00a0mais des tanins souples et fondus.<\/p>\n<p>CONSEILS DE DEGUSTATION<br \/>\nGarde: 5 ans. 14\u00b0-16\u00b0C<\/p>\n<p>CONSEIL D&rsquo;ACCOMPAGNEMENT<br \/>\nIl s&rsquo;accordera d\u00e8s aujourd&rsquo;hui avec tous les plats de la cuisine m\u00e9diterran\u00e9enne m\u00eame \u00e9pic\u00e9s et plus vieux, avec des plats en sauce ou du gibier.<\/p>\n","protected":false},"excerpt":{"rendered":"<h5>AOC C\u00f4te du Rh\u00f4ne Villages<\/h5>\n<p>En 1925, un groupe de vignerons convaincu par les valeurs de solidarit\u00e9 et d\u2019entraide s\u2019unit. Onze ans apr\u00e8s, ces vignerons visionnaires participeront \u00e0 la construction de la 1\u00e8re appellation de France: CH\u00c2TEAUNEUF-DU-PAPE.<br \/>\nSoud\u00e9s comme \u00e0 l\u2019origine, les 189 Vignerons du CELLIER DES PRINCES sont aujourd\u2019hui fiers de faire appr\u00e9cier leurs vins sur les cinq continents et de pouvoir transmettre leurs valeurs de convivialit\u00e9 et d\u2019excellence.<\/p>\n<p>CEPAGES<br \/>\nGrenache 70%, Mourv\u00e8dre 15% &amp; Syrah 15%<\/p>\n","protected":false},"featured_media":9048,"comment_status":"closed","ping_status":"closed","template":"","meta":[],"product_brand":[],"product_cat":[85,242,244,283,250,29],"product_tag":[],"class_list":{"0":"post-579","1":"product","2":"type-product","3":"status-publish","4":"has-post-thumbnail","6":"product_cat-vins","7":"product_cat-regions","8":"product_cat-vallee-du-rhone","9":"product_cat-cotes-du-rhone-villages","10":"product_cat-couleur","11":"product_cat-vin-rouge","13":"first","14":"instock","15":"taxable","16":"shipping-taxable","17":"purchasable","18":"product-type-simple"},"jetpack_sharing_enabled":true,"_links":{"self":[{"href":"https:\/\/france-gastronomie.shop\/fr\/wp-json\/wp\/v2\/product\/579","targetHints":{"allow":["GET"]}}],"collection":[{"href":"https:\/\/france-gastronomie.shop\/fr\/wp-json\/wp\/v2\/product"}],"about":[{"href":"https:\/\/france-gastronomie.shop\/fr\/wp-json\/wp\/v2\/types\/product"}],"replies":[{"embeddable":true,"href":"https:\/\/france-gastronomie.shop\/fr\/wp-json\/wp\/v2\/comments?post=579"}],"wp:featuredmedia":[{"embeddable":true,"href":"https:\/\/france-gastronomie.shop\/fr\/wp-json\/wp\/v2\/media\/9048"}],"wp:attachment":[{"href":"https:\/\/france-gastronomie.shop\/fr\/wp-json\/wp\/v2\/media?parent=579"}],"wp:term":[{"taxonomy":"product_brand","embeddable":true,"href":"https:\/\/france-gastronomie.shop\/fr\/wp-json\/wp\/v2\/product_brand?post=579"},{"taxonomy":"product_cat","embeddable":true,"href":"https:\/\/france-gastronomie.shop\/fr\/wp-json\/wp\/v2\/product_cat?post=579"},{"taxonomy":"product_tag","embeddable":true,"href":"https:\/\/france-gastronomie.shop\/fr\/wp-json\/wp\/v2\/product_tag?post=579"}],"curies":[{"name":"wp","href":"https:\/\/api.w.org\/{rel}","templated":true}]}}