{"id":5743,"date":"2021-01-20T09:50:42","date_gmt":"2021-01-20T09:50:42","guid":{"rendered":"https:\/\/france-gastronomie.shop\/?post_type=product&#038;p=5743"},"modified":"2026-02-04T13:08:02","modified_gmt":"2026-02-04T12:08:02","slug":"terrine-du-larzac-a-la-tomme-de-brebis-bio","status":"publish","type":"product","link":"https:\/\/france-gastronomie.shop\/fr\/produit\/terrine-du-larzac-a-la-tomme-de-brebis-bio\/","title":{"rendered":"Terrine du Larzac <br\/> \u00e0 la Tomme de Brebis"},"content":{"rendered":"<h5>Terrine du Larzac \u00e0 la Tomme de Brebis &amp; au Thym BIO<\/h5>\n<h5>ROGER VIDAL<\/h5>\n<p>Poids net<br \/>\n130 g<\/p>\n<p>Ingr\u00e9dients<br \/>\nFoie de porc*, gorges de porc*, tomme de brebis 20%*(lait de brebis* thermis\u00e9, sel, pr\u00e9sure, ferments), gras de porc*, oeufs*, sel, vin blanc* (sulfites), thym 0,3%*, poivre*.<br \/>\n*Produits issus de l\u2019agriculture biologique.<\/p>\n<p>Conservation<br \/>\nA temp\u00e9rature ambiante, apr\u00e8s ouverture se conserve 2 jours au r\u00e9frig\u00e9rateur.<\/p>\n<p>OGM<br \/>\nAucun<\/p>\n<p>All\u00e8rg\u00e8nes<br \/>\nLait, \u0152ufs, Sulfites<\/p>\n<p>Valeurs nutritionnelles<\/p>\n<table width=\"286\">\n<tbody>\n<tr>\n<td width=\"130\">Valeurs nutritionnelles moyennes pour 100g<\/td>\n<td width=\"156\">409 Kcal<br \/>\n(1690 kj)<\/td>\n<\/tr>\n<tr>\n<td>Energie<\/td>\n<td>38g<\/td>\n<\/tr>\n<tr>\n<td>Mati\u00e8res grasses<\/td>\n<td>16g<\/td>\n<\/tr>\n<tr>\n<td>Acides gras satur\u00e9s<\/td>\n<td>1,4g<\/td>\n<\/tr>\n<tr>\n<td>sucres<\/td>\n<td>&lt;0,5g<\/td>\n<\/tr>\n<tr>\n<td>Prot\u00e9ines<\/td>\n<td>14g<\/td>\n<\/tr>\n<tr>\n<td>Sel<\/td>\n<td>1,6g<\/td>\n<\/tr>\n<\/tbody>\n<\/table>\n","protected":false},"excerpt":{"rendered":"<h5>ROGER VIDAL<\/h5>\n<p>Roger Vidal est une entreprise familiale install\u00e9e dans le sud Aveyron.<br \/>\nRespectueuse d\u2019une fabrication \u00e0 l\u2019ancienne et mettant tout son savoir-faire dans l\u2019\u00e9laboration de ses p\u00e2t\u00e9s et terrines.<br \/>\nRoger Vidal fabrique des produits gourmets depuis plus de quarante ans!<\/p>\n","protected":false},"featured_media":14087,"comment_status":"open","ping_status":"closed","template":"","meta":[],"product_brand":[],"product_cat":[573,31,252],"product_tag":[],"class_list":{"0":"post-5743","1":"product","2":"type-product","3":"status-publish","4":"has-post-thumbnail","6":"product_cat-terrines","7":"product_cat-epicerie","8":"product_cat-bio","10":"first","11":"outofstock","12":"taxable","13":"shipping-taxable","14":"purchasable","15":"product-type-simple"},"jetpack_sharing_enabled":true,"_links":{"self":[{"href":"https:\/\/france-gastronomie.shop\/fr\/wp-json\/wp\/v2\/product\/5743","targetHints":{"allow":["GET"]}}],"collection":[{"href":"https:\/\/france-gastronomie.shop\/fr\/wp-json\/wp\/v2\/product"}],"about":[{"href":"https:\/\/france-gastronomie.shop\/fr\/wp-json\/wp\/v2\/types\/product"}],"replies":[{"embeddable":true,"href":"https:\/\/france-gastronomie.shop\/fr\/wp-json\/wp\/v2\/comments?post=5743"}],"wp:featuredmedia":[{"embeddable":true,"href":"https:\/\/france-gastronomie.shop\/fr\/wp-json\/wp\/v2\/media\/14087"}],"wp:attachment":[{"href":"https:\/\/france-gastronomie.shop\/fr\/wp-json\/wp\/v2\/media?parent=5743"}],"wp:term":[{"taxonomy":"product_brand","embeddable":true,"href":"https:\/\/france-gastronomie.shop\/fr\/wp-json\/wp\/v2\/product_brand?post=5743"},{"taxonomy":"product_cat","embeddable":true,"href":"https:\/\/france-gastronomie.shop\/fr\/wp-json\/wp\/v2\/product_cat?post=5743"},{"taxonomy":"product_tag","embeddable":true,"href":"https:\/\/france-gastronomie.shop\/fr\/wp-json\/wp\/v2\/product_tag?post=5743"}],"curies":[{"name":"wp","href":"https:\/\/api.w.org\/{rel}","templated":true}]}}