{"id":571,"date":"2020-08-04T09:13:47","date_gmt":"2020-08-04T09:13:47","guid":{"rendered":"https:\/\/france-gastronomie.shop\/?post_type=product&#038;p=571"},"modified":"2025-11-24T15:35:50","modified_gmt":"2025-11-24T15:35:50","slug":"heredita-chateauneuf-du-pape","status":"publish","type":"product","link":"https:\/\/france-gastronomie.shop\/fr\/produit\/heredita-chateauneuf-du-pape\/","title":{"rendered":"H\u00e9r\u00e9dita <br\/> Ch\u00e2teauneuf du Pape"},"content":{"rendered":"<h5>H\u00e9r\u00e9dita<\/h5>\n<h5>AOC Ch\u00e2teauneuf du Pape<\/h5>\n<p>H\u00e9r\u00e9dita est une cuv\u00e9e n\u00e9e de la collaboration entre Philippe Cambie, sp\u00e9cialiste du Grenache et du Cru Ch\u00e2teauneuf du Pape, meilleur oenologue de l&rsquo;ann\u00e9e 2010 par Parker, et Thierry Ferlay, oenologue talentueux du Cellier des Princes depuis 2009. Cette Cuv\u00e9e exceptionnelle issue de Grenaches centenaires allie tradition et modernit\u00e9, d&rsquo;o\u00f9 sa devise \u00ab\u00a0NOVE SED NON NOVA\u00a0\u00bb, la mani\u00e8re est nouvelle mais non la mati\u00e8re.<\/p>\n<p>TERROIR D&rsquo;ORIGINE<br \/>\nCoteaux et Galets roul\u00e9s de quartzites sur un sous sol d&rsquo;argile rouge. S\u00e9lection des parcelles les plus qualitatives en c\u00f4teaux et de Grenache centenaires sur Courthezon.<\/p>\n<p>VINIFICATION<br \/>\nVendanges manuelles \u00e0 maturit\u00e9 optimale, et transport rapide en petits contenants vers le chai de vinification.<br \/>\n\u00c9grappage s\u00e9lectif, cuvaison de 35 jours avec d\u00e9lestages et remontages journaliers.<br \/>\nTemp\u00e9rature de fermentation de 28 \u00e0 30\u00b0C. Ce vin n&rsquo;est produit que dans les meilleures ann\u00e9es et produit en toute petite quantit\u00e9, moins de 2000 bouteilles par an avec un rendement de 25 Hl\/ha.<\/p>\n<p>CEPAGES<br \/>\nGrenache 95% et Mourv\u00e8dre 5 %<\/p>\n<p>VIEILLISSEMENT<br \/>\n12 mois en demi-muids (barriques de 600L) puis plusieurs mois en bouteilles<\/p>\n<p>NOTE DE DEGUSTATION<br \/>\nLe nez est intense et sophistiqu\u00e9, sur des notes de cerise \u00e0 l&rsquo;eau de vie, d&rsquo;\u00e9pices douces et de garrigue.<br \/>\nLa bouche est puissante, onctueuse et suave, avec de beaux tanins envelopp\u00e9s et une longue finale \u00e9pices et d&rsquo;ar\u00f4mes toast\u00e9s.<br \/>\nCe vin repr\u00e9sente la symbiose entre puissance et \u00e9l\u00e9gance.<\/p>\n<p>CONSEILS DE DEGUSTATION<br \/>\nPeut \u00eatre appr\u00e9ci\u00e9 d\u00e8s maintenant, et \u00eatre gard\u00e9 en cave de 8 \u00e0 15 ans. Servir \u00e0 15\u00b0 &#8211; 16\u00b0C.<\/p>\n<p>CONSEIL D&rsquo;ACCOMPAGNEMENT<br \/>\nIl s&rsquo;accorde avec tous les plats en sauce, le gibier comme un filet mignon de b\u00eeche, un r\u00f4ti de sanglier, confit de canard et fromages affin\u00e9s.<\/p>\n<p>RECOMPENSES<br \/>\n2016 \/\/ 93 par Jeb Dunnuck<br \/>\n2017 \/\/ 92-94 par Jeb Dunnuck<\/p>\n","protected":false},"excerpt":{"rendered":"<h5>AOC Ch\u00e2teauneuf du Pape<\/h5>\n<p>En 1925, un groupe de vignerons convaincu par les valeurs de solidarit\u00e9 et d\u2019entraide s\u2019unit. Onze ans apr\u00e8s, ces vignerons visionnaires participeront \u00e0 la construction de la 1\u00e8re appellation de France: CH\u00c2TEAUNEUF-DU-PAPE.<br \/>\nSoud\u00e9s comme \u00e0 l\u2019origine, les 189 Vignerons du CELLIER DES PRINCES sont aujourd\u2019hui fiers de faire appr\u00e9cier leurs vins sur les cinq continents et de pouvoir transmettre leurs valeurs de convivialit\u00e9 et d\u2019excellence.<\/p>\n<p>CEPAGES<br \/>\nGrenache 95% et Mourv\u00e8dre 5 %<\/p>\n","protected":false},"featured_media":25121,"comment_status":"closed","ping_status":"closed","template":"","meta":[],"product_brand":[],"product_cat":[85,251,242,244,285,250,29],"product_tag":[],"class_list":{"0":"post-571","1":"product","2":"type-product","3":"status-publish","4":"has-post-thumbnail","6":"product_cat-vins","7":"product_cat-grands-vins","8":"product_cat-regions","9":"product_cat-vallee-du-rhone","10":"product_cat-chateauneuf-du-pape","11":"product_cat-couleur","12":"product_cat-vin-rouge","14":"first","15":"instock","16":"taxable","17":"shipping-taxable","18":"purchasable","19":"product-type-simple"},"jetpack_sharing_enabled":true,"_links":{"self":[{"href":"https:\/\/france-gastronomie.shop\/fr\/wp-json\/wp\/v2\/product\/571","targetHints":{"allow":["GET"]}}],"collection":[{"href":"https:\/\/france-gastronomie.shop\/fr\/wp-json\/wp\/v2\/product"}],"about":[{"href":"https:\/\/france-gastronomie.shop\/fr\/wp-json\/wp\/v2\/types\/product"}],"replies":[{"embeddable":true,"href":"https:\/\/france-gastronomie.shop\/fr\/wp-json\/wp\/v2\/comments?post=571"}],"wp:featuredmedia":[{"embeddable":true,"href":"https:\/\/france-gastronomie.shop\/fr\/wp-json\/wp\/v2\/media\/25121"}],"wp:attachment":[{"href":"https:\/\/france-gastronomie.shop\/fr\/wp-json\/wp\/v2\/media?parent=571"}],"wp:term":[{"taxonomy":"product_brand","embeddable":true,"href":"https:\/\/france-gastronomie.shop\/fr\/wp-json\/wp\/v2\/product_brand?post=571"},{"taxonomy":"product_cat","embeddable":true,"href":"https:\/\/france-gastronomie.shop\/fr\/wp-json\/wp\/v2\/product_cat?post=571"},{"taxonomy":"product_tag","embeddable":true,"href":"https:\/\/france-gastronomie.shop\/fr\/wp-json\/wp\/v2\/product_tag?post=571"}],"curies":[{"name":"wp","href":"https:\/\/api.w.org\/{rel}","templated":true}]}}