{"id":5706,"date":"2021-01-20T06:33:27","date_gmt":"2021-01-20T06:33:27","guid":{"rendered":"https:\/\/france-gastronomie.shop\/?post_type=product&#038;p=5706"},"modified":"2026-02-04T13:11:19","modified_gmt":"2026-02-04T12:11:19","slug":"courgettes-roquefort","status":"publish","type":"product","link":"https:\/\/france-gastronomie.shop\/fr\/produit\/courgettes-roquefort\/","title":{"rendered":"Courgettes 55% <br\/> &#038; Roquefort 20%"},"content":{"rendered":"<h5>Courgettes, Roquefort<\/h5>\n<h5>ROGER VIDAL<\/h5>\n<p>Poids net<br \/>\n140 g<\/p>\n<p>Ingr\u00e9dients<br \/>\nCourgettes 55%, Roquefort 20 % (lait cru de br\u00e9bis, sel, ferments lactiaues, pr\u00e9sure, penicilium roqueforti),cr\u00e8me (lait), amidon de bl\u00e9 (gluten), oignons, huile d\u2019olive, sel, ail, thym, \u00e9paississant: farine de caroube (E410), poivre.<\/p>\n<p>Conservation<br \/>\nA temp\u00e9rature ambiante, apr\u00e8s ouverture se conserve 2 jours au r\u00e9frig\u00e9rateur.<\/p>\n<p>OGM<br \/>\nAucun<\/p>\n<p>All\u00e8rg\u00e8nes<br \/>\nLait, gluten<\/p>\n<p>Valeurs nutritionnelles<\/p>\n<table width=\"286\">\n<tbody>\n<tr>\n<td width=\"130\">Valeurs nutritionnelles moyennes pour 100g<\/td>\n<td width=\"156\">158 Kcal<br \/>\n(654 kj)<\/td>\n<\/tr>\n<tr>\n<td>Energie<\/td>\n<td>11g<\/td>\n<\/tr>\n<tr>\n<td>Mati\u00e8res grasses<\/td>\n<td>6,8g<\/td>\n<\/tr>\n<tr>\n<td>Acides gras satur\u00e9s<\/td>\n<td>8,8g<\/td>\n<\/tr>\n<tr>\n<td>sucres<\/td>\n<td>1,5g<\/td>\n<\/tr>\n<tr>\n<td>Prot\u00e9ines<\/td>\n<td>5g<\/td>\n<\/tr>\n<tr>\n<td>Sel<\/td>\n<td>2,1g<\/td>\n<\/tr>\n<\/tbody>\n<\/table>\n","protected":false},"excerpt":{"rendered":"<h5>ROGER VIDAL<\/h5>\n<p>Roger Vidal est une entreprise familiale install\u00e9e dans le sud Aveyron.<br \/>\nRespectueuse d\u2019une fabrication \u00e0 l\u2019ancienne et mettant tout son savoir-faire dans l\u2019\u00e9laboration de ses p\u00e2t\u00e9s et terrines.<br \/>\nRoger Vidal fabrique des produits gourmets depuis plus de quarante ans!<\/p>\n","protected":false},"featured_media":14106,"comment_status":"open","ping_status":"closed","template":"","meta":[],"product_brand":[],"product_cat":[598,573,31],"product_tag":[],"class_list":{"0":"post-5706","1":"product","2":"type-product","3":"status-publish","4":"has-post-thumbnail","6":"product_cat-a-tartiner","7":"product_cat-terrines","8":"product_cat-epicerie","10":"first","11":"instock","12":"taxable","13":"shipping-taxable","14":"purchasable","15":"product-type-simple"},"jetpack_sharing_enabled":true,"_links":{"self":[{"href":"https:\/\/france-gastronomie.shop\/fr\/wp-json\/wp\/v2\/product\/5706","targetHints":{"allow":["GET"]}}],"collection":[{"href":"https:\/\/france-gastronomie.shop\/fr\/wp-json\/wp\/v2\/product"}],"about":[{"href":"https:\/\/france-gastronomie.shop\/fr\/wp-json\/wp\/v2\/types\/product"}],"replies":[{"embeddable":true,"href":"https:\/\/france-gastronomie.shop\/fr\/wp-json\/wp\/v2\/comments?post=5706"}],"wp:featuredmedia":[{"embeddable":true,"href":"https:\/\/france-gastronomie.shop\/fr\/wp-json\/wp\/v2\/media\/14106"}],"wp:attachment":[{"href":"https:\/\/france-gastronomie.shop\/fr\/wp-json\/wp\/v2\/media?parent=5706"}],"wp:term":[{"taxonomy":"product_brand","embeddable":true,"href":"https:\/\/france-gastronomie.shop\/fr\/wp-json\/wp\/v2\/product_brand?post=5706"},{"taxonomy":"product_cat","embeddable":true,"href":"https:\/\/france-gastronomie.shop\/fr\/wp-json\/wp\/v2\/product_cat?post=5706"},{"taxonomy":"product_tag","embeddable":true,"href":"https:\/\/france-gastronomie.shop\/fr\/wp-json\/wp\/v2\/product_tag?post=5706"}],"curies":[{"name":"wp","href":"https:\/\/api.w.org\/{rel}","templated":true}]}}