{"id":5700,"date":"2021-01-20T06:25:32","date_gmt":"2021-01-20T06:25:32","guid":{"rendered":"https:\/\/france-gastronomie.shop\/?post_type=product&#038;p=5700"},"modified":"2026-02-04T13:12:08","modified_gmt":"2026-02-04T12:12:08","slug":"tomates-sechees-chevre-basilic","status":"publish","type":"product","link":"https:\/\/france-gastronomie.shop\/fr\/produit\/tomates-sechees-chevre-basilic\/","title":{"rendered":"Tomates s\u00e9ch\u00e9es <br\/> ch\u00e8vre &#038; basilic"},"content":{"rendered":"<h5>Tomates s\u00e9ch\u00e9es, ch\u00e8vre &amp; basilic<\/h5>\n<h5>ROGER VIDAL<\/h5>\n<p>Poids net<br \/>\n140 g<\/p>\n<p>Ingr\u00e9dients<br \/>\nTomates concass\u00e9es, tomates s\u00e9ch\u00e9es 16%, courgettes, fromage de ch\u00e8vre 10% (lait), olives vertes, huile d\u2019olive, concentr\u00e9 de tomates, poivrons, sel, ail, farine de caroube E410, basilic 0,4%, poivre blanc.<\/p>\n<p>Conservation<br \/>\nA temp\u00e9rature ambiante, apr\u00e8s ouverture se conserve 2 jours au r\u00e9frig\u00e9rateur.<\/p>\n<p>OGM<br \/>\nAucun<\/p>\n<p>All\u00e8rg\u00e8nes<br \/>\nLait<\/p>\n<p>Valeurs nutritionnelles<\/p>\n<table width=\"286\">\n<tbody>\n<tr>\n<td width=\"130\">Valeurs nutritionnelles moyennes pour 100g<\/td>\n<td width=\"156\">153 Kcal<br \/>\n(632 kj)<\/td>\n<\/tr>\n<tr>\n<td>Energie<\/td>\n<td>13g<\/td>\n<\/tr>\n<tr>\n<td>Mati\u00e8res grasses<\/td>\n<td>3,2g<\/td>\n<\/tr>\n<tr>\n<td>Acides gras satur\u00e9s<\/td>\n<td>4,4g<\/td>\n<\/tr>\n<tr>\n<td>sucres<\/td>\n<td>3,3g<\/td>\n<\/tr>\n<tr>\n<td>Prot\u00e9ines<\/td>\n<td>3,3g<\/td>\n<\/tr>\n<tr>\n<td>Sel<\/td>\n<td>2,3g<\/td>\n<\/tr>\n<\/tbody>\n<\/table>\n","protected":false},"excerpt":{"rendered":"<h5>ROGER VIDAL<\/h5>\n<p>Roger Vidal est une entreprise familiale install\u00e9e dans le sud Aveyron.<br \/>\nRespectueuse d\u2019une fabrication \u00e0 l\u2019ancienne et mettant tout son savoir-faire dans l\u2019\u00e9laboration de ses p\u00e2t\u00e9s et terrines.<br \/>\nRoger Vidal fabrique des produits gourmets depuis plus de quarante ans!<\/p>\n","protected":false},"featured_media":14109,"comment_status":"open","ping_status":"closed","template":"","meta":[],"product_brand":[],"product_cat":[598,31],"product_tag":[],"class_list":{"0":"post-5700","1":"product","2":"type-product","3":"status-publish","4":"has-post-thumbnail","6":"product_cat-a-tartiner","7":"product_cat-epicerie","9":"first","10":"instock","11":"taxable","12":"shipping-taxable","13":"purchasable","14":"product-type-simple"},"jetpack_sharing_enabled":true,"_links":{"self":[{"href":"https:\/\/france-gastronomie.shop\/fr\/wp-json\/wp\/v2\/product\/5700","targetHints":{"allow":["GET"]}}],"collection":[{"href":"https:\/\/france-gastronomie.shop\/fr\/wp-json\/wp\/v2\/product"}],"about":[{"href":"https:\/\/france-gastronomie.shop\/fr\/wp-json\/wp\/v2\/types\/product"}],"replies":[{"embeddable":true,"href":"https:\/\/france-gastronomie.shop\/fr\/wp-json\/wp\/v2\/comments?post=5700"}],"wp:featuredmedia":[{"embeddable":true,"href":"https:\/\/france-gastronomie.shop\/fr\/wp-json\/wp\/v2\/media\/14109"}],"wp:attachment":[{"href":"https:\/\/france-gastronomie.shop\/fr\/wp-json\/wp\/v2\/media?parent=5700"}],"wp:term":[{"taxonomy":"product_brand","embeddable":true,"href":"https:\/\/france-gastronomie.shop\/fr\/wp-json\/wp\/v2\/product_brand?post=5700"},{"taxonomy":"product_cat","embeddable":true,"href":"https:\/\/france-gastronomie.shop\/fr\/wp-json\/wp\/v2\/product_cat?post=5700"},{"taxonomy":"product_tag","embeddable":true,"href":"https:\/\/france-gastronomie.shop\/fr\/wp-json\/wp\/v2\/product_tag?post=5700"}],"curies":[{"name":"wp","href":"https:\/\/api.w.org\/{rel}","templated":true}]}}