{"id":547,"date":"2020-08-04T05:24:40","date_gmt":"2020-08-04T05:24:40","guid":{"rendered":"https:\/\/france-gastronomie.shop\/?post_type=product&#038;p=547"},"modified":"2025-11-24T16:37:56","modified_gmt":"2025-11-24T16:37:56","slug":"heredita-cotes-du-rhone","status":"publish","type":"product","link":"https:\/\/france-gastronomie.shop\/fr\/produit\/heredita-cotes-du-rhone\/","title":{"rendered":"H\u00e9r\u00e9dita <br\/> AOC C\u00f4tes du Rh\u00f4ne"},"content":{"rendered":"<h5>H\u00e9r\u00e9dita<\/h5>\n<h5>AOC C\u00f4tes du Rh\u00f4ne<\/h5>\n<p>TERROIR D&rsquo;ORIGINE<br \/>\nArgilo siliceux, calcaires avec quelques galets roul\u00e9s en surface. Les vignes sont situ\u00e9es autour de nos vignes en Ch\u00e2teauneuf du Pape.<\/p>\n<p>VIEILLISSEMENT<br \/>\n8 mois en cuve inox<\/p>\n<p>CEPAGES<br \/>\nGrenache 70 % et Syrah 30 %<\/p>\n<p>H\u00e9r\u00e9dita est une cuv\u00e9e n\u00e9e de la collaboration entre Philippe Cambie, sp\u00e9cialiste du Grenache et du Cru Ch\u00e2teauneuf du Pape, meilleur oenologue de l&rsquo;ann\u00e9e 2010 par Parker, et Thierry Ferlay, oenologue talentueux du Cellier des Princes depuis 2009. Ce C\u00f4tes du Rh\u00f4ne issue de vieilles vignes de Grenache et de Syrah allie tradition et modernit\u00e9, d&rsquo;o\u00f9 sa devise \u00ab\u00a0NOVE SED NON NOVA\u00a0\u00bb,<br \/>\nla mani\u00e8re est nouvelle mais non la mati\u00e8re.\u00bb<\/p>\n<p>NOTE DE DEGUSTATION<br \/>\nLe nez est \u00e9l\u00e9gant et gourmand, sur des notes de fruits rouges frais et de r\u00e9glisse. La bouche est onctueuse, les tannins sont velout\u00e9s. Longue finale \u00e9pic\u00e9e.<\/p>\n<p>CONSEILS DE DEGUSTATION<br \/>\nA boire d\u00e8s maintenant et peut \u00eatre gard\u00e9e en cave 4-5 ans. Servir \u00e0 15\u00b0-16\u00b0C<\/p>\n<p>CONSEIL D&rsquo;ACCOMPAGNEMENT<br \/>\nUn vin \u00e0 appr\u00e9cier d\u00e8s aujourd&rsquo;hui sur tous les plats de la cuisine m\u00e9diterran\u00e9enne ou sur des plats en sauce et du fromage.<\/p>\n<p>RECOMPENSES<br \/>\n2018: Or Orange<\/p>\n","protected":false},"excerpt":{"rendered":"<h5>AOC C\u00f4tes du Rh\u00f4ne<\/h5>\n<p>En 1925, un groupe de vignerons convaincu par les valeurs de solidarit\u00e9 et d\u2019entraide s\u2019unit. Onze ans apr\u00e8s, ces vignerons visionnaires participeront \u00e0 la construction de la 1\u00e8re appellation de France: CH\u00c2TEAUNEUF-DU-PAPE.<br \/>\nSoud\u00e9s comme \u00e0 l\u2019origine, les 189 Vignerons du CELLIER DES PRINCES sont aujourd\u2019hui fiers de faire appr\u00e9cier leurs vins sur les cinq continents et de pouvoir transmettre leurs valeurs de convivialit\u00e9 et d\u2019excellence.<\/p>\n<p>CEPAGES<br \/>\nGrenache 70 % et Syrah 30 %<\/p>\n","protected":false},"featured_media":25129,"comment_status":"closed","ping_status":"closed","template":"","meta":[],"product_brand":[],"product_cat":[85,242,244,282,250,29],"product_tag":[],"class_list":{"0":"post-547","1":"product","2":"type-product","3":"status-publish","4":"has-post-thumbnail","6":"product_cat-vins","7":"product_cat-regions","8":"product_cat-vallee-du-rhone","9":"product_cat-cotes-du-rhone","10":"product_cat-couleur","11":"product_cat-vin-rouge","13":"first","14":"instock","15":"taxable","16":"shipping-taxable","17":"purchasable","18":"product-type-simple"},"jetpack_sharing_enabled":true,"_links":{"self":[{"href":"https:\/\/france-gastronomie.shop\/fr\/wp-json\/wp\/v2\/product\/547","targetHints":{"allow":["GET"]}}],"collection":[{"href":"https:\/\/france-gastronomie.shop\/fr\/wp-json\/wp\/v2\/product"}],"about":[{"href":"https:\/\/france-gastronomie.shop\/fr\/wp-json\/wp\/v2\/types\/product"}],"replies":[{"embeddable":true,"href":"https:\/\/france-gastronomie.shop\/fr\/wp-json\/wp\/v2\/comments?post=547"}],"wp:featuredmedia":[{"embeddable":true,"href":"https:\/\/france-gastronomie.shop\/fr\/wp-json\/wp\/v2\/media\/25129"}],"wp:attachment":[{"href":"https:\/\/france-gastronomie.shop\/fr\/wp-json\/wp\/v2\/media?parent=547"}],"wp:term":[{"taxonomy":"product_brand","embeddable":true,"href":"https:\/\/france-gastronomie.shop\/fr\/wp-json\/wp\/v2\/product_brand?post=547"},{"taxonomy":"product_cat","embeddable":true,"href":"https:\/\/france-gastronomie.shop\/fr\/wp-json\/wp\/v2\/product_cat?post=547"},{"taxonomy":"product_tag","embeddable":true,"href":"https:\/\/france-gastronomie.shop\/fr\/wp-json\/wp\/v2\/product_tag?post=547"}],"curies":[{"name":"wp","href":"https:\/\/api.w.org\/{rel}","templated":true}]}}