{"id":5362,"date":"2021-01-13T07:32:43","date_gmt":"2021-01-13T07:32:43","guid":{"rendered":"https:\/\/france-gastronomie.shop\/?post_type=product&#038;p=5362"},"modified":"2026-02-04T14:07:35","modified_gmt":"2026-02-04T13:07:35","slug":"soupe-de-poissons-au-pastis","status":"publish","type":"product","link":"https:\/\/france-gastronomie.shop\/fr\/produit\/soupe-de-poissons-au-pastis\/","title":{"rendered":"Soupe de Poissons <br\/> au Pastis"},"content":{"rendered":"<h5>Soupe de Poissons au Pastis<br \/>\nLes Belles de Marseille<\/h5>\n<p>Cette soupe, pr\u00e9par\u00e9e selon la recette traditionnelle, est uniquement compos\u00e9e de poissons press\u00e9s et non broy\u00e9s, ce qui la rend si savoureuse.<\/p>\n<p>Conseils de consommation<br \/>\nA faire r\u00e9chauffer d\u00e9licatement, sans laisser bouillir, dans une casserole. Elle est tr\u00e8s \u00e9paisse, nous vous recommandons d&rsquo;ajouter 25 \u00e0 30 % d&rsquo;eau, ajoutez des cro\u00fbtons de pain tartin\u00e9s de rouille et du fromage r\u00e2p\u00e9 de type emmental. Portions pour 3 \u00e0 4 personnes.<\/p>\n<p>Conseil de conservation<br \/>\nAvant ouverture, stocker \u00e0 temp\u00e9rature ambiante.<br \/>\nA consommer de pr\u00e9f\u00e9rence avant le: voir sur la capsule.<br \/>\nApr\u00e8s ouverture, conserver au r\u00e9frig\u00e9rateur et consommer rapidement.<\/p>\n<p>Caract\u00e9ristiques organoleptiques<br \/>\nSoupe de poissons au Pastis, sans morceaux, de couleur brun orang\u00e9. Odeur et saveur caract\u00e9ristiques d\u2019une soupe de poissons anis\u00e9e.<\/p>\n<p>Ingr\u00e9dients<br \/>\nEau, poissons de roche 25 %, l\u00e9gumes (oignons, poireaux), concentr\u00e9 de tomate, Pastis 1,5 %, huile d\u2019olive vierge extra, huile de colza, sel, amidon modifi\u00e9 de ma\u00efs, plantes aromatiques, \u00e9pices dont safran.<br \/>\nPoissons p\u00each\u00e9s en Mer M\u00e9diterran\u00e9e ou Oc\u00e9an Atlantique Nord Est.<\/p>\n<p>All\u00e8rg\u00e8nes<br \/>\nPoisson<\/p>\n<p>OGM<br \/>\nAucun<\/p>\n<p>Produits ionis\u00e9<br \/>\nAucun<\/p>\n<p>Colorants et conservateurs<br \/>\nAucun<\/p>\n<p>765 ml<\/p>\n<p>Valeurs nutritionnelles<\/p>\n<table width=\"274\">\n<tbody>\n<tr>\n<td width=\"149\">Energie\/100g<\/td>\n<td width=\"125\">153 kJ \/ 37 kcal<\/td>\n<\/tr>\n<tr>\n<td>Mati\u00e8res grasses<\/td>\n<td>2,6g<\/td>\n<\/tr>\n<tr>\n<td>Dont acides gras satur\u00e9s<\/td>\n<td>0,4g<\/td>\n<\/tr>\n<tr>\n<td>Glucides<\/td>\n<td>&lt;0,5g<\/td>\n<\/tr>\n<tr>\n<td>Dont sucres<\/td>\n<td>&lt;0,5g<\/td>\n<\/tr>\n<tr>\n<td>Prot\u00e9ines<\/td>\n<td>3,1g<\/td>\n<\/tr>\n<tr>\n<td>sel<\/td>\n<td>0,83g<\/td>\n<\/tr>\n<\/tbody>\n<\/table>\n","protected":false},"excerpt":{"rendered":"<h5>Les Belles de Marseille<\/h5>\n<p>C&rsquo;est en 1920, que d\u00e9bute la \u00ab\u00a0saga familiale\u00a0\u00bb Ferrigno.<\/p>\n<p>P\u00eacheur en M\u00e9diterran\u00e9e depuis trois g\u00e9n\u00e9rations, la p\u00eache est pour nous plus qu&rsquo;un m\u00e9tier, c&rsquo;est une passion.<br \/>\nLe go\u00fbt de l&rsquo;authentique, plus qu&rsquo;un slogan, c&rsquo;est v\u00e9ritablement notre ma\u00eetre mot&#8230;<\/p>\n","protected":false},"featured_media":14250,"comment_status":"open","ping_status":"closed","template":"","meta":[],"product_brand":[],"product_cat":[582,31],"product_tag":[],"class_list":{"0":"post-5362","1":"product","2":"type-product","3":"status-publish","4":"has-post-thumbnail","6":"product_cat-soupes","7":"product_cat-epicerie","9":"first","10":"instock","11":"taxable","12":"shipping-taxable","13":"purchasable","14":"product-type-simple"},"jetpack_sharing_enabled":true,"_links":{"self":[{"href":"https:\/\/france-gastronomie.shop\/fr\/wp-json\/wp\/v2\/product\/5362","targetHints":{"allow":["GET"]}}],"collection":[{"href":"https:\/\/france-gastronomie.shop\/fr\/wp-json\/wp\/v2\/product"}],"about":[{"href":"https:\/\/france-gastronomie.shop\/fr\/wp-json\/wp\/v2\/types\/product"}],"replies":[{"embeddable":true,"href":"https:\/\/france-gastronomie.shop\/fr\/wp-json\/wp\/v2\/comments?post=5362"}],"wp:featuredmedia":[{"embeddable":true,"href":"https:\/\/france-gastronomie.shop\/fr\/wp-json\/wp\/v2\/media\/14250"}],"wp:attachment":[{"href":"https:\/\/france-gastronomie.shop\/fr\/wp-json\/wp\/v2\/media?parent=5362"}],"wp:term":[{"taxonomy":"product_brand","embeddable":true,"href":"https:\/\/france-gastronomie.shop\/fr\/wp-json\/wp\/v2\/product_brand?post=5362"},{"taxonomy":"product_cat","embeddable":true,"href":"https:\/\/france-gastronomie.shop\/fr\/wp-json\/wp\/v2\/product_cat?post=5362"},{"taxonomy":"product_tag","embeddable":true,"href":"https:\/\/france-gastronomie.shop\/fr\/wp-json\/wp\/v2\/product_tag?post=5362"}],"curies":[{"name":"wp","href":"https:\/\/api.w.org\/{rel}","templated":true}]}}