{"id":5333,"date":"2021-01-12T06:50:20","date_gmt":"2021-01-12T06:50:20","guid":{"rendered":"https:\/\/france-gastronomie.shop\/?post_type=product&#038;p=5333"},"modified":"2026-02-04T14:08:22","modified_gmt":"2026-02-04T13:08:22","slug":"coffret-soupe-de-poissons-rouille-croutons","status":"publish","type":"product","link":"https:\/\/france-gastronomie.shop\/fr\/produit\/coffret-soupe-de-poissons-rouille-croutons\/","title":{"rendered":"Coffret Soupe de Poissons <br\/> Rouille &#038; Cro\u00fbtons"},"content":{"rendered":"<h5>Coffret Soupe de Poissons de Roche, Rouille, Cro\u00fbtons<br \/>\nLes Belles de Marseille<\/h5>\n<p>Conseils de consommation<br \/>\n<strong>Soupe de Poissons de Roche:<\/strong> A faire r\u00e9chauffer d\u00e9licatement, sans laisser bouillir, dans une casserole. Vous pouvez cuire, spaghettis ou p\u00e2tes \u00e0 potage, dans ce d\u00e9licieux bouillon ou bien verser le bouillon tr\u00e8s chaud sur des cro\u00fbtons de pain grill\u00e9, frott\u00e9s \u00e0 l\u2019ail et napp\u00e9s de notre rouille.<br \/>\n<strong>Rouille:<\/strong> A consommer napp\u00e9e sur des cro\u00fbtons de pain grill\u00e9, frott\u00e9s \u00e0 l\u2019ail pour l\u2019ap\u00e9ritif.<br \/>\n<strong>Cro\u00fbtons:<\/strong> A consommer en l\u2019\u00e9tat, en accompagnement de la soupe de poisson.<\/p>\n<p>Conseil de conservation<br \/>\nAvant ouverture, stocker \u00e0 temp\u00e9rature ambiante.<br \/>\nA consommer de pr\u00e9f\u00e9rence avant le: voir au dos du coffret.<br \/>\nApr\u00e8s ouverture, conserver au r\u00e9frig\u00e9rateur et consommer rapidement.<\/p>\n<p>Caract\u00e9ristiques organoleptiques<br \/>\n<strong>Soupe de Poissons de Roche:<\/strong> Soupe de poissons sans morceaux, de couleur brun orang\u00e9. Odeur et saveur caract\u00e9ristiques d\u2019une soupe de poissons.<br \/>\n<strong>Rouille:<\/strong> Mayonnaise \u00e9pic\u00e9e, sans morceaux, de couleur orang\u00e9e. Odeur et saveur caract\u00e9ristiques d\u2019une rouille.<\/p>\n<p>Ingr\u00e9dients<br \/>\n<strong>Soupe de Poissons de Roche:<\/strong> Eau, poissons de roche 26,2 %, l\u00e9gumes (oignons, poireaux), concentr\u00e9 de tomate, huile d\u2019olive vierge extra, huile de colza, sel, amidon modifi\u00e9 de ma\u00efs, plantes aromatiques, \u00e9pices dont safran.<br \/>\n<strong>Rouille:<\/strong> Huile de tournesol, eau, ail, concentr\u00e9 de tomate, moutarde, jaune d\u2019\u0153ufs, amidon modifi\u00e9 de pommes de terre, prot\u00e9ines de lait, sel, \u00e9pices, vinaigre.<br \/>\n<strong>Cro\u00fbtons:<\/strong> Farine de froment (farine de bl\u00e9, gluten), m\u00e9lange de c\u00e9r\u00e9ales (seigle, orge, ma\u00efs, avoine, bl\u00e9, riz, millet), huile de tournesol, extrait de malt d\u2019orge, levure boulang\u00e8re, sel, soja, lin, \u00e9mulsifiant: l\u00e9cithine de soja, antioxydant: vitamine E.<\/p>\n<p>All\u00e8rg\u00e8nes<br \/>\nPoissons, moutarde, \u0153ufs, produits \u00e0 base de lait, produits \u00e0 base de bl\u00e9 et de c\u00e9r\u00e9ales, soja<\/p>\n<p>OGM<br \/>\nAucun<\/p>\n<p>Produits ionis\u00e9<br \/>\nAucun<\/p>\n<p>Colorants et conservateurs<br \/>\nAucun<\/p>\n<p>Poids<br \/>\n<strong>Soupe de Poissons de Roche<\/strong>: 780 g<br \/>\n<strong>Rouille:<\/strong> 110 g<br \/>\n<strong>Cro\u00fbtons:<\/strong> 75 g<\/p>\n<p>Valeurs nutritionnelles<\/p>\n<table width=\"808\">\n<tbody>\n<tr>\n<td width=\"202\"><\/td>\n<td width=\"202\"><strong>Soupe de Poissons<\/strong><\/td>\n<td width=\"202\"><strong>Rouille<\/strong><\/td>\n<td width=\"202\"><strong>Cro\u00fbtons<\/strong><\/td>\n<\/tr>\n<tr>\n<td>Energy\/100g<\/td>\n<td width=\"202\">153 kJ \/ 37 kcal<\/td>\n<td width=\"202\">1396 kJ \/ 338 kcal<\/td>\n<td width=\"202\">1648 kJ \/ 390 kcal<\/td>\n<\/tr>\n<tr>\n<td>Fat<\/td>\n<td>2,6g<\/td>\n<td>33g<\/td>\n<td>5,3g<\/td>\n<\/tr>\n<tr>\n<td>of which saturated fat<\/td>\n<td>0,4g<\/td>\n<td>3,7g<\/td>\n<td>0,8g<\/td>\n<\/tr>\n<tr>\n<td>Carbohydrates<\/td>\n<td>&lt;0,5g<\/td>\n<td>5,3g<\/td>\n<td>73g<\/td>\n<\/tr>\n<tr>\n<td>of which sugar<\/td>\n<td>&lt;0,5g<\/td>\n<td>1,1g<\/td>\n<td>3,2g<\/td>\n<\/tr>\n<tr>\n<td>Proteins<\/td>\n<td>3,1g<\/td>\n<td>3,6g<\/td>\n<td>13g<\/td>\n<\/tr>\n<tr>\n<td>Salt<\/td>\n<td>0,83g<\/td>\n<td>2,1g<\/td>\n<td>1,8g<\/td>\n<\/tr>\n<\/tbody>\n<\/table>\n","protected":false},"excerpt":{"rendered":"<h5>Les Belles de Marseille<\/h5>\n<p>C&rsquo;est en 1920, que d\u00e9bute la \u00ab\u00a0saga familiale\u00a0\u00bb Ferrigno.<\/p>\n<p>P\u00eacheur en M\u00e9diterran\u00e9e depuis trois g\u00e9n\u00e9rations, la p\u00eache est pour nous plus qu&rsquo;un m\u00e9tier, c&rsquo;est une passion.<br \/>\nLe go\u00fbt de l&rsquo;authentique, plus qu&rsquo;un slogan, c&rsquo;est v\u00e9ritablement notre ma\u00eetre mot&#8230;<\/p>\n","protected":false},"featured_media":14281,"comment_status":"open","ping_status":"closed","template":"","meta":[],"product_brand":[],"product_cat":[582,32],"product_tag":[],"class_list":{"0":"post-5333","1":"product","2":"type-product","3":"status-publish","4":"has-post-thumbnail","6":"product_cat-soupes","7":"product_cat-plats-prepares","9":"first","10":"outofstock","11":"taxable","12":"shipping-taxable","13":"purchasable","14":"product-type-simple"},"jetpack_sharing_enabled":true,"_links":{"self":[{"href":"https:\/\/france-gastronomie.shop\/fr\/wp-json\/wp\/v2\/product\/5333","targetHints":{"allow":["GET"]}}],"collection":[{"href":"https:\/\/france-gastronomie.shop\/fr\/wp-json\/wp\/v2\/product"}],"about":[{"href":"https:\/\/france-gastronomie.shop\/fr\/wp-json\/wp\/v2\/types\/product"}],"replies":[{"embeddable":true,"href":"https:\/\/france-gastronomie.shop\/fr\/wp-json\/wp\/v2\/comments?post=5333"}],"wp:featuredmedia":[{"embeddable":true,"href":"https:\/\/france-gastronomie.shop\/fr\/wp-json\/wp\/v2\/media\/14281"}],"wp:attachment":[{"href":"https:\/\/france-gastronomie.shop\/fr\/wp-json\/wp\/v2\/media?parent=5333"}],"wp:term":[{"taxonomy":"product_brand","embeddable":true,"href":"https:\/\/france-gastronomie.shop\/fr\/wp-json\/wp\/v2\/product_brand?post=5333"},{"taxonomy":"product_cat","embeddable":true,"href":"https:\/\/france-gastronomie.shop\/fr\/wp-json\/wp\/v2\/product_cat?post=5333"},{"taxonomy":"product_tag","embeddable":true,"href":"https:\/\/france-gastronomie.shop\/fr\/wp-json\/wp\/v2\/product_tag?post=5333"}],"curies":[{"name":"wp","href":"https:\/\/api.w.org\/{rel}","templated":true}]}}