{"id":5322,"date":"2021-01-11T20:10:03","date_gmt":"2021-01-11T20:10:03","guid":{"rendered":"https:\/\/france-gastronomie.shop\/?post_type=product&#038;p=5322"},"modified":"2025-09-23T09:35:52","modified_gmt":"2025-09-23T09:35:52","slug":"soupe-de-poissons-de-roche","status":"publish","type":"product","link":"https:\/\/france-gastronomie.shop\/fr\/produit\/soupe-de-poissons-de-roche\/","title":{"rendered":"Soupe de Poissons <br\/> de Roche"},"content":{"rendered":"<h5>Soupe de Poissons de Roche<br \/>\nLes Belles de Marseille<\/h5>\n<p>Cette soupe, pr\u00e9par\u00e9e selon la recette traditionnelle, est uniquement compos\u00e9e de poissons press\u00e9s et non broy\u00e9s, ce qui la rend si savoureuse.<\/p>\n<p>Conseils de consommation<br \/>\nA faire r\u00e9chauffer d\u00e9licatement, sans laisser bouillir, dans une casserole. Vous pouvez cuire, spaghettis ou p\u00e2tes \u00e0 potage, dans ce d\u00e9licieux bouillon ou bien verser le bouillon tr\u00e8s chaud sur des cro\u00fbtons de pain grill\u00e9, frott\u00e9s \u00e0 l\u2019ail et napp\u00e9s de notre rouille.<\/p>\n<p>Conseil de conservation<br \/>\nAvant ouverture, stocker \u00e0 temp\u00e9rature ambiante.<br \/>\nA consommer de pr\u00e9f\u00e9rence avant le: voir sur le couvercle.<br \/>\nApr\u00e8s ouverture, conserver au r\u00e9frig\u00e9rateur et consommer rapidement.<\/p>\n<p>Caract\u00e9ristiques organoleptiques<br \/>\nSoupe de poissons sans morceaux, de couleur brun orang\u00e9. Odeur et saveur caract\u00e9ristiques d\u2019une soupe de poissons.<\/p>\n<p>Ingr\u00e9dients<br \/>\nEau, poissons de roche 25 %, l\u00e9gumes (oignons, poireaux), concentr\u00e9 de tomate, amidon modifi\u00e9 de ma\u00efs, huile d\u2019olive vierge extra, huile de colza, sel, plantes aromatiques, \u00e9pices dont safran.<br \/>\nPoissons p\u00each\u00e9s en Mer M\u00e9diterran\u00e9e ou Oc\u00e9an Atlantique Nord Est.<\/p>\n<p>All\u00e8rg\u00e8nes<br \/>\nPoisson<\/p>\n<p>OGM<br \/>\nAucun<\/p>\n<p>Produits ionis\u00e9<br \/>\nAucun<\/p>\n<p>Colorants et conservateurs<br \/>\nAucun<\/p>\n<p>Poids<br \/>\n765 ml<\/p>\n<p>DLC<br \/>\n36 mois<\/p>\n<p>Valeurs nutritionnelles<\/p>\n<table width=\"274\">\n<tbody>\n<tr>\n<td width=\"149\">Energie\/100g<\/td>\n<td width=\"125\">153 kJ \/ 37 kcal<\/td>\n<\/tr>\n<tr>\n<td>Mati\u00e8res grasses<\/td>\n<td>2,6g<\/td>\n<\/tr>\n<tr>\n<td>Dont acides gras satur\u00e9s<\/td>\n<td>0,4g<\/td>\n<\/tr>\n<tr>\n<td>Glucides<\/td>\n<td>&lt;0,5g<\/td>\n<\/tr>\n<tr>\n<td>Dont sucres<\/td>\n<td>&lt;0,5g<\/td>\n<\/tr>\n<tr>\n<td>Prot\u00e9ines<\/td>\n<td>3,1g<\/td>\n<\/tr>\n<tr>\n<td>sel<\/td>\n<td>0,83g<\/td>\n<\/tr>\n<\/tbody>\n<\/table>\n","protected":false},"excerpt":{"rendered":"<h5>Les Belles de Marseille<\/h5>\n","protected":false},"featured_media":8870,"comment_status":"open","ping_status":"closed","template":"","meta":[],"product_brand":[],"product_cat":[32],"product_tag":[],"class_list":{"0":"post-5322","1":"product","2":"type-product","3":"status-publish","4":"has-post-thumbnail","6":"product_cat-plats-prepares","8":"first","9":"instock","10":"taxable","11":"shipping-taxable","12":"purchasable","13":"product-type-simple"},"jetpack_sharing_enabled":true,"_links":{"self":[{"href":"https:\/\/france-gastronomie.shop\/fr\/wp-json\/wp\/v2\/product\/5322","targetHints":{"allow":["GET"]}}],"collection":[{"href":"https:\/\/france-gastronomie.shop\/fr\/wp-json\/wp\/v2\/product"}],"about":[{"href":"https:\/\/france-gastronomie.shop\/fr\/wp-json\/wp\/v2\/types\/product"}],"replies":[{"embeddable":true,"href":"https:\/\/france-gastronomie.shop\/fr\/wp-json\/wp\/v2\/comments?post=5322"}],"wp:featuredmedia":[{"embeddable":true,"href":"https:\/\/france-gastronomie.shop\/fr\/wp-json\/wp\/v2\/media\/8870"}],"wp:attachment":[{"href":"https:\/\/france-gastronomie.shop\/fr\/wp-json\/wp\/v2\/media?parent=5322"}],"wp:term":[{"taxonomy":"product_brand","embeddable":true,"href":"https:\/\/france-gastronomie.shop\/fr\/wp-json\/wp\/v2\/product_brand?post=5322"},{"taxonomy":"product_cat","embeddable":true,"href":"https:\/\/france-gastronomie.shop\/fr\/wp-json\/wp\/v2\/product_cat?post=5322"},{"taxonomy":"product_tag","embeddable":true,"href":"https:\/\/france-gastronomie.shop\/fr\/wp-json\/wp\/v2\/product_tag?post=5322"}],"curies":[{"name":"wp","href":"https:\/\/api.w.org\/{rel}","templated":true}]}}