{"id":5249,"date":"2021-01-08T07:37:41","date_gmt":"2021-01-08T07:37:41","guid":{"rendered":"https:\/\/france-gastronomie.shop\/?post_type=product&#038;p=5249"},"modified":"2024-12-09T09:08:03","modified_gmt":"2024-12-09T09:08:03","slug":"tapenade-noire-bio","status":"publish","type":"product","link":"https:\/\/france-gastronomie.shop\/fr\/produit\/tapenade-noire-bio\/","title":{"rendered":"Tapenade noire <br\/> BIO"},"content":{"rendered":"<h5>Tapenade noire &#8211; BIO<br \/>\nLa Bonne Mer<\/h5>\n<p>Conseils de consommation<br \/>\nA consommer sur des toasts pour l\u2019ap\u00e9ritif, en salade ou sur un poisson ou une viande grill\u00e9e.<\/p>\n<p>Conseil de conservation<br \/>\nAvant ouverture, stocker \u00e0 temp\u00e9rature ambiante.<br \/>\nA consommer de pr\u00e9f\u00e9rence avant le: voir sur l\u2019encadr\u00e9 blanc sur le haut de l\u2019\u00e9tiquette.<br \/>\nApr\u00e8s ouverture, conserver au r\u00e9frig\u00e9rateur et consommer rapidement.<\/p>\n<p>Caract\u00e9ristiques organoleptiques<br \/>\nPr\u00e9paration \u00e0 base d\u2019olives, sans morceaux, de couleur noire. Odeur et saveur caract\u00e9ristiques d\u2019une tapenade.<\/p>\n<p>Ingr\u00e9dients<br \/>\nOlives noires* 87,5 %, huile d\u2019olive vierge extra*, pur\u00e9e d\u2019anchois, c\u00e2pres*, plantes aromatiques*.<br \/>\n* Ingr\u00e9dients issus de l\u2019agriculture biologique.<br \/>\nCertifi\u00e9 par Bureau Veritas Certification France \u2013 FR-BIO-10.<\/p>\n<p>All\u00e8rg\u00e8nes<br \/>\nPoisson<\/p>\n<p>OGM<br \/>\nAucun<\/p>\n<p>Produits ionis\u00e9<br \/>\nAucun<\/p>\n<p>Colorants et conservateurs<br \/>\nAucun<\/p>\n<p>Poids<br \/>\n110 g<\/p>\n<p>DLC<br \/>\n36 mois<\/p>\n<p>Valeurs nutritionnelles<\/p>\n<table width=\"287\">\n<tbody>\n<tr>\n<td width=\"158\">Energie\/100g \u00e9goutt\u00e9s<\/td>\n<td width=\"129\">1089 kJ \/ 265 kcal<\/td>\n<\/tr>\n<tr>\n<td>Mati\u00e8res grasses<\/td>\n<td>28g<\/td>\n<\/tr>\n<tr>\n<td>Dont acides gras satur\u00e9s<\/td>\n<td>3,8g<\/td>\n<\/tr>\n<tr>\n<td>Glucides<\/td>\n<td>&lt;0,5g<\/td>\n<\/tr>\n<tr>\n<td>Dont sucres<\/td>\n<td>&lt;0,5g<\/td>\n<\/tr>\n<tr>\n<td>Fibres<\/td>\n<td>4,9g<\/td>\n<\/tr>\n<tr>\n<td>Prot\u00e9ines<\/td>\n<td>1,7g<\/td>\n<\/tr>\n<tr>\n<td>Sel<\/td>\n<td>3,48g<\/td>\n<\/tr>\n<\/tbody>\n<\/table>\n","protected":false},"excerpt":{"rendered":"<h5>La Bonne Mer<\/h5>\n<p>C&rsquo;est en 1920, que d\u00e9bute la \u00ab\u00a0saga familiale\u00a0\u00bb Ferrigno.<\/p>\n<p>P\u00eacheur en M\u00e9diterran\u00e9e depuis trois g\u00e9n\u00e9rations, la p\u00eache est pour nous plus qu&rsquo;un m\u00e9tier, c&rsquo;est une passion.<br \/>\nLe go\u00fbt de l&rsquo;authentique, plus qu&rsquo;un slogan, c&rsquo;est v\u00e9ritablement notre ma\u00eetre mot&#8230;<\/p>\n","protected":false},"featured_media":14178,"comment_status":"open","ping_status":"closed","template":"","meta":[],"product_brand":[],"product_cat":[598,573,31,252],"product_tag":[],"class_list":{"0":"post-5249","1":"product","2":"type-product","3":"status-publish","4":"has-post-thumbnail","6":"product_cat-a-tartiner","7":"product_cat-terrines","8":"product_cat-epicerie","9":"product_cat-bio","11":"first","12":"outofstock","13":"taxable","14":"shipping-taxable","15":"purchasable","16":"product-type-simple"},"jetpack_sharing_enabled":true,"_links":{"self":[{"href":"https:\/\/france-gastronomie.shop\/fr\/wp-json\/wp\/v2\/product\/5249","targetHints":{"allow":["GET"]}}],"collection":[{"href":"https:\/\/france-gastronomie.shop\/fr\/wp-json\/wp\/v2\/product"}],"about":[{"href":"https:\/\/france-gastronomie.shop\/fr\/wp-json\/wp\/v2\/types\/product"}],"replies":[{"embeddable":true,"href":"https:\/\/france-gastronomie.shop\/fr\/wp-json\/wp\/v2\/comments?post=5249"}],"wp:featuredmedia":[{"embeddable":true,"href":"https:\/\/france-gastronomie.shop\/fr\/wp-json\/wp\/v2\/media\/14178"}],"wp:attachment":[{"href":"https:\/\/france-gastronomie.shop\/fr\/wp-json\/wp\/v2\/media?parent=5249"}],"wp:term":[{"taxonomy":"product_brand","embeddable":true,"href":"https:\/\/france-gastronomie.shop\/fr\/wp-json\/wp\/v2\/product_brand?post=5249"},{"taxonomy":"product_cat","embeddable":true,"href":"https:\/\/france-gastronomie.shop\/fr\/wp-json\/wp\/v2\/product_cat?post=5249"},{"taxonomy":"product_tag","embeddable":true,"href":"https:\/\/france-gastronomie.shop\/fr\/wp-json\/wp\/v2\/product_tag?post=5249"}],"curies":[{"name":"wp","href":"https:\/\/api.w.org\/{rel}","templated":true}]}}