{"id":5242,"date":"2021-01-08T07:23:48","date_gmt":"2021-01-08T07:23:48","guid":{"rendered":"https:\/\/france-gastronomie.shop\/?post_type=product&#038;p=5242"},"modified":"2026-02-04T14:10:39","modified_gmt":"2026-02-04T13:10:39","slug":"bisque-de-homard-bio","status":"publish","type":"product","link":"https:\/\/france-gastronomie.shop\/fr\/produit\/bisque-de-homard-bio\/","title":{"rendered":"Bisque <br\/> de homard"},"content":{"rendered":"<h5>Bisque de homard \u00e0 l&rsquo;eau de source &#8211; BIO<br \/>\nLa Bonne Mer<\/h5>\n<p>Cette bisque, pr\u00e9par\u00e9e selon la recette traditionnelle, est uniquement compos\u00e9e de homards et de poissons press\u00e9s et non broy\u00e9s, ce qui la rend si savoureuse. Homards et poissons sauvages, eau de source et ingr\u00e9dients BIO.<\/p>\n<p>Conseils de consommation<br \/>\nA faire r\u00e9chauffer d\u00e9licatement, sans laisser bouillir, dans une casserole.<br \/>\nVous pouvez cuire, spaghettis ou p\u00e2tes \u00e0 potage, dans ce d\u00e9licieux bouillon ou bien verser le bouillon tr\u00e8s chaud sur des cro\u00fbtons de pain grill\u00e9, frott\u00e9s \u00e0 l\u2019ail et napp\u00e9s de notre rouille.<\/p>\n<p>Conseil de conservation<br \/>\nAvant ouverture, stocker \u00e0 temp\u00e9rature ambiante.<br \/>\nA consommer de pr\u00e9f\u00e9rence avant le: voir sur le haut de la bouteille.<br \/>\nApr\u00e8s ouverture, conserver au r\u00e9frig\u00e9rateur et consommer rapidement.<\/p>\n<p>Caract\u00e9ristiques organoleptiques<br \/>\nBisque de homard sans morceaux, de couleur brun orang\u00e9. Odeur et saveur caract\u00e9ristiques d\u2019une bisque de homard.<\/p>\n<p>Ingr\u00e9dients<br \/>\nEau de source, homard 24 %, congre, concentr\u00e9 de tomate*, riz*, l\u00e9gumes* (oignons*, carottes*), amidon transform\u00e9 de ma\u00efs*, huile d\u2019olive vierge extra*, huile de colza*, vin blanc*, sel, cr\u00e8me fra\u00eeche*, cognac*, beurre*, lait entier en poudre*, sucre*, \u00e9pices* et plantes aromatiques*.<br \/>\n* 28,1 % des ingr\u00e9dients agricoles sont issus de l\u2019agriculture biologique.<br \/>\nCertifi\u00e9 par Bureau Veritas Certification France \u2013 FR-BIO-10.<br \/>\nHomard p\u00each\u00e9 en Oc\u00e9an Atlantique Nord-Ouest. Poissons p\u00each\u00e9s en Mer M\u00e9diterran\u00e9e ou Oc\u00e9an Atlantique Nord Est<\/p>\n<p>All\u00e8rg\u00e8nes<br \/>\nPoisson, crustac\u00e9, lait et produits \u00e0 base de lait<\/p>\n<p>OGM<br \/>\nAucun<\/p>\n<p>Produits ionis\u00e9<br \/>\nAucun<\/p>\n<p>Colorants et conservateurs<br \/>\nAucun<\/p>\n<p>Volume<br \/>\n710 ml<\/p>\n<p>Valeurs nutritionnelles<\/p>\n<table width=\"287\">\n<tbody>\n<tr>\n<td width=\"158\">Energie\/100g \u00e9goutt\u00e9s<\/td>\n<td width=\"129\">160 kJ \/ 38 kcal<\/td>\n<\/tr>\n<tr>\n<td>Mati\u00e8res grasses<\/td>\n<td>2,1g<\/td>\n<\/tr>\n<tr>\n<td>Dont acides gras satur\u00e9s<\/td>\n<td>0,5g<\/td>\n<\/tr>\n<tr>\n<td>Glucides<\/td>\n<td>3g<\/td>\n<\/tr>\n<tr>\n<td>Dont sucres<\/td>\n<td>&lt;0,5g<\/td>\n<\/tr>\n<tr>\n<td>Prot\u00e9ines<\/td>\n<td>1,4g<\/td>\n<\/tr>\n<tr>\n<td>Sel<\/td>\n<td>1,05g<\/td>\n<\/tr>\n<\/tbody>\n<\/table>\n","protected":false},"excerpt":{"rendered":"<h5>La Bonne Mer<\/h5>\n<p>C&rsquo;est en 1920, que d\u00e9bute la \u00ab\u00a0saga familiale\u00a0\u00bb Ferrigno.<\/p>\n<p>P\u00eacheur en M\u00e9diterran\u00e9e depuis trois g\u00e9n\u00e9rations, la p\u00eache est pour nous plus qu&rsquo;un m\u00e9tier, c&rsquo;est une passion.<br \/>\nLe go\u00fbt de l&rsquo;authentique, plus qu&rsquo;un slogan, c&rsquo;est v\u00e9ritablement notre ma\u00eetre mot&#8230;<\/p>\n","protected":false},"featured_media":14238,"comment_status":"open","ping_status":"closed","template":"","meta":[],"product_brand":[],"product_cat":[582,32],"product_tag":[],"class_list":{"0":"post-5242","1":"product","2":"type-product","3":"status-publish","4":"has-post-thumbnail","6":"product_cat-soupes","7":"product_cat-plats-prepares","9":"first","10":"instock","11":"taxable","12":"shipping-taxable","13":"purchasable","14":"product-type-simple"},"jetpack_sharing_enabled":true,"_links":{"self":[{"href":"https:\/\/france-gastronomie.shop\/fr\/wp-json\/wp\/v2\/product\/5242","targetHints":{"allow":["GET"]}}],"collection":[{"href":"https:\/\/france-gastronomie.shop\/fr\/wp-json\/wp\/v2\/product"}],"about":[{"href":"https:\/\/france-gastronomie.shop\/fr\/wp-json\/wp\/v2\/types\/product"}],"replies":[{"embeddable":true,"href":"https:\/\/france-gastronomie.shop\/fr\/wp-json\/wp\/v2\/comments?post=5242"}],"wp:featuredmedia":[{"embeddable":true,"href":"https:\/\/france-gastronomie.shop\/fr\/wp-json\/wp\/v2\/media\/14238"}],"wp:attachment":[{"href":"https:\/\/france-gastronomie.shop\/fr\/wp-json\/wp\/v2\/media?parent=5242"}],"wp:term":[{"taxonomy":"product_brand","embeddable":true,"href":"https:\/\/france-gastronomie.shop\/fr\/wp-json\/wp\/v2\/product_brand?post=5242"},{"taxonomy":"product_cat","embeddable":true,"href":"https:\/\/france-gastronomie.shop\/fr\/wp-json\/wp\/v2\/product_cat?post=5242"},{"taxonomy":"product_tag","embeddable":true,"href":"https:\/\/france-gastronomie.shop\/fr\/wp-json\/wp\/v2\/product_tag?post=5242"}],"curies":[{"name":"wp","href":"https:\/\/api.w.org\/{rel}","templated":true}]}}