{"id":5235,"date":"2021-01-07T10:33:18","date_gmt":"2021-01-07T10:33:18","guid":{"rendered":"https:\/\/france-gastronomie.shop\/?post_type=product&#038;p=5235"},"modified":"2026-02-04T14:11:10","modified_gmt":"2026-02-04T13:11:10","slug":"soupe-de-poissons-bio","status":"publish","type":"product","link":"https:\/\/france-gastronomie.shop\/fr\/produit\/soupe-de-poissons-bio\/","title":{"rendered":"Soupe de poissons <br\/> \u00e0 l&rsquo;eau de source"},"content":{"rendered":"<h5>Soupe de poissons \u00e0 l&rsquo;eau de source &#8211; BIO<br \/>\nLa Bonne Mer<\/h5>\n<p>Cette soupe, pr\u00e9par\u00e9e selon la recette traditionnelle, est uniquement compos\u00e9e de poissons press\u00e9s et non broy\u00e9s, ce qui la rend si savoureuse. Poissons sauvages, eau de source et ingr\u00e9dients BIO.<\/p>\n<p>Conseils de consommation<br \/>\nA faire r\u00e9chauffer d\u00e9licatement, sans laisser bouillir, dans une casserole.<br \/>\nVous pouvez cuire, spaghettis ou p\u00e2tes \u00e0 potage, dans ce d\u00e9licieux bouillon ou bien verser le bouillon tr\u00e8s chaud sur des cro\u00fbtons de pain grill\u00e9, frott\u00e9s \u00e0 l\u2019ail et napp\u00e9s de notre rouille.<\/p>\n<p>Conseil de conservation<br \/>\nAvant ouverture, stocker \u00e0 temp\u00e9rature ambiante.<br \/>\nA consommer de pr\u00e9f\u00e9rence avant le: voir sur le haut de la bouteille.<br \/>\nApr\u00e8s ouverture, conserver au r\u00e9frig\u00e9rateur et consommer rapidement.<\/p>\n<p>Caract\u00e9ristiques organoleptiques<br \/>\nSoupe de poissons sans morceaux, de couleur brun orang\u00e9. Odeur et saveur caract\u00e9ristiques d\u2019une soupe de poissons.<\/p>\n<p>Ingr\u00e9dients<br \/>\nEau de source, poissons sauvages 28 %, l\u00e9gumes* (oignons*, poireaux*), concentr\u00e9 de tomate*, huile d\u2019olive vierge extra*, sel, \u00e9pices* et plantes aromatiques* dont safran.<br \/>\n* 27,3 % des ingr\u00e9dients agricoles sont issus de l\u2019agriculture biologique. Certifi\u00e9 par Bureau Veritas Certification France \u2013 FR-BIO-10.<br \/>\nPoissons p\u00each\u00e9s en Mer M\u00e9diterran\u00e9e ou Oc\u00e9an Atlantique Nord Est.<\/p>\n<p>All\u00e8rg\u00e8nes<br \/>\nPoisson<\/p>\n<p>OGM<br \/>\nAucun<\/p>\n<p>Produits ionis\u00e9<br \/>\nAucun<\/p>\n<p>Colorants et conservateurs<br \/>\nAucun<\/p>\n<p>Volume<br \/>\n710 ml<\/p>\n<p>Valeurs nutritionnelles<\/p>\n<table width=\"287\">\n<tbody>\n<tr>\n<td width=\"158\">Energie\/100g \u00e9goutt\u00e9s<\/td>\n<td width=\"129\">153 kJ \/ 37 kcal<\/td>\n<\/tr>\n<tr>\n<td>Mati\u00e8res grasses<\/td>\n<td>2,6g<\/td>\n<\/tr>\n<tr>\n<td>Dont acides gras satur\u00e9s<\/td>\n<td>0,4g<\/td>\n<\/tr>\n<tr>\n<td>Glucides<\/td>\n<td>&lt;0,5g<\/td>\n<\/tr>\n<tr>\n<td>Dont sucres<\/td>\n<td>&lt;0,5g<\/td>\n<\/tr>\n<tr>\n<td>Prot\u00e9ines<\/td>\n<td>3,1g<\/td>\n<\/tr>\n<tr>\n<td>Sel<\/td>\n<td>0,83g<\/td>\n<\/tr>\n<\/tbody>\n<\/table>\n","protected":false},"excerpt":{"rendered":"<h5>La Bonne Mer<\/h5>\n<p>C&rsquo;est en 1920, que d\u00e9bute la \u00ab\u00a0saga familiale\u00a0\u00bb Ferrigno.<\/p>\n<p>P\u00eacheur en M\u00e9diterran\u00e9e depuis trois g\u00e9n\u00e9rations, la p\u00eache est pour nous plus qu&rsquo;un m\u00e9tier, c&rsquo;est une passion.<br \/>\nLe go\u00fbt de l&rsquo;authentique, plus qu&rsquo;un slogan, c&rsquo;est v\u00e9ritablement notre ma\u00eetre mot&#8230;<\/p>\n","protected":false},"featured_media":14184,"comment_status":"open","ping_status":"closed","template":"","meta":[],"product_brand":[],"product_cat":[582,32],"product_tag":[],"class_list":{"0":"post-5235","1":"product","2":"type-product","3":"status-publish","4":"has-post-thumbnail","6":"product_cat-soupes","7":"product_cat-plats-prepares","9":"first","10":"instock","11":"taxable","12":"shipping-taxable","13":"purchasable","14":"product-type-simple"},"jetpack_sharing_enabled":true,"_links":{"self":[{"href":"https:\/\/france-gastronomie.shop\/fr\/wp-json\/wp\/v2\/product\/5235","targetHints":{"allow":["GET"]}}],"collection":[{"href":"https:\/\/france-gastronomie.shop\/fr\/wp-json\/wp\/v2\/product"}],"about":[{"href":"https:\/\/france-gastronomie.shop\/fr\/wp-json\/wp\/v2\/types\/product"}],"replies":[{"embeddable":true,"href":"https:\/\/france-gastronomie.shop\/fr\/wp-json\/wp\/v2\/comments?post=5235"}],"wp:featuredmedia":[{"embeddable":true,"href":"https:\/\/france-gastronomie.shop\/fr\/wp-json\/wp\/v2\/media\/14184"}],"wp:attachment":[{"href":"https:\/\/france-gastronomie.shop\/fr\/wp-json\/wp\/v2\/media?parent=5235"}],"wp:term":[{"taxonomy":"product_brand","embeddable":true,"href":"https:\/\/france-gastronomie.shop\/fr\/wp-json\/wp\/v2\/product_brand?post=5235"},{"taxonomy":"product_cat","embeddable":true,"href":"https:\/\/france-gastronomie.shop\/fr\/wp-json\/wp\/v2\/product_cat?post=5235"},{"taxonomy":"product_tag","embeddable":true,"href":"https:\/\/france-gastronomie.shop\/fr\/wp-json\/wp\/v2\/product_tag?post=5235"}],"curies":[{"name":"wp","href":"https:\/\/api.w.org\/{rel}","templated":true}]}}