{"id":5095,"date":"2020-12-14T13:06:06","date_gmt":"2020-12-14T13:06:06","guid":{"rendered":"https:\/\/france-gastronomie.shop\/?post_type=product&#038;p=5095"},"modified":"2024-11-30T09:22:44","modified_gmt":"2024-11-30T09:22:44","slug":"pot-au-feu-de-la-mer","status":"publish","type":"product","link":"https:\/\/france-gastronomie.shop\/fr\/produit\/pot-au-feu-de-la-mer\/","title":{"rendered":"Pot au feu de la mer <br\/> Poissons 34%"},"content":{"rendered":"<h5>Pot au feu de la mer<\/h5>\n<h5>LA CHAISERONNE<\/h5>\n<p>Sans colorant, sans conservateur, sans gluten<\/p>\n<p>Composition<br \/>\nCabillaud (origine France) (poisson) 34%, carottes, fumet de poisson maison, choux 12%, poireaux, oignons, cr\u00e8me d\u2019Isigny AOP (lait), moules d\u00e9coquill\u00e9es (mollusque) 4%, choux verts, amidon modifi\u00e9, sel, poivre.<\/p>\n<p>Mati\u00e8res premi\u00e8res<br \/>\nPoisson: Cabillaud (origine France).<br \/>\nL\u00e9gumes frais exclusivement de Normandie (Manche et Calvados) pendant la saison de production c\u2019est \u00e0 dire du 1er septembre au 31 mai: pendant la p\u00e9riode de rupture, ils proviennent de la r\u00e9gion \u00abVal de Loire et Bretagne \u00bb, France et Europe.<br \/>\nCr\u00e8me d\u2019Isigny: AOP. La cr\u00e8me est produite par la laiterie d\u2019Isigny sur Mer en Normandie avec du lait de Normandie.<\/p>\n<p>Allerg\u00e8nes<br \/>\nLait, poisson<\/p>\n<p>OGM<br \/>\nAucun<\/p>\n<p>Poids<br \/>\n0,375 kg<\/p>\n<p>DLUO<br \/>\n3 ans<\/p>\n<p>Conservation<br \/>\nSe conserve \u00e0 temp\u00e9rature ambiante.<\/p>\n<p>Conseil de pr\u00e9paration<br \/>\nOuvrir en tirant le caoutchouc, laisser le couvercle sur le pot, mettre le pot \u00e0 r\u00e9chauffer au micro-ondes (3 minutes) ou au bain-marie et laisser reposer (1 minute).<\/p>\n<p>Valeurs nutritionnelles<\/p>\n<table width=\"330\">\n<tbody>\n<tr>\n<td width=\"163\">Energie pour 100g (kJ)<\/td>\n<td width=\"167\">360<\/td>\n<\/tr>\n<tr>\n<td>Energie pour 100g (kcal)<\/td>\n<td>86<\/td>\n<\/tr>\n<tr>\n<td>Mati\u00e8re grasse<\/td>\n<td>2,7g<\/td>\n<\/tr>\n<tr>\n<td>Dont acide gras satur\u00e9<\/td>\n<td>1,6g<\/td>\n<\/tr>\n<tr>\n<td>Glucides<\/td>\n<td>5,6g<\/td>\n<\/tr>\n<tr>\n<td>Dont sucres<\/td>\n<td>2,7g<\/td>\n<\/tr>\n<tr>\n<td>Prot\u00e9ines<\/td>\n<td>9,1g<\/td>\n<\/tr>\n<tr>\n<td>Sel<\/td>\n<td>0,8g<\/td>\n<\/tr>\n<\/tbody>\n<\/table>\n","protected":false},"excerpt":{"rendered":"<h5>LA CHAISERONNE<\/h5>\n<p>Depuis son origine, La Chaiseronne est engag\u00e9e dans une d\u00e9marche de d\u00e9veloppement durable ax\u00e9 sur 4 volont\u00e9s:<br \/>\n1. Valoriser la qualit\u00e9 et la proximit\u00e9<br \/>\n2. Respecter le bien-\u00eatre animal et la sant\u00e9 des hommes<br \/>\n3. D\u00e9velopper l\u2019emploi et les comp\u00e9tences<br \/>\n4. Diminuer notre impact sur l\u2019environnement<\/p>\n","protected":false},"featured_media":21351,"comment_status":"open","ping_status":"closed","template":"","meta":[],"product_brand":[],"product_cat":[32],"product_tag":[],"class_list":{"0":"post-5095","1":"product","2":"type-product","3":"status-publish","4":"has-post-thumbnail","6":"product_cat-plats-prepares","8":"first","9":"instock","10":"sale","11":"taxable","12":"shipping-taxable","13":"purchasable","14":"product-type-simple"},"jetpack_sharing_enabled":true,"_links":{"self":[{"href":"https:\/\/france-gastronomie.shop\/fr\/wp-json\/wp\/v2\/product\/5095","targetHints":{"allow":["GET"]}}],"collection":[{"href":"https:\/\/france-gastronomie.shop\/fr\/wp-json\/wp\/v2\/product"}],"about":[{"href":"https:\/\/france-gastronomie.shop\/fr\/wp-json\/wp\/v2\/types\/product"}],"replies":[{"embeddable":true,"href":"https:\/\/france-gastronomie.shop\/fr\/wp-json\/wp\/v2\/comments?post=5095"}],"wp:featuredmedia":[{"embeddable":true,"href":"https:\/\/france-gastronomie.shop\/fr\/wp-json\/wp\/v2\/media\/21351"}],"wp:attachment":[{"href":"https:\/\/france-gastronomie.shop\/fr\/wp-json\/wp\/v2\/media?parent=5095"}],"wp:term":[{"taxonomy":"product_brand","embeddable":true,"href":"https:\/\/france-gastronomie.shop\/fr\/wp-json\/wp\/v2\/product_brand?post=5095"},{"taxonomy":"product_cat","embeddable":true,"href":"https:\/\/france-gastronomie.shop\/fr\/wp-json\/wp\/v2\/product_cat?post=5095"},{"taxonomy":"product_tag","embeddable":true,"href":"https:\/\/france-gastronomie.shop\/fr\/wp-json\/wp\/v2\/product_tag?post=5095"}],"curies":[{"name":"wp","href":"https:\/\/api.w.org\/{rel}","templated":true}]}}