{"id":5048,"date":"2020-12-14T09:59:29","date_gmt":"2020-12-14T09:59:29","guid":{"rendered":"https:\/\/france-gastronomie.shop\/?post_type=product&#038;p=5048"},"modified":"2025-09-24T07:51:12","modified_gmt":"2025-09-24T07:51:12","slug":"terrine-de-veau-aux-petits-legumes","status":"publish","type":"product","link":"https:\/\/france-gastronomie.shop\/fr\/produit\/terrine-de-veau-aux-petits-legumes\/","title":{"rendered":"Terrine de Veau <br\/> aux petits l\u00e9gumes"},"content":{"rendered":"<h5>Terrine de Veau aux petits l\u00e9gumes<\/h5>\n<h5>LA CHAISERONNE<\/h5>\n<p>Sans colorant, sans conservateur, sans gluten<\/p>\n<p>Composition<br \/>\nViande de veau de Normandie (France) 37%, viande de porc de Normandie (France) \u00e9lev\u00e9 \u00e0 la farine d\u2019orge, l\u00e9gumes (carottes, oignon, poireaux) 20%, jus de veau, \u0153ufs, amidon modifi\u00e9 de ma\u00efs, sel, poivre.<\/p>\n<p>Mati\u00e8res premi\u00e8res<br \/>\nViande de veau: animaux de moins de 6 mois n\u00e9s, \u00e9lev\u00e9s et abattus en France.<br \/>\nViande porcine: Porc \u00e9lev\u00e9 \u00abSud Manche\u00bb \u00e0 la farine d\u2019orge dont 50% en semi plein-air et transform\u00e9 en Normandie.<br \/>\nDepuis 1990, La Chaiseronne en partenariat avec nos \u00e9leveurs a b\u00e2ti un cahier des charges pr\u00e9cis stipulant que l\u2019animal vit dans un environnement sain au rythme naturel avec un aliment exclusif fabriqu\u00e9 pour La Chaiseronne.<br \/>\nCet aliment:<br \/>\n&#8211; comprend 75 % de c\u00e9r\u00e9ales dont 65 % d\u2019orge broy\u00e9e, pois, tourteaux v\u00e9g\u00e9taux auxquels sont ajout\u00e9s les min\u00e9raux, les vitamines et oligo-\u00e9l\u00e9ments indispensables \u00e0 l\u2019\u00e9quilibre de la ration.<br \/>\n&#8211; Et garanti de l\u2019absence totale de farine animale, de farine de poisson, de facteur de croissance, d\u2019antibiotique, d\u2019OGM<br \/>\nCette alimentation \u00e9quilibr\u00e9e allonge la dur\u00e9e d\u2019\u00e9levage d\u2019environ 3 semaines et donne une viande tendre, moelleuse et particuli\u00e8rement savoureuse.<\/p>\n<p>Allerg\u00e8nes<br \/>\n\u0152ufs et produits \u00e0 base d\u2019\u0153uf, lait et produit \u00e0 la base de lait.<\/p>\n<p>OGM<br \/>\nAucun<\/p>\n<p>Poids<br \/>\n0,19 kg<\/p>\n<p>DLUO<br \/>\n3 ans<\/p>\n<p>Conservation<br \/>\nTemp\u00e9rature ambiante 10 \u00e0 20\u00b0C. Apr\u00e8s ouverture \u00e0 conserver \u00e0 +2\u00b0 et \u00e0 consommer rapidement<\/p>\n<p>Valeurs nutritionnelles<\/p>\n<table width=\"330\">\n<tbody>\n<tr>\n<td width=\"163\">Energie pour 100g (kJ)<\/td>\n<td width=\"167\">766<\/td>\n<\/tr>\n<tr>\n<td>Energie pour 100g (kcal)<\/td>\n<td>183<\/td>\n<\/tr>\n<tr>\n<td>Mati\u00e8re grasse<\/td>\n<td>13,1g<\/td>\n<\/tr>\n<tr>\n<td>Dont acide gras satur\u00e9<\/td>\n<td>5,1g<\/td>\n<\/tr>\n<tr>\n<td>Glucides<\/td>\n<td>3,8g<\/td>\n<\/tr>\n<tr>\n<td>Dont sucres<\/td>\n<td>1,5g<\/td>\n<\/tr>\n<tr>\n<td>Prot\u00e9ines<\/td>\n<td>12,5g<\/td>\n<\/tr>\n<tr>\n<td>Sel<\/td>\n<td>0,9g<\/td>\n<\/tr>\n<\/tbody>\n<\/table>\n","protected":false},"excerpt":{"rendered":"<h5>LA CHAISERONNE<\/h5>\n<p>Depuis son origine, La Chaiseronne est engag\u00e9e dans une d\u00e9marche de d\u00e9veloppement durable ax\u00e9 sur 4 volont\u00e9s:<br \/>\n1. Valoriser la qualit\u00e9 et la proximit\u00e9<br \/>\n2. Respecter le bien-\u00eatre animal et la sant\u00e9 des hommes<br \/>\n3. D\u00e9velopper l\u2019emploi et les comp\u00e9tences<br \/>\n4. Diminuer notre impact sur l\u2019environnement<\/p>\n","protected":false},"featured_media":5049,"comment_status":"open","ping_status":"closed","template":"","meta":[],"product_brand":[],"product_cat":[573,31],"product_tag":[],"class_list":{"0":"post-5048","1":"product","2":"type-product","3":"status-publish","4":"has-post-thumbnail","6":"product_cat-terrines","7":"product_cat-epicerie","9":"first","10":"outofstock","11":"taxable","12":"shipping-taxable","13":"purchasable","14":"product-type-simple"},"jetpack_sharing_enabled":true,"_links":{"self":[{"href":"https:\/\/france-gastronomie.shop\/fr\/wp-json\/wp\/v2\/product\/5048","targetHints":{"allow":["GET"]}}],"collection":[{"href":"https:\/\/france-gastronomie.shop\/fr\/wp-json\/wp\/v2\/product"}],"about":[{"href":"https:\/\/france-gastronomie.shop\/fr\/wp-json\/wp\/v2\/types\/product"}],"replies":[{"embeddable":true,"href":"https:\/\/france-gastronomie.shop\/fr\/wp-json\/wp\/v2\/comments?post=5048"}],"wp:featuredmedia":[{"embeddable":true,"href":"https:\/\/france-gastronomie.shop\/fr\/wp-json\/wp\/v2\/media\/5049"}],"wp:attachment":[{"href":"https:\/\/france-gastronomie.shop\/fr\/wp-json\/wp\/v2\/media?parent=5048"}],"wp:term":[{"taxonomy":"product_brand","embeddable":true,"href":"https:\/\/france-gastronomie.shop\/fr\/wp-json\/wp\/v2\/product_brand?post=5048"},{"taxonomy":"product_cat","embeddable":true,"href":"https:\/\/france-gastronomie.shop\/fr\/wp-json\/wp\/v2\/product_cat?post=5048"},{"taxonomy":"product_tag","embeddable":true,"href":"https:\/\/france-gastronomie.shop\/fr\/wp-json\/wp\/v2\/product_tag?post=5048"}],"curies":[{"name":"wp","href":"https:\/\/api.w.org\/{rel}","templated":true}]}}