{"id":4953,"date":"2020-12-09T11:51:04","date_gmt":"2020-12-09T11:51:04","guid":{"rendered":"https:\/\/france-gastronomie.shop\/?post_type=product&#038;p=4953"},"modified":"2024-11-30T09:27:32","modified_gmt":"2024-11-30T09:27:32","slug":"navarin-dagneaucuisine-au-cidre","status":"publish","type":"product","link":"https:\/\/france-gastronomie.shop\/fr\/produit\/navarin-dagneaucuisine-au-cidre\/","title":{"rendered":"Navarin d&rsquo;agneau <br\/> cuisin\u00e9 au cidre"},"content":{"rendered":"<h5>Navarin d&rsquo;agneau cuisin\u00e9 au cidre<\/h5>\n<h5>LA CHAISERONNE<\/h5>\n<p>Sans colorant, sans conservateur, sans gluten<\/p>\n<p>Composition<br \/>\nViande d\u2019agneau de Normandie (France) 52%, bouillon de cuisson, haricots secs, cidre Br\u00e9c\u00e9en 11% (sulfites), carottes, oignons, navets, sel, vinaigre de cidre (sulfites), sucre, ail, poivre.<\/p>\n<p>Mati\u00e8res premi\u00e8res<br \/>\nViande d\u2019ovin origine France<br \/>\nL\u00e9gumes frais exclusivement de Normandie (Manche et Calvados) pendant la saison de production c\u2019est \u00e0 dire du 1er septembre au 31 mai : pendant la p\u00e9riode de rupture, ils proviennent de la r\u00e9gion \u00abVal de Loire et Bretagne\u00bb, France et Europe.<br \/>\nCidre \u00abLe Br\u00e9c\u00e9en\u00bb produit \u00e0 Br\u00e9cey (50).<br \/>\nHaricot sec issu de l\u2019agriculture saisonni\u00e8re produite par Monsieur DELATOUCHE en Eure et Loire.<\/p>\n<p>Allerg\u00e8nes<br \/>\nAnhydride sulfureux et sulfites.<\/p>\n<p>OGM<br \/>\nAucun<\/p>\n<p>Poids<br \/>\n0,75 kg<\/p>\n<p>DLUO<br \/>\n3 ans<\/p>\n<p>Conservation<br \/>\nTemp\u00e9rature ambiante 15 \u00e0 25 \u00b0 C.<\/p>\n<p>Valeurs nutritionnelles<\/p>\n<table width=\"330\">\n<tbody>\n<tr>\n<td width=\"163\">Energie pour 100g (kJ)<\/td>\n<td width=\"167\">561<\/td>\n<\/tr>\n<tr>\n<td>Energie pour 100g (kcal)<\/td>\n<td>134<\/td>\n<\/tr>\n<tr>\n<td>Mati\u00e8re grasse<\/td>\n<td>6,3g<\/td>\n<\/tr>\n<tr>\n<td>Dont acide gras satur\u00e9<\/td>\n<td>3g<\/td>\n<\/tr>\n<tr>\n<td>Glucides<\/td>\n<td>7,2g<\/td>\n<\/tr>\n<tr>\n<td>Dont sucres<\/td>\n<td>2g<\/td>\n<\/tr>\n<tr>\n<td>Prot\u00e9ines<\/td>\n<td>12,1g<\/td>\n<\/tr>\n<tr>\n<td>Sel<\/td>\n<td>1,1g<\/td>\n<\/tr>\n<\/tbody>\n<\/table>\n","protected":false},"excerpt":{"rendered":"<h5>LA CHAISERONNE<\/h5>\n<p>Depuis son origine, La Chaiseronne est engag\u00e9e dans une d\u00e9marche de d\u00e9veloppement durable ax\u00e9 sur 4 volont\u00e9s:<br \/>\n1. Valoriser la qualit\u00e9 et la proximit\u00e9<br \/>\n2. Respecter le bien-\u00eatre animal et la sant\u00e9 des hommes<br \/>\n3. D\u00e9velopper l\u2019emploi et les comp\u00e9tences<br \/>\n4. Diminuer notre impact sur l\u2019environnement<\/p>\n","protected":false},"featured_media":21357,"comment_status":"open","ping_status":"closed","template":"","meta":[],"product_brand":[],"product_cat":[32],"product_tag":[],"class_list":{"0":"post-4953","1":"product","2":"type-product","3":"status-publish","4":"has-post-thumbnail","6":"product_cat-plats-prepares","8":"first","9":"instock","10":"sale","11":"taxable","12":"shipping-taxable","13":"purchasable","14":"product-type-simple"},"jetpack_sharing_enabled":true,"_links":{"self":[{"href":"https:\/\/france-gastronomie.shop\/fr\/wp-json\/wp\/v2\/product\/4953","targetHints":{"allow":["GET"]}}],"collection":[{"href":"https:\/\/france-gastronomie.shop\/fr\/wp-json\/wp\/v2\/product"}],"about":[{"href":"https:\/\/france-gastronomie.shop\/fr\/wp-json\/wp\/v2\/types\/product"}],"replies":[{"embeddable":true,"href":"https:\/\/france-gastronomie.shop\/fr\/wp-json\/wp\/v2\/comments?post=4953"}],"wp:featuredmedia":[{"embeddable":true,"href":"https:\/\/france-gastronomie.shop\/fr\/wp-json\/wp\/v2\/media\/21357"}],"wp:attachment":[{"href":"https:\/\/france-gastronomie.shop\/fr\/wp-json\/wp\/v2\/media?parent=4953"}],"wp:term":[{"taxonomy":"product_brand","embeddable":true,"href":"https:\/\/france-gastronomie.shop\/fr\/wp-json\/wp\/v2\/product_brand?post=4953"},{"taxonomy":"product_cat","embeddable":true,"href":"https:\/\/france-gastronomie.shop\/fr\/wp-json\/wp\/v2\/product_cat?post=4953"},{"taxonomy":"product_tag","embeddable":true,"href":"https:\/\/france-gastronomie.shop\/fr\/wp-json\/wp\/v2\/product_tag?post=4953"}],"curies":[{"name":"wp","href":"https:\/\/api.w.org\/{rel}","templated":true}]}}