{"id":4947,"date":"2020-12-09T11:00:42","date_gmt":"2020-12-09T11:00:42","guid":{"rendered":"https:\/\/france-gastronomie.shop\/?post_type=product&#038;p=4947"},"modified":"2024-11-30T09:28:42","modified_gmt":"2024-11-30T09:28:42","slug":"poulet-basquaise","status":"publish","type":"product","link":"https:\/\/france-gastronomie.shop\/fr\/produit\/poulet-basquaise\/","title":{"rendered":"Poulet basquaise <br\/> Ratatouille"},"content":{"rendered":"<h5>Poulet basquaise<\/h5>\n<h5>LA CHAISERONNE<\/h5>\n<p>Sans colorant, sans conservateur, sans gluten<\/p>\n<p>Composition<br \/>\nViande de poulet (France) 43 %, ratatouille 35% [l\u00e9gumes grill\u00e9s 44% (courgettes, aubergines, poivrons rouges et verts, huile de tournesol), sauce tomate (tomates, oignons)], poivrons (rouges, verts, jaunes) 7%, tomates concass\u00e9es, beurre (lait), huile d\u2019olive, sel, amidon modifi\u00e9, poivre, ail.<\/p>\n<p>Mati\u00e8res premi\u00e8res<br \/>\nViande de poulet: N\u00e9, \u00e9lev\u00e9 et abattu en France.<\/p>\n<p>Allerg\u00e8nes<br \/>\nLait et produits \u00e0 base de lait.<\/p>\n<p>OGM<br \/>\nAucun<\/p>\n<p>Poids<br \/>\n0,75 kg<\/p>\n<p>DLUO<br \/>\n3 ans<\/p>\n<p>Conservation<br \/>\nTemp\u00e9rature ambiante 15 \u00e0 25 \u00b0 C.<\/p>\n<p>Valeurs nutritionnelles<\/p>\n<table width=\"330\">\n<tbody>\n<tr>\n<td width=\"163\">Energie pour 100g (kJ)<\/td>\n<td width=\"167\">546<\/td>\n<\/tr>\n<tr>\n<td>Energie pour 100g (kcal)<\/td>\n<td>131<\/td>\n<\/tr>\n<tr>\n<td>Mati\u00e8re grasse<\/td>\n<td>9,1g<\/td>\n<\/tr>\n<tr>\n<td>Dont acide gras satur\u00e9<\/td>\n<td>2,8g<\/td>\n<\/tr>\n<tr>\n<td>Glucides<\/td>\n<td>3,8g<\/td>\n<\/tr>\n<tr>\n<td>Dont sucres<\/td>\n<td>1,6g<\/td>\n<\/tr>\n<tr>\n<td>Prot\u00e9ines<\/td>\n<td>8,4g<\/td>\n<\/tr>\n<tr>\n<td>Sel<\/td>\n<td>1,1g<\/td>\n<\/tr>\n<\/tbody>\n<\/table>\n<p>&nbsp;<\/p>\n","protected":false},"excerpt":{"rendered":"<h5>LA CHAISERONNE<\/h5>\n<p>Depuis son origine, La Chaiseronne est engag\u00e9e dans une d\u00e9marche de d\u00e9veloppement durable ax\u00e9 sur 4 volont\u00e9s:<br \/>\n1. Valoriser la qualit\u00e9 et la proximit\u00e9<br \/>\n2. Respecter le bien-\u00eatre animal et la sant\u00e9 des hommes<br \/>\n3. D\u00e9velopper l\u2019emploi et les comp\u00e9tences<br \/>\n4. Diminuer notre impact sur l\u2019environnement<\/p>\n","protected":false},"featured_media":0,"comment_status":"open","ping_status":"closed","template":"","meta":[],"product_brand":[],"product_cat":[32],"product_tag":[],"class_list":{"0":"post-4947","1":"product","2":"type-product","3":"status-publish","5":"product_cat-plats-prepares","7":"first","8":"instock","9":"sale","10":"taxable","11":"shipping-taxable","12":"purchasable","13":"product-type-simple"},"jetpack_sharing_enabled":true,"_links":{"self":[{"href":"https:\/\/france-gastronomie.shop\/fr\/wp-json\/wp\/v2\/product\/4947","targetHints":{"allow":["GET"]}}],"collection":[{"href":"https:\/\/france-gastronomie.shop\/fr\/wp-json\/wp\/v2\/product"}],"about":[{"href":"https:\/\/france-gastronomie.shop\/fr\/wp-json\/wp\/v2\/types\/product"}],"replies":[{"embeddable":true,"href":"https:\/\/france-gastronomie.shop\/fr\/wp-json\/wp\/v2\/comments?post=4947"}],"wp:attachment":[{"href":"https:\/\/france-gastronomie.shop\/fr\/wp-json\/wp\/v2\/media?parent=4947"}],"wp:term":[{"taxonomy":"product_brand","embeddable":true,"href":"https:\/\/france-gastronomie.shop\/fr\/wp-json\/wp\/v2\/product_brand?post=4947"},{"taxonomy":"product_cat","embeddable":true,"href":"https:\/\/france-gastronomie.shop\/fr\/wp-json\/wp\/v2\/product_cat?post=4947"},{"taxonomy":"product_tag","embeddable":true,"href":"https:\/\/france-gastronomie.shop\/fr\/wp-json\/wp\/v2\/product_tag?post=4947"}],"curies":[{"name":"wp","href":"https:\/\/api.w.org\/{rel}","templated":true}]}}