{"id":4890,"date":"2020-12-08T07:56:31","date_gmt":"2020-12-08T07:56:31","guid":{"rendered":"https:\/\/france-gastronomie.shop\/?post_type=product&#038;p=4890"},"modified":"2024-11-30T09:23:53","modified_gmt":"2024-11-30T09:23:53","slug":"blanquette-de-veaua-la-creme-disigny-aop","status":"publish","type":"product","link":"https:\/\/france-gastronomie.shop\/fr\/produit\/blanquette-de-veaua-la-creme-disigny-aop\/","title":{"rendered":"Blanquette de Veau <br\/> \u00e0 la cr\u00e8me d&rsquo;Isigny AOP"},"content":{"rendered":"<h5>Blanquette de Veau \u00e0 la cr\u00e8me d&rsquo;Isigny AOP<\/h5>\n<h5>LA CHAISERONNE<\/h5>\n<p>Sans colorant, sans conservateur, sans gluten<\/p>\n<p>Composition<br \/>\nViande de b\u0153uf de Normandie (France) 47%, bouillon de cuisson, carottes, pommes de terre, poireaux, navets, choux verts, sel, poivre, ail.<\/p>\n<p>Mati\u00e8res premi\u00e8res<br \/>\nVeau: n\u00e9s, \u00e9lev\u00e9s et abattus en France.<br \/>\nCr\u00e8me fra\u00eeche d\u2019Isigny: appellation d\u2019origine contr\u00f4l\u00e9. La cr\u00e8me est produite par la laiterie d\u2019Isigny sur Mer en Normandie avec du lait de Normandie.<br \/>\nL\u00e9gumes frais exclusivement de Normandie (Manche et Calvados) pendant la saison de production c\u2019est \u00e0 dire du 1er septembre au 31 mai: pendant la p\u00e9riode de rupture, ils proviennent de la r\u00e9gion \u00abVal de Loire et Bretagne\u00bb, France et Europe.<\/p>\n<p>Allerg\u00e8nes<br \/>\nLait et produits \u00e0 base de lait.<\/p>\n<p>OGM<br \/>\nAucun<\/p>\n<p>Poids<br \/>\n0,75 kg<\/p>\n<p>DLUO<br \/>\n3 ans<\/p>\n<p>Conservation<br \/>\nTemp\u00e9rature ambiante 15 \u00e0 25 \u00b0 C.<\/p>\n<p>Valeurs nutritionnelles<\/p>\n<table width=\"330\">\n<tbody>\n<tr>\n<td width=\"163\">Energie pour 100g (kJ)<\/td>\n<td width=\"167\">502<\/td>\n<\/tr>\n<tr>\n<td>Energie pour 100g (kcal)<\/td>\n<td>120<\/td>\n<\/tr>\n<tr>\n<td>Mati\u00e8re grasse<\/td>\n<td>6,6g<\/td>\n<\/tr>\n<tr>\n<td>Dont acide gras satur\u00e9<\/td>\n<td>3,4g<\/td>\n<\/tr>\n<tr>\n<td>Glucides<\/td>\n<td>4,4g<\/td>\n<\/tr>\n<tr>\n<td>Dont sucres<\/td>\n<td>1,5g<\/td>\n<\/tr>\n<tr>\n<td>Prot\u00e9ines<\/td>\n<td>10,6g<\/td>\n<\/tr>\n<tr>\n<td>Sel<\/td>\n<td>1g<\/td>\n<\/tr>\n<\/tbody>\n<\/table>\n","protected":false},"excerpt":{"rendered":"<h5>LA CHAISERONNE<\/h5>\n<p>Depuis son origine, La Chaiseronne est engag\u00e9e dans une d\u00e9marche de d\u00e9veloppement durable ax\u00e9 sur 4 volont\u00e9s:<br \/>\n1. Valoriser la qualit\u00e9 et la proximit\u00e9<br \/>\n2. Respecter le bien-\u00eatre animal et la sant\u00e9 des hommes<br \/>\n3. D\u00e9velopper l\u2019emploi et les comp\u00e9tences<br \/>\n4. Diminuer notre impact sur l\u2019environnement<\/p>\n","protected":false},"featured_media":21342,"comment_status":"open","ping_status":"closed","template":"","meta":[],"product_brand":[],"product_cat":[32],"product_tag":[],"class_list":{"0":"post-4890","1":"product","2":"type-product","3":"status-publish","4":"has-post-thumbnail","6":"product_cat-plats-prepares","8":"first","9":"instock","10":"sale","11":"taxable","12":"shipping-taxable","13":"purchasable","14":"product-type-simple"},"jetpack_sharing_enabled":true,"_links":{"self":[{"href":"https:\/\/france-gastronomie.shop\/fr\/wp-json\/wp\/v2\/product\/4890","targetHints":{"allow":["GET"]}}],"collection":[{"href":"https:\/\/france-gastronomie.shop\/fr\/wp-json\/wp\/v2\/product"}],"about":[{"href":"https:\/\/france-gastronomie.shop\/fr\/wp-json\/wp\/v2\/types\/product"}],"replies":[{"embeddable":true,"href":"https:\/\/france-gastronomie.shop\/fr\/wp-json\/wp\/v2\/comments?post=4890"}],"wp:featuredmedia":[{"embeddable":true,"href":"https:\/\/france-gastronomie.shop\/fr\/wp-json\/wp\/v2\/media\/21342"}],"wp:attachment":[{"href":"https:\/\/france-gastronomie.shop\/fr\/wp-json\/wp\/v2\/media?parent=4890"}],"wp:term":[{"taxonomy":"product_brand","embeddable":true,"href":"https:\/\/france-gastronomie.shop\/fr\/wp-json\/wp\/v2\/product_brand?post=4890"},{"taxonomy":"product_cat","embeddable":true,"href":"https:\/\/france-gastronomie.shop\/fr\/wp-json\/wp\/v2\/product_cat?post=4890"},{"taxonomy":"product_tag","embeddable":true,"href":"https:\/\/france-gastronomie.shop\/fr\/wp-json\/wp\/v2\/product_tag?post=4890"}],"curies":[{"name":"wp","href":"https:\/\/api.w.org\/{rel}","templated":true}]}}