{"id":4530,"date":"2020-12-02T17:58:27","date_gmt":"2020-12-02T17:58:27","guid":{"rendered":"https:\/\/france-gastronomie.shop\/?post_type=product&#038;p=4530"},"modified":"2026-02-04T11:39:54","modified_gmt":"2026-02-04T10:39:54","slug":"sauce-perigueux-a-la-truffe-noire","status":"publish","type":"product","link":"https:\/\/france-gastronomie.shop\/fr\/produit\/sauce-perigueux-a-la-truffe-noire\/","title":{"rendered":"Sauce P\u00e9rigueux <br\/> \u00e0 la Truffe noire"},"content":{"rendered":"<h5>Sauce P\u00e9rigueux \u00e0 la Truffe noire du P\u00e9rigord<\/h5>\n<h5>Castaing Foie Gras<\/h5>\n<p>Parfaites pour accompagner des viandes blanches, rouges, ou du gibier, nos sauces et fonds ont juste besoin d\u2019\u00eatre r\u00e9chauff\u00e9s au bain marie ou au micro ondes dans un r\u00e9cipient adapt\u00e9.<\/p>\n<p>Composition<br \/>\nEau, os de veau, jus de truffes noires, amidon transform\u00e9 de ma\u00efs, Armagnac modifi\u00e9 (Armagnac, sel, ar\u00f4me naturel de poivre), \u00e9chalotes, poireaux, oignons, carottes, beurre, farine de bl\u00e9, sel, truffes noires 1%, concentr\u00e9 de tomates, c\u00e9leri, ail, ar\u00f4me truffe noire, poivre, plantes aromatiques, clous de girofle.<\/p>\n<p>Allerg\u00e8nes<br \/>\nC\u00e9r\u00e9ales contenant du gluten et produits \u00e0 base de ces c\u00e9r\u00e9ales, c\u00e9leri et produits \u00e0 base de c\u00e9leri, lait et produits \u00e0 base de lait.<\/p>\n<p>OGM<br \/>\nAucun<\/p>\n<p>D\u00e9signation<br \/>\nBocal<\/p>\n<p>Poids<br \/>\n180 g<\/p>\n<p>Conditions de conservation<br \/>\nStockage dans un endroit frais et sec.<\/p>\n<p>Valeurs nutritionnelles<\/p>\n<table width=\"296\">\n<tbody>\n<tr>\n<td width=\"166\">Energie\/100g kJ<\/td>\n<td width=\"130\">373<\/td>\n<\/tr>\n<tr>\n<td>Energie\/100g kcal<\/td>\n<td>80<\/td>\n<\/tr>\n<tr>\n<td>Matieres grasses<\/td>\n<td>2g<\/td>\n<\/tr>\n<tr>\n<td>dont acides gras satur\u00e9s<\/td>\n<td>0,6g<\/td>\n<\/tr>\n<tr>\n<td>Glucides<\/td>\n<td>4,1g<\/td>\n<\/tr>\n<tr>\n<td>dont sucres<\/td>\n<td>1,1g<\/td>\n<\/tr>\n<tr>\n<td>Proteines<\/td>\n<td>0,7g<\/td>\n<\/tr>\n<tr>\n<td>Sel<\/td>\n<td>0,46g<\/td>\n<\/tr>\n<\/tbody>\n<\/table>\n","protected":false},"excerpt":{"rendered":"<h5>Castaing Foie Gras<\/h5>\n<p>CASTAING FOIE-GRAS utilise le meilleur canard \u00e0 foie gras, le canard MULARD \u00e0 souche dite lourde et \u00e0 croissance lente, \u00e9lev\u00e9 de fa\u00e7on traditionnelle en plein air avec une alimentation 100% naturelle dans des petites exploitations agricoles \u00e0 taille humaine.<br \/>\nNos \u00e9leveurs respectent scrupuleusement le cahier des charges du canard fermier \u00ab\u00a0Label Rouge \u2013 LANDES\u00a0\u00bb.<br \/>\nDans chaque pr\u00e9paration, nous transmettons le savoir-faire de nos a\u00een\u00e9s, enrichi par l\u2019\u00e9volution de la technologie et des go\u00fbts.<\/p>\n","protected":false},"featured_media":6122,"comment_status":"open","ping_status":"closed","template":"","meta":[],"product_brand":[],"product_cat":[583,31],"product_tag":[],"class_list":{"0":"post-4530","1":"product","2":"type-product","3":"status-publish","4":"has-post-thumbnail","6":"product_cat-sauces","7":"product_cat-epicerie","9":"first","10":"instock","11":"taxable","12":"shipping-taxable","13":"purchasable","14":"product-type-simple"},"jetpack_sharing_enabled":true,"_links":{"self":[{"href":"https:\/\/france-gastronomie.shop\/fr\/wp-json\/wp\/v2\/product\/4530","targetHints":{"allow":["GET"]}}],"collection":[{"href":"https:\/\/france-gastronomie.shop\/fr\/wp-json\/wp\/v2\/product"}],"about":[{"href":"https:\/\/france-gastronomie.shop\/fr\/wp-json\/wp\/v2\/types\/product"}],"replies":[{"embeddable":true,"href":"https:\/\/france-gastronomie.shop\/fr\/wp-json\/wp\/v2\/comments?post=4530"}],"wp:featuredmedia":[{"embeddable":true,"href":"https:\/\/france-gastronomie.shop\/fr\/wp-json\/wp\/v2\/media\/6122"}],"wp:attachment":[{"href":"https:\/\/france-gastronomie.shop\/fr\/wp-json\/wp\/v2\/media?parent=4530"}],"wp:term":[{"taxonomy":"product_brand","embeddable":true,"href":"https:\/\/france-gastronomie.shop\/fr\/wp-json\/wp\/v2\/product_brand?post=4530"},{"taxonomy":"product_cat","embeddable":true,"href":"https:\/\/france-gastronomie.shop\/fr\/wp-json\/wp\/v2\/product_cat?post=4530"},{"taxonomy":"product_tag","embeddable":true,"href":"https:\/\/france-gastronomie.shop\/fr\/wp-json\/wp\/v2\/product_tag?post=4530"}],"curies":[{"name":"wp","href":"https:\/\/api.w.org\/{rel}","templated":true}]}}