{"id":4481,"date":"2020-12-02T09:55:00","date_gmt":"2020-12-02T09:55:00","guid":{"rendered":"https:\/\/france-gastronomie.shop\/?post_type=product&#038;p=4481"},"modified":"2026-02-04T11:43:35","modified_gmt":"2026-02-04T10:43:35","slug":"sauce-foie-gras","status":"publish","type":"product","link":"https:\/\/france-gastronomie.shop\/fr\/produit\/sauce-foie-gras\/","title":{"rendered":"Sauce <br\/> Foie Gras 29%"},"content":{"rendered":"<h5>Sauce Foie Gras<\/h5>\n<h5>Castaing Foie Gras<\/h5>\n<p>Parfaites pour accompagner des viandes blanches, rouges, ou du gibier, nos sauces et fonds ont juste besoin d\u2019\u00eatre r\u00e9chauff\u00e9s au bain marie ou au micro ondes dans un r\u00e9cipient adapt\u00e9.<\/p>\n<p>Composition<br \/>\nEau, foie gras de canard (29%), carcasse de volaille, cr\u00e8me, vin blanc (sulfites), carottes, graisse de canard, oignons, farine de bl\u00e9, Porto (sulfites), amidon transform\u00e9 de ma\u00efs, poireaux, \u00e9chalotes, sel, Armagnac modifi\u00e9 (Armagnac, sel, ar\u00f4me naturel de poivre), ail, concentr\u00e9 de tomates, c\u00e9leri, poivre, plantes aromatiques, baies de geni\u00e8vre, \u00e9pices.<\/p>\n<p>Allergenes<br \/>\nC\u00e9r\u00e9ales contenant du gluten et produits \u00e0 base de ces c\u00e9r\u00e9ales, c\u00e9leri et produits \u00e0 base de c\u00e9leri, lait et produits \u00e0 base de lait, sulfites.<\/p>\n<p>OGM<br \/>\nAucun<\/p>\n<p>D\u00e9signation<br \/>\nBocal<\/p>\n<p>Poids<br \/>\n180 g<\/p>\n<p>Conditions de conservation<br \/>\nStockage dans un endroit frais et sec.<\/p>\n<p>Valeurs nutritionnelles<\/p>\n<table width=\"296\">\n<tbody>\n<tr>\n<td width=\"166\">Energie\/100g kJ<\/td>\n<td width=\"130\">782<\/td>\n<\/tr>\n<tr>\n<td>Energie\/100g kcal<\/td>\n<td>187<\/td>\n<\/tr>\n<tr>\n<td>Matieres grasses<\/td>\n<td>18g<\/td>\n<\/tr>\n<tr>\n<td>dont acides gras satur\u00e9s<\/td>\n<td>7,7g<\/td>\n<\/tr>\n<tr>\n<td>Glucides<\/td>\n<td>3,8g<\/td>\n<\/tr>\n<tr>\n<td>dont sucres<\/td>\n<td>&lt;0,5g<\/td>\n<\/tr>\n<tr>\n<td>Proteines<\/td>\n<td>2,3g<\/td>\n<\/tr>\n<tr>\n<td>Sel<\/td>\n<td>0,59g<\/td>\n<\/tr>\n<\/tbody>\n<\/table>\n","protected":false},"excerpt":{"rendered":"<h5>Castaing Foie Gras<\/h5>\n<p>CASTAING FOIE-GRAS utilise le meilleur canard \u00e0 foie gras, le canard MULARD \u00e0 souche dite lourde et \u00e0 croissance lente, \u00e9lev\u00e9 de fa\u00e7on traditionnelle en plein air avec une alimentation 100% naturelle dans des petites exploitations agricoles \u00e0 taille humaine.<br \/>\nNos \u00e9leveurs respectent scrupuleusement le cahier des charges du canard fermier \u00ab\u00a0Label Rouge \u2013 LANDES\u00a0\u00bb.<br \/>\nDans chaque pr\u00e9paration, nous transmettons le savoir-faire de nos a\u00een\u00e9s, enrichi par l\u2019\u00e9volution de la technologie et des go\u00fbts.<\/p>\n","protected":false},"featured_media":6105,"comment_status":"open","ping_status":"closed","template":"","meta":[],"product_brand":[],"product_cat":[706,583,31],"product_tag":[],"class_list":{"0":"post-4481","1":"product","2":"type-product","3":"status-publish","4":"has-post-thumbnail","6":"product_cat-foie-gras","7":"product_cat-sauces","8":"product_cat-epicerie","10":"first","11":"instock","12":"taxable","13":"shipping-taxable","14":"purchasable","15":"product-type-simple"},"jetpack_sharing_enabled":true,"_links":{"self":[{"href":"https:\/\/france-gastronomie.shop\/fr\/wp-json\/wp\/v2\/product\/4481","targetHints":{"allow":["GET"]}}],"collection":[{"href":"https:\/\/france-gastronomie.shop\/fr\/wp-json\/wp\/v2\/product"}],"about":[{"href":"https:\/\/france-gastronomie.shop\/fr\/wp-json\/wp\/v2\/types\/product"}],"replies":[{"embeddable":true,"href":"https:\/\/france-gastronomie.shop\/fr\/wp-json\/wp\/v2\/comments?post=4481"}],"wp:featuredmedia":[{"embeddable":true,"href":"https:\/\/france-gastronomie.shop\/fr\/wp-json\/wp\/v2\/media\/6105"}],"wp:attachment":[{"href":"https:\/\/france-gastronomie.shop\/fr\/wp-json\/wp\/v2\/media?parent=4481"}],"wp:term":[{"taxonomy":"product_brand","embeddable":true,"href":"https:\/\/france-gastronomie.shop\/fr\/wp-json\/wp\/v2\/product_brand?post=4481"},{"taxonomy":"product_cat","embeddable":true,"href":"https:\/\/france-gastronomie.shop\/fr\/wp-json\/wp\/v2\/product_cat?post=4481"},{"taxonomy":"product_tag","embeddable":true,"href":"https:\/\/france-gastronomie.shop\/fr\/wp-json\/wp\/v2\/product_tag?post=4481"}],"curies":[{"name":"wp","href":"https:\/\/api.w.org\/{rel}","templated":true}]}}