{"id":4146,"date":"2020-11-24T08:03:23","date_gmt":"2020-11-24T08:03:23","guid":{"rendered":"https:\/\/france-gastronomie.shop\/?post_type=product&#038;p=4146"},"modified":"2025-12-13T08:43:34","modified_gmt":"2025-12-13T08:43:34","slug":"gesiers-de-canard-confits","status":"publish","type":"product","link":"https:\/\/france-gastronomie.shop\/fr\/produit\/gesiers-de-canard-confits\/","title":{"rendered":"Confit de G\u00e9siers <br\/> de Canard"},"content":{"rendered":"<h5>Confit de G\u00e9siers de Canard<\/h5>\n<h5>Castaing Foie Gras<\/h5>\n<p>Pr\u00e9par\u00e9s selon la tradition avec de la graisse et du sel, nos confits vous surprendront par leur tendret\u00e9 et leur go\u00fbt d\u00e9licat.<br \/>\nLa qualit\u00e9 de la mati\u00e8re premi\u00e8re conf\u00e8re une excellente tenue de la viande \u00e0 la cuisson.<\/p>\n<p>Composition<br \/>\nG\u00e9siers de canard, graisse de canard, sel, poivre.<\/p>\n<p>Allerg\u00e8nes<br \/>\nAucun<\/p>\n<p>OGM<br \/>\nAucun<\/p>\n<p>D\u00e9signation<br \/>\nBocal environ 5 pi\u00e8ces<\/p>\n<p>Conditions de conservation<br \/>\nStockage dans un endroit frais et sec.<\/p>\n<p>Valeurs nutritionnelles<\/p>\n<table width=\"296\">\n<tbody>\n<tr>\n<td width=\"166\">Energie\/100g kJ<\/td>\n<td width=\"130\">2118<\/td>\n<\/tr>\n<tr>\n<td>Energie\/100g kcal<\/td>\n<td>506<\/td>\n<\/tr>\n<tr>\n<td>Matieres grasses<\/td>\n<td>50g<\/td>\n<\/tr>\n<tr>\n<td>dont acides gras satur\u00e9s<\/td>\n<td>17g<\/td>\n<\/tr>\n<tr>\n<td>Glucides<\/td>\n<td>&lt;0,5g<\/td>\n<\/tr>\n<tr>\n<td>dont sucres<\/td>\n<td>&lt;0,5g<\/td>\n<\/tr>\n<tr>\n<td>Proteines<\/td>\n<td>15g<\/td>\n<\/tr>\n<tr>\n<td>Sel<\/td>\n<td>2,2g<\/td>\n<\/tr>\n<\/tbody>\n<\/table>\n","protected":false},"excerpt":{"rendered":"<div class=\"woocommerce-product-details__short-description\">\n<h5>Castaing Foie Gras<\/h5>\n<p>CASTAING FOIE-GRAS utilise le meilleur canard \u00e0 foie gras, le canard MULARD \u00e0 souche dite lourde et \u00e0 croissance lente, \u00e9lev\u00e9 de fa\u00e7on traditionnelle en plein air avec une alimentation 100% naturelle dans des petites exploitations agricoles \u00e0 taille humaine.<br \/>\nNos \u00e9leveurs respectent scrupuleusement le cahier des charges du canard fermier \u00ab\u00a0Label Rouge \u2013 LANDES\u00a0\u00bb.<br \/>\nDans chaque pr\u00e9paration, nous transmettons le savoir-faire de nos a\u00een\u00e9s, enrichi par l\u2019\u00e9volution de la technologie et des go\u00fbts.<\/p>\n<\/div>\n","protected":false},"featured_media":8923,"comment_status":"open","ping_status":"closed","template":"","meta":[],"product_brand":[],"product_cat":[31],"product_tag":[],"class_list":{"0":"post-4146","1":"product","2":"type-product","3":"status-publish","4":"has-post-thumbnail","6":"product_cat-epicerie","8":"first","9":"instock","10":"taxable","11":"shipping-taxable","12":"purchasable","13":"product-type-simple"},"jetpack_sharing_enabled":true,"_links":{"self":[{"href":"https:\/\/france-gastronomie.shop\/fr\/wp-json\/wp\/v2\/product\/4146","targetHints":{"allow":["GET"]}}],"collection":[{"href":"https:\/\/france-gastronomie.shop\/fr\/wp-json\/wp\/v2\/product"}],"about":[{"href":"https:\/\/france-gastronomie.shop\/fr\/wp-json\/wp\/v2\/types\/product"}],"replies":[{"embeddable":true,"href":"https:\/\/france-gastronomie.shop\/fr\/wp-json\/wp\/v2\/comments?post=4146"}],"wp:featuredmedia":[{"embeddable":true,"href":"https:\/\/france-gastronomie.shop\/fr\/wp-json\/wp\/v2\/media\/8923"}],"wp:attachment":[{"href":"https:\/\/france-gastronomie.shop\/fr\/wp-json\/wp\/v2\/media?parent=4146"}],"wp:term":[{"taxonomy":"product_brand","embeddable":true,"href":"https:\/\/france-gastronomie.shop\/fr\/wp-json\/wp\/v2\/product_brand?post=4146"},{"taxonomy":"product_cat","embeddable":true,"href":"https:\/\/france-gastronomie.shop\/fr\/wp-json\/wp\/v2\/product_cat?post=4146"},{"taxonomy":"product_tag","embeddable":true,"href":"https:\/\/france-gastronomie.shop\/fr\/wp-json\/wp\/v2\/product_tag?post=4146"}],"curies":[{"name":"wp","href":"https:\/\/api.w.org\/{rel}","templated":true}]}}