{"id":4047,"date":"2020-11-20T08:00:28","date_gmt":"2020-11-20T08:00:28","guid":{"rendered":"https:\/\/france-gastronomie.shop\/?post_type=product&#038;p=4047"},"modified":"2026-02-04T13:47:03","modified_gmt":"2026-02-04T12:47:03","slug":"terrine-au-roquefort-bio","status":"publish","type":"product","link":"https:\/\/france-gastronomie.shop\/fr\/produit\/terrine-au-roquefort-bio\/","title":{"rendered":"Terrine <br\/> au Roquefort"},"content":{"rendered":"<h5>Terrine au Roquefort BIO<\/h5>\n<h5>ROGER VIDAL<\/h5>\n<p>Poids net<br \/>\n130 g<\/p>\n<p>Ingr\u00e9dients<br \/>\nFoie de porc*, gras de porc*, gorges de porc*, Roquefort 20%* (lait cru de brebis, sel, ferments lactiaues, pr\u00e9sure, penicilium roqueforti), \u0153ufs*, sel, poudre de lait entier*, poivre*.<br \/>\n*Produits issus de l\u2019agriculture biologique<\/p>\n<p>Conservation<br \/>\nA temp\u00e9rature ambiante, apr\u00e8s ouverture se conserve 2 jours au r\u00e9frig\u00e9rateur.<\/p>\n<p>OGM<br \/>\nNON<\/p>\n<p>All\u00e8rg\u00e8nes<br \/>\n\u0152ufs<\/p>\n<p>Valeurs nutritionnelles<\/p>\n<table width=\"218\">\n<tbody>\n<tr>\n<td width=\"108\">Energie (kcal)<\/td>\n<td width=\"110\">414<\/td>\n<\/tr>\n<tr>\n<td>Energie (kJ)<\/td>\n<td>1710<\/td>\n<\/tr>\n<tr>\n<td>Mati\u00e8res grasses<\/td>\n<td>39 g<\/td>\n<\/tr>\n<tr>\n<td>Acides gras satur\u00e9s<\/td>\n<td>15 g<\/td>\n<\/tr>\n<tr>\n<td>Glucides<\/td>\n<td>1,4 g<\/td>\n<\/tr>\n<tr>\n<td>Sucres<\/td>\n<td>&lt;0,5 g<\/td>\n<\/tr>\n<tr>\n<td>Prot\u00e9ines<\/td>\n<td>14 g<\/td>\n<\/tr>\n<tr>\n<td>Sel<\/td>\n<td>2,2 g<\/td>\n<\/tr>\n<\/tbody>\n<\/table>\n","protected":false},"excerpt":{"rendered":"<div class=\"woocommerce-product-details__short-description\">\n<h5>ROGER VIDAL<\/h5>\n<p>Roger Vidal est une entreprise familiale install\u00e9e dans le sud Aveyron.<br \/>\nRespectueuse d\u2019une fabrication \u00e0 l\u2019ancienne et mettant tout son savoir-faire dans l\u2019\u00e9laboration de ses p\u00e2t\u00e9s et terrines.<br \/>\nRoger Vidal fabrique des produits gourmets depuis plus de quarante ans!<\/p>\n<\/div>\n","protected":false},"featured_media":14138,"comment_status":"open","ping_status":"closed","template":"","meta":[],"product_brand":[],"product_cat":[573,31,252],"product_tag":[],"class_list":{"0":"post-4047","1":"product","2":"type-product","3":"status-publish","4":"has-post-thumbnail","6":"product_cat-terrines","7":"product_cat-epicerie","8":"product_cat-bio","10":"first","11":"instock","12":"taxable","13":"shipping-taxable","14":"purchasable","15":"product-type-simple"},"jetpack_sharing_enabled":true,"_links":{"self":[{"href":"https:\/\/france-gastronomie.shop\/fr\/wp-json\/wp\/v2\/product\/4047","targetHints":{"allow":["GET"]}}],"collection":[{"href":"https:\/\/france-gastronomie.shop\/fr\/wp-json\/wp\/v2\/product"}],"about":[{"href":"https:\/\/france-gastronomie.shop\/fr\/wp-json\/wp\/v2\/types\/product"}],"replies":[{"embeddable":true,"href":"https:\/\/france-gastronomie.shop\/fr\/wp-json\/wp\/v2\/comments?post=4047"}],"wp:featuredmedia":[{"embeddable":true,"href":"https:\/\/france-gastronomie.shop\/fr\/wp-json\/wp\/v2\/media\/14138"}],"wp:attachment":[{"href":"https:\/\/france-gastronomie.shop\/fr\/wp-json\/wp\/v2\/media?parent=4047"}],"wp:term":[{"taxonomy":"product_brand","embeddable":true,"href":"https:\/\/france-gastronomie.shop\/fr\/wp-json\/wp\/v2\/product_brand?post=4047"},{"taxonomy":"product_cat","embeddable":true,"href":"https:\/\/france-gastronomie.shop\/fr\/wp-json\/wp\/v2\/product_cat?post=4047"},{"taxonomy":"product_tag","embeddable":true,"href":"https:\/\/france-gastronomie.shop\/fr\/wp-json\/wp\/v2\/product_tag?post=4047"}],"curies":[{"name":"wp","href":"https:\/\/api.w.org\/{rel}","templated":true}]}}