{"id":4029,"date":"2020-11-20T07:36:34","date_gmt":"2020-11-20T07:36:34","guid":{"rendered":"https:\/\/france-gastronomie.shop\/?post_type=product&#038;p=4029"},"modified":"2026-02-04T13:48:27","modified_gmt":"2026-02-04T12:48:27","slug":"terrine-de-canard-aux-olives-bio","status":"publish","type":"product","link":"https:\/\/france-gastronomie.shop\/fr\/produit\/terrine-de-canard-aux-olives-bio\/","title":{"rendered":"Terrine de Canard <br\/> aux Olives"},"content":{"rendered":"<h5>Terrine de Canard aux Olives BIO<\/h5>\n<h5>ROGER VIDAL<\/h5>\n<p>Poids net<br \/>\n130 g<\/p>\n<p>Ingr\u00e9dients<br \/>\nViande de canard 25%*, Gorges de porc*, gras de porc*, foie de porc*, foie de volaille*, olives 5%*, \u0153ufs*, sel, poudre de lait entier *, poivre*.<br \/>\n* Produits issus de l\u2019agriculture biologique<\/p>\n<p>Conservation<br \/>\nA temp\u00e9rature ambiante, apr\u00e8s ouverture se conserve 2 jours au r\u00e9frig\u00e9rateur.<\/p>\n<p>OGM<br \/>\nNON<\/p>\n<p>All\u00e8rg\u00e8nes<br \/>\n\u0152ufs, lait<\/p>\n<p>Valeurs nutritionnelles<\/p>\n<table width=\"218\">\n<tbody>\n<tr>\n<td width=\"108\">Energie (kcal)<\/td>\n<td width=\"110\">328<\/td>\n<\/tr>\n<tr>\n<td>Energie (kJ)<\/td>\n<td>1354<\/td>\n<\/tr>\n<tr>\n<td>Mati\u00e8res grasses<\/td>\n<td>31 g<\/td>\n<\/tr>\n<tr>\n<td>Acides gras satur\u00e9s<\/td>\n<td>11 g<\/td>\n<\/tr>\n<tr>\n<td>Glucides<\/td>\n<td>0,8 g<\/td>\n<\/tr>\n<tr>\n<td>Sucres<\/td>\n<td>&lt; 0,5 g<\/td>\n<\/tr>\n<tr>\n<td>Prot\u00e9ines<\/td>\n<td>13 g<\/td>\n<\/tr>\n<tr>\n<td>Sel<\/td>\n<td>1,8 g<\/td>\n<\/tr>\n<\/tbody>\n<\/table>\n","protected":false},"excerpt":{"rendered":"<div class=\"woocommerce-product-details__short-description\">\n<h5>ROGER VIDAL<\/h5>\n<p>Roger Vidal est une entreprise familiale install\u00e9e dans le sud Aveyron.<br \/>\nRespectueuse d\u2019une fabrication \u00e0 l\u2019ancienne et mettant tout son savoir-faire dans l\u2019\u00e9laboration de ses p\u00e2t\u00e9s et terrines.<br \/>\nRoger Vidal fabrique des produits gourmets depuis plus de quarante ans!<\/p>\n<\/div>\n","protected":false},"featured_media":14148,"comment_status":"open","ping_status":"closed","template":"","meta":[],"product_brand":[],"product_cat":[573,31,252],"product_tag":[],"class_list":{"0":"post-4029","1":"product","2":"type-product","3":"status-publish","4":"has-post-thumbnail","6":"product_cat-terrines","7":"product_cat-epicerie","8":"product_cat-bio","10":"first","11":"instock","12":"taxable","13":"shipping-taxable","14":"purchasable","15":"product-type-simple"},"jetpack_sharing_enabled":true,"_links":{"self":[{"href":"https:\/\/france-gastronomie.shop\/fr\/wp-json\/wp\/v2\/product\/4029","targetHints":{"allow":["GET"]}}],"collection":[{"href":"https:\/\/france-gastronomie.shop\/fr\/wp-json\/wp\/v2\/product"}],"about":[{"href":"https:\/\/france-gastronomie.shop\/fr\/wp-json\/wp\/v2\/types\/product"}],"replies":[{"embeddable":true,"href":"https:\/\/france-gastronomie.shop\/fr\/wp-json\/wp\/v2\/comments?post=4029"}],"wp:featuredmedia":[{"embeddable":true,"href":"https:\/\/france-gastronomie.shop\/fr\/wp-json\/wp\/v2\/media\/14148"}],"wp:attachment":[{"href":"https:\/\/france-gastronomie.shop\/fr\/wp-json\/wp\/v2\/media?parent=4029"}],"wp:term":[{"taxonomy":"product_brand","embeddable":true,"href":"https:\/\/france-gastronomie.shop\/fr\/wp-json\/wp\/v2\/product_brand?post=4029"},{"taxonomy":"product_cat","embeddable":true,"href":"https:\/\/france-gastronomie.shop\/fr\/wp-json\/wp\/v2\/product_cat?post=4029"},{"taxonomy":"product_tag","embeddable":true,"href":"https:\/\/france-gastronomie.shop\/fr\/wp-json\/wp\/v2\/product_tag?post=4029"}],"curies":[{"name":"wp","href":"https:\/\/api.w.org\/{rel}","templated":true}]}}