{"id":3978,"date":"2020-11-18T10:37:55","date_gmt":"2020-11-18T10:37:55","guid":{"rendered":"https:\/\/france-gastronomie.shop\/?post_type=product&#038;p=3978"},"modified":"2024-11-11T10:33:36","modified_gmt":"2024-11-11T10:33:36","slug":"peches-au-sirop","status":"publish","type":"product","link":"https:\/\/france-gastronomie.shop\/fr\/produit\/peches-au-sirop\/","title":{"rendered":"P\u00eaches <br\/>  au sirop"},"content":{"rendered":"<h5>P\u00eaches au sirop BIO<\/h5>\n<h5>BIOLOKLOCK<\/h5>\n<p>Nos p\u00eaches au sirop sont coup\u00e9es \u00e0 la main et mises dans un sirop l\u00e9ger qui permet de conserver leur bon go\u00fbt et leur texture.<br \/>\nElles sont id\u00e9ales en p\u00e2tisserie ou en salade de fruits.<\/p>\n<p>Nos p\u00eaches au sirop, 100% fran\u00e7aises, sont divis\u00e9es en quartiers et conditionn\u00e9es dans un bocal en verre recyclable de 350g.<br \/>\nCe produit est id\u00e9al pour agr\u00e9menter vos cr\u00e9ations culinaires en dehors des saisons fruiti\u00e8res. Les salades de fruits, p\u00e2tisseries diverses, smoothies, recettes sal\u00e9es n\u2019en seront que plus vari\u00e9s et plus savoureux.<br \/>\nTous nos fruits au sirop sont pr\u00e9par\u00e9s artisanalement, \u00e0 l\u2019ancienne (la mise en pot s\u2019effectue \u00e0 la main), en petites quantit\u00e9s, par des passionn\u00e9s du BIO, du respect de l\u2019environnement et de la sant\u00e9; un h\u00e9ritage familial transmis de g\u00e9n\u00e9ration en g\u00e9n\u00e9ration avec une profonde conviction.<\/p>\n<p>Bienfaits<br \/>\nNos p\u00eaches au sirop BIO 100% fran\u00e7aises vous offrent g\u00e9n\u00e9reusement leur douce saveur ensoleill\u00e9e.<br \/>\nLa p\u00eache regorge de vitamines, de fibres, d\u2019antioxydants, de min\u00e9raux\u2026<br \/>\n(Ces vertus que l&rsquo;on attribue \u00e0 chacun de ces fruits sont reconnues depuis des g\u00e9n\u00e9rations mais ne sauraient se substituer \u00e0 un traitement prescrit par un professionnel de la sant\u00e9.)<br \/>\nIl para\u00eet que la p\u00eache \u00e9tait un des fruits pr\u00e9f\u00e9r\u00e9s du roi Louis XIV. Ses jardins fruitiers, \u00e0 Versailles, comptaient 33 vari\u00e9t\u00e9s diff\u00e9rentes de p\u00eachers.<\/p>\n<p>Composition<br \/>\nP\u00eaches*, sucre de canne blond \u00e9quitable*, eau. *Ingr\u00e9dients issus de l\u2019agriculture biologique.<br \/>\nAucun autre rajout d\u2019aucune sorte.<\/p>\n<p>Conservation<br \/>\nA conserver au frais apr\u00e8s ouverture.<\/p>\n<p>Valeurs nutritionnelles<\/p>\n<table width=\"231\">\n<tbody>\n<tr>\n<td width=\"151\">Energie (kcal)<\/td>\n<td width=\"80\">70,4<\/td>\n<\/tr>\n<tr>\n<td>Energie (kJ)<\/td>\n<td>299<\/td>\n<\/tr>\n<tr>\n<td>Mati\u00e8res grasses<\/td>\n<td>0g<\/td>\n<\/tr>\n<tr>\n<td>dont acides gras satur\u00e9s<\/td>\n<td>0g<\/td>\n<\/tr>\n<tr>\n<td>Glucides<\/td>\n<td>17g<\/td>\n<\/tr>\n<tr>\n<td>dont sucres<\/td>\n<td>16,9g<\/td>\n<\/tr>\n<tr>\n<td>Fibres alimentaires<\/td>\n<td>0,2g<\/td>\n<\/tr>\n<tr>\n<td>Prot\u00e9ines<\/td>\n<td>0,2g<\/td>\n<\/tr>\n<tr>\n<td>Sel<\/td>\n<td>0g<\/td>\n<\/tr>\n<\/tbody>\n<\/table>\n","protected":false},"excerpt":{"rendered":"<h5>BIOLOKLOCK<\/h5>\n<p>Bioloklock est une entreprise artisanale qui est le fruit d&rsquo;un tr\u00e8s long engagement familial dans l&rsquo;agriculture biologique depuis le d\u00e9but des ann\u00e9es 1960.<\/p>\n","protected":false},"featured_media":3979,"comment_status":"open","ping_status":"closed","template":"","meta":[],"product_brand":[],"product_cat":[574,31,252],"product_tag":[],"class_list":{"0":"post-3978","1":"product","2":"type-product","3":"status-publish","4":"has-post-thumbnail","6":"product_cat-confitures","7":"product_cat-epicerie","8":"product_cat-bio","10":"first","11":"outofstock","12":"taxable","13":"shipping-taxable","14":"purchasable","15":"product-type-simple"},"jetpack_sharing_enabled":true,"_links":{"self":[{"href":"https:\/\/france-gastronomie.shop\/fr\/wp-json\/wp\/v2\/product\/3978","targetHints":{"allow":["GET"]}}],"collection":[{"href":"https:\/\/france-gastronomie.shop\/fr\/wp-json\/wp\/v2\/product"}],"about":[{"href":"https:\/\/france-gastronomie.shop\/fr\/wp-json\/wp\/v2\/types\/product"}],"replies":[{"embeddable":true,"href":"https:\/\/france-gastronomie.shop\/fr\/wp-json\/wp\/v2\/comments?post=3978"}],"wp:featuredmedia":[{"embeddable":true,"href":"https:\/\/france-gastronomie.shop\/fr\/wp-json\/wp\/v2\/media\/3979"}],"wp:attachment":[{"href":"https:\/\/france-gastronomie.shop\/fr\/wp-json\/wp\/v2\/media?parent=3978"}],"wp:term":[{"taxonomy":"product_brand","embeddable":true,"href":"https:\/\/france-gastronomie.shop\/fr\/wp-json\/wp\/v2\/product_brand?post=3978"},{"taxonomy":"product_cat","embeddable":true,"href":"https:\/\/france-gastronomie.shop\/fr\/wp-json\/wp\/v2\/product_cat?post=3978"},{"taxonomy":"product_tag","embeddable":true,"href":"https:\/\/france-gastronomie.shop\/fr\/wp-json\/wp\/v2\/product_tag?post=3978"}],"curies":[{"name":"wp","href":"https:\/\/api.w.org\/{rel}","templated":true}]}}