{"id":3747,"date":"2020-11-12T07:25:33","date_gmt":"2020-11-12T07:25:33","guid":{"rendered":"https:\/\/france-gastronomie.shop\/?post_type=product&#038;p=3747"},"modified":"2024-10-31T09:43:22","modified_gmt":"2024-10-31T09:43:22","slug":"pommard-1er-cruclos-des-epenots","status":"publish","type":"product","link":"https:\/\/france-gastronomie.shop\/fr\/produit\/pommard-1er-cruclos-des-epenots\/","title":{"rendered":"Pommard 1er Cru <br\/> Clos des Epenots"},"content":{"rendered":"<h5>AOC Pommard 1er Cru &#8211; Clos des Epenots<\/h5>\n<h5>R\u00e9colte du Domaine Ch\u00e2teau de Meursault<\/h5>\n<p>CLIMAT<br \/>\nGr\u00e2ce \u00e0 son sol ferrugineux profond, ce magnifique terroir donne des raisins de grande qualit\u00e9 alliant une belle finesse aromatique et une bouche de caract\u00e8re digne des plus grands vins.<br \/>\nNom du climat: Clos des Epenots (Les Petits Epenots)<br \/>\nSuperficie exploit\u00e9e par le domaine: 3.6 hectares<br \/>\nC\u00e9page: 100% Pinot Noir<br \/>\nSol: terre rouge ferrugineuse et graveleuse situ\u00e9e sur d\u2019anciennes alluvions<br \/>\nExposition: Est &#8211; Sud\/Est<br \/>\nLocalisation: pied de coteau en l\u00e9g\u00e8re pente<\/p>\n<p>VINIFICATION ET ELEVAGE<br \/>\nVendange: manuelle suivi d\u2019un tri manuel et d\u2019un tri optique des raisins<br \/>\nVinification: apr\u00e8s \u00e9raflage des grappes, les baies les plus m\u00fbres et saines sont mises en cuve pendant 15 \u00e0 18 jours<br \/>\npour la mac\u00e9ration pr\u00e9fermentaire \u00e0 froid puis pendant 5 \u00e0 6 jours pour la fermentation alcoolique.<br \/>\nCes \u00e9tapes peuvent \u00eatre ponctu\u00e9es de plusieurs pigeages et remontages<br \/>\nElevage: en f\u00fbts neufs (30%) et en f\u00fbts de un \u00e0 deux vins, pr\u00e9c\u00e9d\u00e9 d\u2019un pressurage pneumatique avec s\u00e9paration des jus<br \/>\nDur\u00e9e de l\u2019\u00e9levage: 15 \u00e0 18 mois<\/p>\n<p>Mis en bouteille au Ch\u00e2teau de Meursault<\/p>\n<p>DEGUSTATION<br \/>\nLe nez offre un beau bouquet aromatique marqu\u00e9 par des ar\u00f4mes de petits fruits noirs et d\u2019\u00e9pices.<br \/>\nLa bouche est dense, complexe et structur\u00e9e m\u00ealant des notes de fruits noirs et des tanins soyeux.<br \/>\nTemp\u00e9rature de service entre 15\u00b0 et 17\u00b0C<br \/>\n\u00c0 consommer d\u00e8s \u00e0 pr\u00e9sent et jusqu\u2019\u00e0 15 ans<\/p>\n<p>Accords Mets &amp; Vins: viandes rouges, fromages<\/p>\n","protected":false},"excerpt":{"rendered":"<h5>AOC Pommard 1er Cru &#8211; Clos des Epenots<\/h5>\n<h5>R\u00e9colte du Domaine Ch\u00e2teau de Meursault<\/h5>\n<p>Le Ch\u00e2teau de Meursault est situ\u00e9 au c\u0153ur de la Bourgogne, en C\u00f4te de Beaune sur la prestigieuse appellation Meursault, r\u00e9f\u00e9rence mondiale des grands vins blancs. Entrer au Ch\u00e2teau de Meursault, c\u2019est p\u00e9n\u00e9trer dans un domaine viticole mythique de la Bourgogne, un lieu charg\u00e9 d\u2019histoire o\u00f9 l\u2019on d\u00e9guste les crus de la C\u00f4te de Beaune dans un lieu \u00e0 l\u2019architecture unique.<\/p>\n<p>C\u00e9page: 100% Pinot Noir<\/p>\n","protected":false},"featured_media":12317,"comment_status":"open","ping_status":"closed","template":"","meta":[],"product_brand":[],"product_cat":[85,251,242,245,290,250,29],"product_tag":[],"class_list":{"0":"post-3747","1":"product","2":"type-product","3":"status-publish","4":"has-post-thumbnail","6":"product_cat-vins","7":"product_cat-grands-vins","8":"product_cat-regions","9":"product_cat-bourgogne","10":"product_cat-pommard","11":"product_cat-couleur","12":"product_cat-vin-rouge","14":"first","15":"outofstock","16":"taxable","17":"shipping-taxable","18":"purchasable","19":"product-type-simple"},"jetpack_sharing_enabled":true,"_links":{"self":[{"href":"https:\/\/france-gastronomie.shop\/fr\/wp-json\/wp\/v2\/product\/3747","targetHints":{"allow":["GET"]}}],"collection":[{"href":"https:\/\/france-gastronomie.shop\/fr\/wp-json\/wp\/v2\/product"}],"about":[{"href":"https:\/\/france-gastronomie.shop\/fr\/wp-json\/wp\/v2\/types\/product"}],"replies":[{"embeddable":true,"href":"https:\/\/france-gastronomie.shop\/fr\/wp-json\/wp\/v2\/comments?post=3747"}],"wp:featuredmedia":[{"embeddable":true,"href":"https:\/\/france-gastronomie.shop\/fr\/wp-json\/wp\/v2\/media\/12317"}],"wp:attachment":[{"href":"https:\/\/france-gastronomie.shop\/fr\/wp-json\/wp\/v2\/media?parent=3747"}],"wp:term":[{"taxonomy":"product_brand","embeddable":true,"href":"https:\/\/france-gastronomie.shop\/fr\/wp-json\/wp\/v2\/product_brand?post=3747"},{"taxonomy":"product_cat","embeddable":true,"href":"https:\/\/france-gastronomie.shop\/fr\/wp-json\/wp\/v2\/product_cat?post=3747"},{"taxonomy":"product_tag","embeddable":true,"href":"https:\/\/france-gastronomie.shop\/fr\/wp-json\/wp\/v2\/product_tag?post=3747"}],"curies":[{"name":"wp","href":"https:\/\/api.w.org\/{rel}","templated":true}]}}