{"id":3705,"date":"2020-11-11T10:43:24","date_gmt":"2020-11-11T10:43:24","guid":{"rendered":"https:\/\/france-gastronomie.shop\/?post_type=product&#038;p=3705"},"modified":"2024-10-31T09:43:21","modified_gmt":"2024-10-31T09:43:21","slug":"beaune-rouge","status":"publish","type":"product","link":"https:\/\/france-gastronomie.shop\/fr\/produit\/beaune-rouge\/","title":{"rendered":"Beaune Rouge <br\/> Ch. de Meursault"},"content":{"rendered":"<h5>AOC Beaune Rouge<\/h5>\n<h5>R\u00e9colte du Domaine Ch\u00e2teau de Meursault<\/h5>\n<p>CLIMAT<br \/>\nNom du climat: Les Beaux Fougets, Les Pr\u00e9voles, Blanche Fleur<br \/>\nSuperficie exploit\u00e9e par le domaine: 1.1 hectares<br \/>\nC\u00e9page: 100% Pinot Noir<br \/>\nSol: argilo-calcaire caillouteux et sec (Blanche Fleur) et argilo-limoneux profond (Pr\u00e9voles et Beaux Fougets).<br \/>\nExposition: Sud<br \/>\nLocalisation: bas de coteau<\/p>\n<p>VINIFICATION ET ELEVAGE<br \/>\nVendange: manuelle suivie d\u2019un tri manuel et d\u2019un tri optique des raisins<br \/>\nVinification: apr\u00e8s \u00e9raflage des grappes, les baies les plus m\u00fbres et saines sont mises en cuve pendant 15 \u00e0 18 jours<br \/>\npour la mac\u00e9ration pr\u00e9fermentaire \u00e0 froid puis pendant 5 \u00e0 6 jours pour la fermentation alcoolique. Ces \u00e9tapes peuvent \u00eatre ponctu\u00e9es de plusieurs pigeages et remontages<br \/>\nElevage: en f\u00fbts neufs (33%) et en f\u00fbts de un \u00e0 deux vins, pr\u00e9c\u00e9d\u00e9 d\u2019un pressurage pneumatique avec s\u00e9paration des jus<br \/>\nDur\u00e9e de l\u2019\u00e9levage: 15 mois<\/p>\n<p>Mis en bouteille au Ch\u00e2teau de Meursault<\/p>\n<p>DEGUSTATION<br \/>\nLe nez porte sur des notes grill\u00e9es et \u00e9pic\u00e9es. La bouche r\u00e9v\u00e8le un vin aux fruits bien croquants et aux tanins souples.<br \/>\nTemp\u00e9rature de service entre 15\u00b0 et 17\u00b0C<br \/>\n\u00c0 consommer d\u00e8s \u00e0 pr\u00e9sent et jusqu\u2019\u00e0 7 ans<\/p>\n<p>Accords Mets &amp; Vins: volailles, viandes rouges<\/p>\n","protected":false},"excerpt":{"rendered":"<h5>AOC Beaune Rouge<\/h5>\n<h5>R\u00e9colte du Domaine Ch\u00e2teau de Meursault<\/h5>\n<p>Le Ch\u00e2teau de Meursault est situ\u00e9 au c\u0153ur de la Bourgogne, en C\u00f4te de Beaune sur la prestigieuse appellation Meursault, r\u00e9f\u00e9rence mondiale des grands vins blancs. Entrer au Ch\u00e2teau de Meursault, c\u2019est p\u00e9n\u00e9trer dans un domaine viticole mythique de la Bourgogne, un lieu charg\u00e9 d\u2019histoire o\u00f9 l\u2019on d\u00e9guste les crus de la C\u00f4te de Beaune dans un lieu \u00e0 l\u2019architecture unique.<\/p>\n<p>C\u00e9page: 100% Pinot Noir<\/p>\n","protected":false},"featured_media":12287,"comment_status":"open","ping_status":"closed","template":"","meta":[],"product_brand":[],"product_cat":[85,251,242,245,291,250,29],"product_tag":[],"class_list":{"0":"post-3705","1":"product","2":"type-product","3":"status-publish","4":"has-post-thumbnail","6":"product_cat-vins","7":"product_cat-grands-vins","8":"product_cat-regions","9":"product_cat-bourgogne","10":"product_cat-beaune","11":"product_cat-couleur","12":"product_cat-vin-rouge","14":"first","15":"instock","16":"taxable","17":"shipping-taxable","18":"purchasable","19":"product-type-simple"},"jetpack_sharing_enabled":true,"_links":{"self":[{"href":"https:\/\/france-gastronomie.shop\/fr\/wp-json\/wp\/v2\/product\/3705","targetHints":{"allow":["GET"]}}],"collection":[{"href":"https:\/\/france-gastronomie.shop\/fr\/wp-json\/wp\/v2\/product"}],"about":[{"href":"https:\/\/france-gastronomie.shop\/fr\/wp-json\/wp\/v2\/types\/product"}],"replies":[{"embeddable":true,"href":"https:\/\/france-gastronomie.shop\/fr\/wp-json\/wp\/v2\/comments?post=3705"}],"wp:featuredmedia":[{"embeddable":true,"href":"https:\/\/france-gastronomie.shop\/fr\/wp-json\/wp\/v2\/media\/12287"}],"wp:attachment":[{"href":"https:\/\/france-gastronomie.shop\/fr\/wp-json\/wp\/v2\/media?parent=3705"}],"wp:term":[{"taxonomy":"product_brand","embeddable":true,"href":"https:\/\/france-gastronomie.shop\/fr\/wp-json\/wp\/v2\/product_brand?post=3705"},{"taxonomy":"product_cat","embeddable":true,"href":"https:\/\/france-gastronomie.shop\/fr\/wp-json\/wp\/v2\/product_cat?post=3705"},{"taxonomy":"product_tag","embeddable":true,"href":"https:\/\/france-gastronomie.shop\/fr\/wp-json\/wp\/v2\/product_tag?post=3705"}],"curies":[{"name":"wp","href":"https:\/\/api.w.org\/{rel}","templated":true}]}}